{"id":25545,"date":"2025-01-27T12:34:13","date_gmt":"2025-01-27T12:34:13","guid":{"rendered":"https:\/\/staging2.stylingagenten.com\/sv\/produkt\/marc-jacobs-daisy-love-eau-so-sweet-edt-20ml\/"},"modified":"2025-11-18T15:17:37","modified_gmt":"2025-11-18T15:17:37","slug":"marc-jacobs-daisy-love-eau-so-sweet-edt-20ml","status":"publish","type":"product","link":"https:\/\/stylingagenten.com\/sv\/produkt\/marc-jacobs-daisy-love-eau-so-sweet-edt-20ml\/","title":{"rendered":"Marc Jacobs Daisy Love Eau So Sweet Edt 20ml"},"content":{"rendered":"<p>Med en perfekt s\u00f6thet och ov\u00e4ntad fr\u00e4schhet f\u00e5ngar Marc Jacobs Daisy Love Eau So Sweet den beroendeframkallande och oemotst\u00e5ndliga andan av Daisy Love.<br \/>Mousserande vita hallon avsl\u00f6jar en personlighet med lyster och en mjuk blommig luftighet med delikat mysk.<br \/>Denna fr\u00e4scha gourmanddoft skapar en lockande atmosf\u00e4r som verkligen omfattar dess namn.<br \/>Toppnoter: fruktig topp med vita hallon<br \/>Hj\u00e4rtnoter: Blommigt hj\u00e4rta med tusensk\u00f6na<br \/>Basnoter: Feminin bas av sockermysk<\/p>\n","protected":false},"excerpt":{"rendered":"<p>Med en perfekt s\u00f6thet och ov\u00e4ntad fr\u00e4schhet f\u00e5ngar Marc Jacobs Daisy Love Eau So Sweet den beroendeframkallande och oemotst\u00e5ndliga andan av Daisy Love.Mousserande vita hallon avsl\u00f6jar en personlighet med lyster och en mjuk blommig luftighet med delikat mysk.Denna fr\u00e4scha gourmanddoft skapar en lockande atmosf\u00e4r som verkligen omfattar dess namn.Toppnoter: fruktig topp med vita hallonHj\u00e4rtnoter: Blommigt [&hellip;]<\/p>\n","protected":false},"featured_media":25544,"comment_status":"open","ping_status":"closed","template":"","meta":{"_trash_the_other_posts":false},"product_brand":[],"product_cat":[707,959],"product_tag":[3491],"berocket_brand":[1069],"class_list":{"0":"post-25545","1":"product","2":"type-product","3":"status-publish","4":"has-post-thumbnail","6":"product_cat-eau-de-toilette-dam","7":"product_cat-marc-jacobs-daisy","8":"product_tag-marc-jacobs-daisy-love-eau-so-sweet-edt","9":"pa_brand-marc-jacobs","10":"pa_variant-20ml","11":"berocket_brand-marc-jacobs","13":"first","14":"outofstock","15":"sale","16":"taxable","17":"shipping-taxable","18":"purchasable","19":"product-type-simple"},"_links":{"self":[{"href":"https:\/\/stylingagenten.com\/sv\/wp-json\/wp\/v2\/product\/25545","targetHints":{"allow":["GET"]}}],"collection":[{"href":"https:\/\/stylingagenten.com\/sv\/wp-json\/wp\/v2\/product"}],"about":[{"href":"https:\/\/stylingagenten.com\/sv\/wp-json\/wp\/v2\/types\/product"}],"replies":[{"embeddable":true,"href":"https:\/\/stylingagenten.com\/sv\/wp-json\/wp\/v2\/comments?post=25545"}],"version-history":[{"count":0,"href":"https:\/\/stylingagenten.com\/sv\/wp-json\/wp\/v2\/product\/25545\/revisions"}],"wp:featuredmedia":[{"embeddable":true,"href":"https:\/\/stylingagenten.com\/sv\/wp-json\/wp\/v2\/media\/25544"}],"wp:attachment":[{"href":"https:\/\/stylingagenten.com\/sv\/wp-json\/wp\/v2\/media?parent=25545"}],"wp:term":[{"taxonomy":"product_brand","embeddable":true,"href":"https:\/\/stylingagenten.com\/sv\/wp-json\/wp\/v2\/product_brand?post=25545"},{"taxonomy":"product_cat","embeddable":true,"href":"https:\/\/stylingagenten.com\/sv\/wp-json\/wp\/v2\/product_cat?post=25545"},{"taxonomy":"product_tag","embeddable":true,"href":"https:\/\/stylingagenten.com\/sv\/wp-json\/wp\/v2\/product_tag?post=25545"},{"taxonomy":"berocket_brand","embeddable":true,"href":"https:\/\/stylingagenten.com\/sv\/wp-json\/wp\/v2\/berocket_brand?post=25545"}],"curies":[{"name":"wp","href":"https:\/\/api.w.org\/{rel}","templated":true}]}}