{"id":25539,"date":"2025-01-27T12:34:12","date_gmt":"2025-01-27T12:34:12","guid":{"rendered":"https:\/\/staging2.stylingagenten.com\/sv\/produkt\/dolce-gabbana-light-blue-forever-edp-50ml\/"},"modified":"2026-04-06T22:28:25","modified_gmt":"2026-04-06T22:28:25","slug":"dolce-gabbana-light-blue-forever-edp-50ml","status":"publish","type":"product","link":"https:\/\/stylingagenten.com\/sv\/produkt\/dolce-gabbana-light-blue-forever-edp-50ml\/","title":{"rendered":"Dolce &amp; Gabbana Light Blue Forever Edp 50ml"},"content":{"rendered":"<p>Dolce &amp; Gabbana f\u00e5ngar andan av evig k\u00e4rlek med en ny, oemotst\u00e5ndligt limited edition inom den ikoniska doftlinjen Light Blue. G\u00f6r dig redo f\u00f6r sommarens doft f\u00f6r henne, Light Blue Forever Pour Femme. En sensuell eau de parfum som hyllar sann k\u00e4rlek i alla dess former, en italiensk k\u00e4rlekshistoria som utspelar sig p\u00e5 ett soldr\u00e4nkt Capri.<br \/>Toppnoter: Citrus, Granny Smith-\u00e4pple<br \/>Hj\u00e4rtnoter: Apelsinblomma, Vita blommor<br \/>Basnoter: Cashmeran, cedertr\u00e4, Mysk<\/p>\n","protected":false},"excerpt":{"rendered":"<p>Dolce &amp; Gabbana f\u00e5ngar andan av evig k\u00e4rlek med en ny, oemotst\u00e5ndligt limited edition inom den ikoniska doftlinjen Light Blue. G\u00f6r dig redo f\u00f6r sommarens doft f\u00f6r henne, Light Blue Forever Pour Femme. En sensuell eau de parfum som hyllar sann k\u00e4rlek i alla dess former, en italiensk k\u00e4rlekshistoria som utspelar sig p\u00e5 ett soldr\u00e4nkt [&hellip;]<\/p>\n","protected":false},"featured_media":25538,"comment_status":"open","ping_status":"closed","template":"","meta":{"_trash_the_other_posts":false},"product_brand":[],"product_cat":[832,706,735,999],"product_tag":[2861],"berocket_brand":[1292],"class_list":{"0":"post-25539","1":"product","2":"type-product","3":"status-publish","4":"has-post-thumbnail","6":"product_cat-dolce-gabbana-light-blue-women","7":"product_cat-eau-de-parfum-dam","8":"product_cat-kampanj","9":"product_cat-kampanj-for-henne","10":"product_tag-dolce-gabbana-light-blue-forever-edp","11":"pa_brand-dolce-gabbana","12":"pa_variant-50ml","13":"berocket_brand-dolce-gabbana","15":"first","16":"outofstock","17":"sale","18":"taxable","19":"shipping-taxable","20":"purchasable","21":"product-type-simple"},"_links":{"self":[{"href":"https:\/\/stylingagenten.com\/sv\/wp-json\/wp\/v2\/product\/25539","targetHints":{"allow":["GET"]}}],"collection":[{"href":"https:\/\/stylingagenten.com\/sv\/wp-json\/wp\/v2\/product"}],"about":[{"href":"https:\/\/stylingagenten.com\/sv\/wp-json\/wp\/v2\/types\/product"}],"replies":[{"embeddable":true,"href":"https:\/\/stylingagenten.com\/sv\/wp-json\/wp\/v2\/comments?post=25539"}],"version-history":[{"count":0,"href":"https:\/\/stylingagenten.com\/sv\/wp-json\/wp\/v2\/product\/25539\/revisions"}],"wp:featuredmedia":[{"embeddable":true,"href":"https:\/\/stylingagenten.com\/sv\/wp-json\/wp\/v2\/media\/25538"}],"wp:attachment":[{"href":"https:\/\/stylingagenten.com\/sv\/wp-json\/wp\/v2\/media?parent=25539"}],"wp:term":[{"taxonomy":"product_brand","embeddable":true,"href":"https:\/\/stylingagenten.com\/sv\/wp-json\/wp\/v2\/product_brand?post=25539"},{"taxonomy":"product_cat","embeddable":true,"href":"https:\/\/stylingagenten.com\/sv\/wp-json\/wp\/v2\/product_cat?post=25539"},{"taxonomy":"product_tag","embeddable":true,"href":"https:\/\/stylingagenten.com\/sv\/wp-json\/wp\/v2\/product_tag?post=25539"},{"taxonomy":"berocket_brand","embeddable":true,"href":"https:\/\/stylingagenten.com\/sv\/wp-json\/wp\/v2\/berocket_brand?post=25539"}],"curies":[{"name":"wp","href":"https:\/\/api.w.org\/{rel}","templated":true}]}}