{"id":25453,"date":"2025-01-27T12:33:52","date_gmt":"2025-01-27T12:33:52","guid":{"rendered":"https:\/\/staging2.stylingagenten.com\/sv\/produkt\/david-beckham-classic-blue-edt-90ml\/"},"modified":"2025-11-18T14:03:49","modified_gmt":"2025-11-18T14:03:49","slug":"david-beckham-classic-blue-edt-90ml","status":"publish","type":"product","link":"https:\/\/stylingagenten.com\/sv\/produkt\/david-beckham-classic-blue-edt-90ml\/","title":{"rendered":"David Beckham Classic Blue Edt 90ml"},"content":{"rendered":"<p>David Beckham Classic Blue \u00e4r en elegant och fr\u00e4sch parfym som passar den maskulina mannen som \u00e4lskar det klassiska. &nbsp;Denna doft ger ett uttryck f\u00f6r elegant och fr\u00e4sch manlighet.<\/p>\n<p><strong>Doftnoter:&nbsp;<\/strong>Ananas, Grapefrukt, Violblad, \u00c4pple, Pelargon, Salvia, Kashmir, Patchouli &amp; Mossa.<\/p>\n","protected":false},"excerpt":{"rendered":"<p>David Beckham Classic Blue \u00e4r en elegant och fr\u00e4sch parfym som passar den maskulina mannen som \u00e4lskar det klassiska. &nbsp;Denna doft ger ett uttryck f\u00f6r elegant och fr\u00e4sch manlighet. Doftnoter:&nbsp;Ananas, Grapefrukt, Violblad, \u00c4pple, Pelargon, Salvia, Kashmir, Patchouli &amp; Mossa.<\/p>\n","protected":false},"featured_media":25441,"comment_status":"open","ping_status":"closed","template":"","meta":{"_trash_the_other_posts":false},"product_brand":[],"product_cat":[709],"product_tag":[2790],"berocket_brand":[1281],"class_list":{"0":"post-25453","1":"product","2":"type-product","3":"status-publish","4":"has-post-thumbnail","6":"product_cat-eau-de-toilette-herr","7":"product_tag-david-beckham-classic-blue-edt","8":"pa_brand-david-beckham","9":"pa_variant-90ml","10":"berocket_brand-david-beckham","12":"first","13":"outofstock","14":"sale","15":"taxable","16":"shipping-taxable","17":"purchasable","18":"product-type-simple"},"_links":{"self":[{"href":"https:\/\/stylingagenten.com\/sv\/wp-json\/wp\/v2\/product\/25453","targetHints":{"allow":["GET"]}}],"collection":[{"href":"https:\/\/stylingagenten.com\/sv\/wp-json\/wp\/v2\/product"}],"about":[{"href":"https:\/\/stylingagenten.com\/sv\/wp-json\/wp\/v2\/types\/product"}],"replies":[{"embeddable":true,"href":"https:\/\/stylingagenten.com\/sv\/wp-json\/wp\/v2\/comments?post=25453"}],"version-history":[{"count":0,"href":"https:\/\/stylingagenten.com\/sv\/wp-json\/wp\/v2\/product\/25453\/revisions"}],"wp:featuredmedia":[{"embeddable":true,"href":"https:\/\/stylingagenten.com\/sv\/wp-json\/wp\/v2\/media\/25441"}],"wp:attachment":[{"href":"https:\/\/stylingagenten.com\/sv\/wp-json\/wp\/v2\/media?parent=25453"}],"wp:term":[{"taxonomy":"product_brand","embeddable":true,"href":"https:\/\/stylingagenten.com\/sv\/wp-json\/wp\/v2\/product_brand?post=25453"},{"taxonomy":"product_cat","embeddable":true,"href":"https:\/\/stylingagenten.com\/sv\/wp-json\/wp\/v2\/product_cat?post=25453"},{"taxonomy":"product_tag","embeddable":true,"href":"https:\/\/stylingagenten.com\/sv\/wp-json\/wp\/v2\/product_tag?post=25453"},{"taxonomy":"berocket_brand","embeddable":true,"href":"https:\/\/stylingagenten.com\/sv\/wp-json\/wp\/v2\/berocket_brand?post=25453"}],"curies":[{"name":"wp","href":"https:\/\/api.w.org\/{rel}","templated":true}]}}