{"id":25439,"date":"2025-01-27T12:33:50","date_gmt":"2025-01-27T12:33:50","guid":{"rendered":"https:\/\/staging2.stylingagenten.com\/sv\/produkt\/david-beckham-classic-edt-40ml\/"},"modified":"2026-03-26T18:23:39","modified_gmt":"2026-03-26T18:23:39","slug":"david-beckham-classic-edt-40ml","status":"publish","type":"product","link":"https:\/\/stylingagenten.com\/sv\/produkt\/david-beckham-classic-edt-40ml\/","title":{"rendered":"David Beckham Classic Edt 40ml"},"content":{"rendered":"<p>David Beckham Classic \u00e4r en fr\u00e4sch och maskulin doft som f\u00f6rf\u00f6r alla sinnen. En parfym som f\u00e5ngar andan i David Beckhams ikoniska stil.<\/p>\n<p><strong>Doftnoter: <\/strong>gin tonic, lime, albanum, cypress, muskot, f\u00e4rsk mint, cedertr\u00e4, b\u00e4rnsten &amp; vetvier.<\/p>\n","protected":false},"excerpt":{"rendered":"<p>David Beckham Classic \u00e4r en fr\u00e4sch och maskulin doft som f\u00f6rf\u00f6r alla sinnen. En parfym som f\u00e5ngar andan i David Beckhams ikoniska stil. Doftnoter: gin tonic, lime, albanum, cypress, muskot, f\u00e4rsk mint, cedertr\u00e4, b\u00e4rnsten &amp; vetvier.<\/p>\n","protected":false},"featured_media":25434,"comment_status":"open","ping_status":"closed","template":"","meta":{"_trash_the_other_posts":false},"product_brand":[],"product_cat":[750,709,735,1000,1006],"product_tag":[2791],"berocket_brand":[1281],"class_list":{"0":"post-25439","1":"product","2":"type-product","3":"status-publish","4":"has-post-thumbnail","6":"product_cat-david-beckham-classic","7":"product_cat-eau-de-toilette-herr","8":"product_cat-kampanj","9":"product_cat-kampanj-for-honom","10":"product_cat-kampanjpris","11":"product_tag-david-beckham-classic-edt","12":"pa_brand-david-beckham","13":"pa_variant-40ml","14":"berocket_brand-david-beckham","16":"first","17":"instock","18":"sale","19":"taxable","20":"shipping-taxable","21":"purchasable","22":"product-type-simple"},"_links":{"self":[{"href":"https:\/\/stylingagenten.com\/sv\/wp-json\/wp\/v2\/product\/25439","targetHints":{"allow":["GET"]}}],"collection":[{"href":"https:\/\/stylingagenten.com\/sv\/wp-json\/wp\/v2\/product"}],"about":[{"href":"https:\/\/stylingagenten.com\/sv\/wp-json\/wp\/v2\/types\/product"}],"replies":[{"embeddable":true,"href":"https:\/\/stylingagenten.com\/sv\/wp-json\/wp\/v2\/comments?post=25439"}],"version-history":[{"count":0,"href":"https:\/\/stylingagenten.com\/sv\/wp-json\/wp\/v2\/product\/25439\/revisions"}],"wp:featuredmedia":[{"embeddable":true,"href":"https:\/\/stylingagenten.com\/sv\/wp-json\/wp\/v2\/media\/25434"}],"wp:attachment":[{"href":"https:\/\/stylingagenten.com\/sv\/wp-json\/wp\/v2\/media?parent=25439"}],"wp:term":[{"taxonomy":"product_brand","embeddable":true,"href":"https:\/\/stylingagenten.com\/sv\/wp-json\/wp\/v2\/product_brand?post=25439"},{"taxonomy":"product_cat","embeddable":true,"href":"https:\/\/stylingagenten.com\/sv\/wp-json\/wp\/v2\/product_cat?post=25439"},{"taxonomy":"product_tag","embeddable":true,"href":"https:\/\/stylingagenten.com\/sv\/wp-json\/wp\/v2\/product_tag?post=25439"},{"taxonomy":"berocket_brand","embeddable":true,"href":"https:\/\/stylingagenten.com\/sv\/wp-json\/wp\/v2\/berocket_brand?post=25439"}],"curies":[{"name":"wp","href":"https:\/\/api.w.org\/{rel}","templated":true}]}}