{"id":25266,"date":"2025-01-27T12:33:08","date_gmt":"2025-01-27T12:33:08","guid":{"rendered":"https:\/\/staging2.stylingagenten.com\/sv\/produkt\/ida-warg-intense-nutrition-multibalm-50ml\/"},"modified":"2025-12-18T21:42:31","modified_gmt":"2025-12-18T21:42:31","slug":"ida-warg-intense-nutrition-multibalm-50ml","status":"publish","type":"product","link":"https:\/\/stylingagenten.com\/sv\/produkt\/ida-warg-intense-nutrition-multibalm-50ml\/","title":{"rendered":"Ida Warg Intense Nutrition Multibalm 50ml"},"content":{"rendered":"<p>Intense Nutrition Multibalm \u00e4r ett mjukg\u00f6rande, v\u00e5rdande, lugnande och l\u00e4ttapplicerat balm. Speciellt framtagen f\u00f6r att ge n\u00e4ring \u00e5t torr och sprucken hud, s\u00e5som l\u00e4ppar, nagelband och andra torra omr\u00e5den. En liten beh\u00e4nding tub som \u00e4r l\u00e4tt att ha med sig i handv\u00e4skan.<br \/>Intense Nutrition Multibalm \u00e4r berikad med flera ingredienser som har en bevisat positiv effekt p\u00e5 torr och sprucken hud:<\/p>\n<p>Kokosolja &#8211; st\u00e4rker hudens barri\u00e4r, \u00e5terfuktar och kan ha en antiinflammatorisk effekt med positiva effekter p\u00e5 bland annat eksem och andra hudrelaterade problem.<br \/>S\u00f6tmandelolja &#8211; Rik p\u00e5 vitamin E och A, mineraler och om\u00e4ttade fettsyror.<br \/>Copernicia Cerifera (Carnauba) Wax &#8211; Ett naturligt vax som utvinns fr\u00e5n v\u00e4xtriket.<br \/>En l\u00e4tt doft av vanilj<br \/>100% vegansk<br \/>Cruelty-free<br \/>50 ml<\/p>\n","protected":false},"excerpt":{"rendered":"<p>Intense Nutrition Multibalm \u00e4r ett mjukg\u00f6rande, v\u00e5rdande, lugnande och l\u00e4ttapplicerat balm. Speciellt framtagen f\u00f6r att ge n\u00e4ring \u00e5t torr och sprucken hud, s\u00e5som l\u00e4ppar, nagelband och andra torra omr\u00e5den. En liten beh\u00e4nding tub som \u00e4r l\u00e4tt att ha med sig i handv\u00e4skan.Intense Nutrition Multibalm \u00e4r berikad med flera ingredienser som har en bevisat positiv effekt [&hellip;]<\/p>\n","protected":false},"featured_media":25257,"comment_status":"open","ping_status":"closed","template":"","meta":{"_trash_the_other_posts":false},"product_brand":[],"product_cat":[572],"product_tag":[],"berocket_brand":[1346],"class_list":{"0":"post-25266","1":"product","2":"type-product","3":"status-publish","4":"has-post-thumbnail","6":"product_cat-bodylotion","7":"pa_brand-ida-warg","8":"berocket_brand-ida-warg","10":"first","11":"instock","12":"sale","13":"taxable","14":"shipping-taxable","15":"purchasable","16":"product-type-simple"},"_links":{"self":[{"href":"https:\/\/stylingagenten.com\/sv\/wp-json\/wp\/v2\/product\/25266","targetHints":{"allow":["GET"]}}],"collection":[{"href":"https:\/\/stylingagenten.com\/sv\/wp-json\/wp\/v2\/product"}],"about":[{"href":"https:\/\/stylingagenten.com\/sv\/wp-json\/wp\/v2\/types\/product"}],"replies":[{"embeddable":true,"href":"https:\/\/stylingagenten.com\/sv\/wp-json\/wp\/v2\/comments?post=25266"}],"version-history":[{"count":0,"href":"https:\/\/stylingagenten.com\/sv\/wp-json\/wp\/v2\/product\/25266\/revisions"}],"wp:featuredmedia":[{"embeddable":true,"href":"https:\/\/stylingagenten.com\/sv\/wp-json\/wp\/v2\/media\/25257"}],"wp:attachment":[{"href":"https:\/\/stylingagenten.com\/sv\/wp-json\/wp\/v2\/media?parent=25266"}],"wp:term":[{"taxonomy":"product_brand","embeddable":true,"href":"https:\/\/stylingagenten.com\/sv\/wp-json\/wp\/v2\/product_brand?post=25266"},{"taxonomy":"product_cat","embeddable":true,"href":"https:\/\/stylingagenten.com\/sv\/wp-json\/wp\/v2\/product_cat?post=25266"},{"taxonomy":"product_tag","embeddable":true,"href":"https:\/\/stylingagenten.com\/sv\/wp-json\/wp\/v2\/product_tag?post=25266"},{"taxonomy":"berocket_brand","embeddable":true,"href":"https:\/\/stylingagenten.com\/sv\/wp-json\/wp\/v2\/berocket_brand?post=25266"}],"curies":[{"name":"wp","href":"https:\/\/api.w.org\/{rel}","templated":true}]}}