{"id":25244,"date":"2025-01-27T12:33:03","date_gmt":"2025-01-27T12:33:03","guid":{"rendered":"https:\/\/staging2.stylingagenten.com\/sv\/produkt\/ida-warg-colour-protecting-hair-oil-50ml\/"},"modified":"2026-03-11T21:50:18","modified_gmt":"2026-03-11T21:50:18","slug":"ida-warg-colour-protecting-hair-oil-50ml","status":"publish","type":"product","link":"https:\/\/stylingagenten.com\/sv\/produkt\/ida-warg-colour-protecting-hair-oil-50ml\/","title":{"rendered":"Ida Warg Colour Protecting Hair Oil 50ml"},"content":{"rendered":"<p>Colour Protecting Hair Oil \u00e4r berikad med avokado- och arganolja som ger glans och lyster till h\u00e5ret samtidigt som den motverkar frissighet. L\u00e4mnar h\u00e5ret mjukt och sl\u00e4tt utan att k\u00e4nnas tungt.<br \/>En feminin och mjuk doft med sp\u00e4nnande inslag av varma kryddor, vanilj och vita blommor<br \/>100 % vegansk och cruelty-free<br \/>Fri fr\u00e5n sulfater och parabener<br \/>50 ml<br \/>Anv\u00e4ndning: Applicera n\u00e5gra droppar i handdukstorkat eller torrt h\u00e5r, koncentrera appliceringen p\u00e5 h\u00e5rets l\u00e4ngder och toppar och undvik h\u00e5rbotten.<\/p>\n","protected":false},"excerpt":{"rendered":"<p>Colour Protecting Hair Oil \u00e4r berikad med avokado- och arganolja som ger glans och lyster till h\u00e5ret samtidigt som den motverkar frissighet. L\u00e4mnar h\u00e5ret mjukt och sl\u00e4tt utan att k\u00e4nnas tungt.En feminin och mjuk doft med sp\u00e4nnande inslag av varma kryddor, vanilj och vita blommor100 % vegansk och cruelty-freeFri fr\u00e5n sulfater och parabener50 mlAnv\u00e4ndning: Applicera [&hellip;]<\/p>\n","protected":false},"featured_media":25231,"comment_status":"open","ping_status":"closed","template":"","meta":{"_trash_the_other_posts":false},"product_brand":[],"product_cat":[610],"product_tag":[],"berocket_brand":[1346],"class_list":{"0":"post-25244","1":"product","2":"type-product","3":"status-publish","4":"has-post-thumbnail","6":"product_cat-harolja","7":"pa_brand-ida-warg","8":"berocket_brand-ida-warg","10":"first","11":"instock","12":"sale","13":"taxable","14":"shipping-taxable","15":"purchasable","16":"product-type-simple"},"_links":{"self":[{"href":"https:\/\/stylingagenten.com\/sv\/wp-json\/wp\/v2\/product\/25244","targetHints":{"allow":["GET"]}}],"collection":[{"href":"https:\/\/stylingagenten.com\/sv\/wp-json\/wp\/v2\/product"}],"about":[{"href":"https:\/\/stylingagenten.com\/sv\/wp-json\/wp\/v2\/types\/product"}],"replies":[{"embeddable":true,"href":"https:\/\/stylingagenten.com\/sv\/wp-json\/wp\/v2\/comments?post=25244"}],"version-history":[{"count":0,"href":"https:\/\/stylingagenten.com\/sv\/wp-json\/wp\/v2\/product\/25244\/revisions"}],"wp:featuredmedia":[{"embeddable":true,"href":"https:\/\/stylingagenten.com\/sv\/wp-json\/wp\/v2\/media\/25231"}],"wp:attachment":[{"href":"https:\/\/stylingagenten.com\/sv\/wp-json\/wp\/v2\/media?parent=25244"}],"wp:term":[{"taxonomy":"product_brand","embeddable":true,"href":"https:\/\/stylingagenten.com\/sv\/wp-json\/wp\/v2\/product_brand?post=25244"},{"taxonomy":"product_cat","embeddable":true,"href":"https:\/\/stylingagenten.com\/sv\/wp-json\/wp\/v2\/product_cat?post=25244"},{"taxonomy":"product_tag","embeddable":true,"href":"https:\/\/stylingagenten.com\/sv\/wp-json\/wp\/v2\/product_tag?post=25244"},{"taxonomy":"berocket_brand","embeddable":true,"href":"https:\/\/stylingagenten.com\/sv\/wp-json\/wp\/v2\/berocket_brand?post=25244"}],"curies":[{"name":"wp","href":"https:\/\/api.w.org\/{rel}","templated":true}]}}