{"id":25082,"date":"2025-01-27T12:32:25","date_gmt":"2025-01-27T12:32:25","guid":{"rendered":"https:\/\/staging2.stylingagenten.com\/sv\/produkt\/maybelline-fit-me-concealer-20-sand\/"},"modified":"2026-04-01T13:59:46","modified_gmt":"2026-04-01T13:59:46","slug":"maybelline-fit-me-concealer-20-sand","status":"publish","type":"product","link":"https:\/\/stylingagenten.com\/sv\/produkt\/maybelline-fit-me-concealer-20-sand\/","title":{"rendered":"Maybelline Fit Me Concealer 20 Sand"},"content":{"rendered":"<p>Fit Me Concealer fr\u00e5n Maybelline \u00e4r perfekt f\u00f6r att korrigera oj\u00e4mnheter och d\u00f6lja m\u00f6rka ringar under \u00f6gonen.<br \/>Concealern ger en naturlig t\u00e4ckning som g\u00f6r huden fr\u00e4sch och naturlig och ser till att huden kan andas. T\u00e4pper inte igen porerna. 6,8 ml<\/p>\n","protected":false},"excerpt":{"rendered":"<p>Fit Me Concealer fr\u00e5n Maybelline \u00e4r perfekt f\u00f6r att korrigera oj\u00e4mnheter och d\u00f6lja m\u00f6rka ringar under \u00f6gonen.Concealern ger en naturlig t\u00e4ckning som g\u00f6r huden fr\u00e4sch och naturlig och ser till att huden kan andas. T\u00e4pper inte igen porerna. 6,8 ml<\/p>\n","protected":false},"featured_media":25077,"comment_status":"open","ping_status":"closed","template":"","meta":{"_trash_the_other_posts":false},"product_brand":[],"product_cat":[567],"product_tag":[3612],"berocket_brand":[1016],"class_list":{"0":"post-25082","1":"product","2":"type-product","3":"status-publish","4":"has-post-thumbnail","6":"product_cat-concealer","7":"product_tag-maybelline-fit-me-concealer","8":"pa_brand-maybelline","9":"pa_variant-20-sand","10":"berocket_brand-maybelline","12":"first","13":"instock","14":"sale","15":"taxable","16":"shipping-taxable","17":"purchasable","18":"product-type-simple"},"_links":{"self":[{"href":"https:\/\/stylingagenten.com\/sv\/wp-json\/wp\/v2\/product\/25082","targetHints":{"allow":["GET"]}}],"collection":[{"href":"https:\/\/stylingagenten.com\/sv\/wp-json\/wp\/v2\/product"}],"about":[{"href":"https:\/\/stylingagenten.com\/sv\/wp-json\/wp\/v2\/types\/product"}],"replies":[{"embeddable":true,"href":"https:\/\/stylingagenten.com\/sv\/wp-json\/wp\/v2\/comments?post=25082"}],"version-history":[{"count":0,"href":"https:\/\/stylingagenten.com\/sv\/wp-json\/wp\/v2\/product\/25082\/revisions"}],"wp:featuredmedia":[{"embeddable":true,"href":"https:\/\/stylingagenten.com\/sv\/wp-json\/wp\/v2\/media\/25077"}],"wp:attachment":[{"href":"https:\/\/stylingagenten.com\/sv\/wp-json\/wp\/v2\/media?parent=25082"}],"wp:term":[{"taxonomy":"product_brand","embeddable":true,"href":"https:\/\/stylingagenten.com\/sv\/wp-json\/wp\/v2\/product_brand?post=25082"},{"taxonomy":"product_cat","embeddable":true,"href":"https:\/\/stylingagenten.com\/sv\/wp-json\/wp\/v2\/product_cat?post=25082"},{"taxonomy":"product_tag","embeddable":true,"href":"https:\/\/stylingagenten.com\/sv\/wp-json\/wp\/v2\/product_tag?post=25082"},{"taxonomy":"berocket_brand","embeddable":true,"href":"https:\/\/stylingagenten.com\/sv\/wp-json\/wp\/v2\/berocket_brand?post=25082"}],"curies":[{"name":"wp","href":"https:\/\/api.w.org\/{rel}","templated":true}]}}