{"id":25023,"date":"2025-01-27T12:32:10","date_gmt":"2025-01-27T12:32:10","guid":{"rendered":"https:\/\/staging2.stylingagenten.com\/sv\/produkt\/loreal-lash-paradise-mascara-intense-black\/"},"modified":"2026-02-27T23:57:32","modified_gmt":"2026-02-27T23:57:32","slug":"loreal-lash-paradise-mascara-intense-black","status":"publish","type":"product","link":"https:\/\/stylingagenten.com\/sv\/produkt\/loreal-lash-paradise-mascara-intense-black\/","title":{"rendered":"L&#8217;Or\u00e9al Lash Paradise Mascara Intense Black"},"content":{"rendered":"<p>Ta dina fransar till paradiset med Lash Paradise! Den mjuka och l\u00e4tt v\u00e5gformade borsten tar till sig maximalt med formula och f\u00e5ngar upp varje frans f\u00f6r en dramatisk volumin\u00f6s effekt. Mascaran ger fransarna l\u00e4ngd och en byggbar och fyllig volym. <\/p>\n","protected":false},"excerpt":{"rendered":"<p>Ta dina fransar till paradiset med Lash Paradise! Den mjuka och l\u00e4tt v\u00e5gformade borsten tar till sig maximalt med formula och f\u00e5ngar upp varje frans f\u00f6r en dramatisk volumin\u00f6s effekt. Mascaran ger fransarna l\u00e4ngd och en byggbar och fyllig volym.<\/p>\n","protected":false},"featured_media":25020,"comment_status":"open","ping_status":"closed","template":"","meta":{"_trash_the_other_posts":false},"product_brand":[],"product_cat":[618],"product_tag":[],"berocket_brand":[1019],"class_list":{"0":"post-25023","1":"product","2":"type-product","3":"status-publish","4":"has-post-thumbnail","6":"product_cat-mascara","7":"pa_brand-loreal-paris-2","8":"berocket_brand-loreal","10":"first","11":"instock","12":"sale","13":"taxable","14":"shipping-taxable","15":"purchasable","16":"product-type-simple"},"_links":{"self":[{"href":"https:\/\/stylingagenten.com\/sv\/wp-json\/wp\/v2\/product\/25023","targetHints":{"allow":["GET"]}}],"collection":[{"href":"https:\/\/stylingagenten.com\/sv\/wp-json\/wp\/v2\/product"}],"about":[{"href":"https:\/\/stylingagenten.com\/sv\/wp-json\/wp\/v2\/types\/product"}],"replies":[{"embeddable":true,"href":"https:\/\/stylingagenten.com\/sv\/wp-json\/wp\/v2\/comments?post=25023"}],"version-history":[{"count":0,"href":"https:\/\/stylingagenten.com\/sv\/wp-json\/wp\/v2\/product\/25023\/revisions"}],"wp:featuredmedia":[{"embeddable":true,"href":"https:\/\/stylingagenten.com\/sv\/wp-json\/wp\/v2\/media\/25020"}],"wp:attachment":[{"href":"https:\/\/stylingagenten.com\/sv\/wp-json\/wp\/v2\/media?parent=25023"}],"wp:term":[{"taxonomy":"product_brand","embeddable":true,"href":"https:\/\/stylingagenten.com\/sv\/wp-json\/wp\/v2\/product_brand?post=25023"},{"taxonomy":"product_cat","embeddable":true,"href":"https:\/\/stylingagenten.com\/sv\/wp-json\/wp\/v2\/product_cat?post=25023"},{"taxonomy":"product_tag","embeddable":true,"href":"https:\/\/stylingagenten.com\/sv\/wp-json\/wp\/v2\/product_tag?post=25023"},{"taxonomy":"berocket_brand","embeddable":true,"href":"https:\/\/stylingagenten.com\/sv\/wp-json\/wp\/v2\/berocket_brand?post=25023"}],"curies":[{"name":"wp","href":"https:\/\/api.w.org\/{rel}","templated":true}]}}