{"id":24980,"date":"2025-01-27T12:31:58","date_gmt":"2025-01-27T12:31:58","guid":{"rendered":"https:\/\/staging2.stylingagenten.com\/sv\/produkt\/marc-jacobs-daisy-dream-edt-30ml\/"},"modified":"2026-04-13T10:24:23","modified_gmt":"2026-04-13T10:24:23","slug":"marc-jacobs-daisy-dream-edt-30ml","status":"publish","type":"product","link":"https:\/\/stylingagenten.com\/sv\/produkt\/marc-jacobs-daisy-dream-edt-30ml\/","title":{"rendered":"Marc Jacobs Daisy Dream Edt 30ml"},"content":{"rendered":"<p>Marc Jacobs Daisy Dream \u00e4r en fruktig och blommig doft som passar den sofistikerade och eleganta kvinnan.<\/p>\n<p>Doftnoter: bj\u00f6rnb\u00e4r, grapefrukt, p\u00e4ron, jasmin, litchi, bl\u00e5regn, vitt tr\u00e4, musk &amp; kokosvatten.<\/p>\n","protected":false},"excerpt":{"rendered":"<p>Marc Jacobs Daisy Dream \u00e4r en fruktig och blommig doft som passar den sofistikerade och eleganta kvinnan. Doftnoter: bj\u00f6rnb\u00e4r, grapefrukt, p\u00e4ron, jasmin, litchi, bl\u00e5regn, vitt tr\u00e4, musk &amp; kokosvatten.<\/p>\n","protected":false},"featured_media":24978,"comment_status":"open","ping_status":"closed","template":"","meta":{"_trash_the_other_posts":false},"product_brand":[],"product_cat":[707,735,999,1006,959],"product_tag":[3487],"berocket_brand":[1069],"class_list":{"0":"post-24980","1":"product","2":"type-product","3":"status-publish","4":"has-post-thumbnail","6":"product_cat-eau-de-toilette-dam","7":"product_cat-kampanj","8":"product_cat-kampanj-for-henne","9":"product_cat-kampanjpris","10":"product_cat-marc-jacobs-daisy","11":"product_tag-marc-jacobs-daisy-dream-edt","12":"pa_brand-marc-jacobs","13":"pa_variant-30ml","14":"berocket_brand-marc-jacobs","16":"first","17":"instock","18":"sale","19":"taxable","20":"shipping-taxable","21":"purchasable","22":"product-type-simple"},"_links":{"self":[{"href":"https:\/\/stylingagenten.com\/sv\/wp-json\/wp\/v2\/product\/24980","targetHints":{"allow":["GET"]}}],"collection":[{"href":"https:\/\/stylingagenten.com\/sv\/wp-json\/wp\/v2\/product"}],"about":[{"href":"https:\/\/stylingagenten.com\/sv\/wp-json\/wp\/v2\/types\/product"}],"replies":[{"embeddable":true,"href":"https:\/\/stylingagenten.com\/sv\/wp-json\/wp\/v2\/comments?post=24980"}],"version-history":[{"count":0,"href":"https:\/\/stylingagenten.com\/sv\/wp-json\/wp\/v2\/product\/24980\/revisions"}],"wp:featuredmedia":[{"embeddable":true,"href":"https:\/\/stylingagenten.com\/sv\/wp-json\/wp\/v2\/media\/24978"}],"wp:attachment":[{"href":"https:\/\/stylingagenten.com\/sv\/wp-json\/wp\/v2\/media?parent=24980"}],"wp:term":[{"taxonomy":"product_brand","embeddable":true,"href":"https:\/\/stylingagenten.com\/sv\/wp-json\/wp\/v2\/product_brand?post=24980"},{"taxonomy":"product_cat","embeddable":true,"href":"https:\/\/stylingagenten.com\/sv\/wp-json\/wp\/v2\/product_cat?post=24980"},{"taxonomy":"product_tag","embeddable":true,"href":"https:\/\/stylingagenten.com\/sv\/wp-json\/wp\/v2\/product_tag?post=24980"},{"taxonomy":"berocket_brand","embeddable":true,"href":"https:\/\/stylingagenten.com\/sv\/wp-json\/wp\/v2\/berocket_brand?post=24980"}],"curies":[{"name":"wp","href":"https:\/\/api.w.org\/{rel}","templated":true}]}}