{"id":24966,"date":"2025-01-27T12:31:55","date_gmt":"2025-01-27T12:31:55","guid":{"rendered":"https:\/\/staging2.stylingagenten.com\/sv\/produkt\/escada-fairy-love-edt-100ml\/"},"modified":"2026-03-29T01:08:31","modified_gmt":"2026-03-29T01:08:31","slug":"escada-fairy-love-edt-100ml","status":"publish","type":"product","link":"https:\/\/stylingagenten.com\/sv\/produkt\/escada-fairy-love-edt-100ml\/","title":{"rendered":"Escada Fairy Love Edt 100ml"},"content":{"rendered":"<p>ESCADA Fairy Love Eau de Toilette f\u00f6r dig till en v\u00e4rld av romantik och magi!<br \/>Fairy Love \u00e4r en vegansk parfym med noter av Nashi-p\u00e4ron och hallon blandade med en bukett med jasminblad. En romantisk, upplyftande och blommig doft.<br \/>Toppnoter: Nashi P\u00e4ron, Hallon<br \/>Hj\u00e4rtnoter: Jasminblad<br \/>Basnoter: Hasseln\u00f6t<\/p>\n","protected":false},"excerpt":{"rendered":"<p>ESCADA Fairy Love Eau de Toilette f\u00f6r dig till en v\u00e4rld av romantik och magi!Fairy Love \u00e4r en vegansk parfym med noter av Nashi-p\u00e4ron och hallon blandade med en bukett med jasminblad. En romantisk, upplyftande och blommig doft.Toppnoter: Nashi P\u00e4ron, HallonHj\u00e4rtnoter: JasminbladBasnoter: Hasseln\u00f6t<\/p>\n","protected":false},"featured_media":24961,"comment_status":"open","ping_status":"closed","template":"","meta":{"_trash_the_other_posts":false},"product_brand":[],"product_cat":[707,735,999,1006],"product_tag":[2925],"berocket_brand":[1306],"class_list":{"0":"post-24966","1":"product","2":"type-product","3":"status-publish","4":"has-post-thumbnail","6":"product_cat-eau-de-toilette-dam","7":"product_cat-kampanj","8":"product_cat-kampanj-for-henne","9":"product_cat-kampanjpris","10":"product_tag-escada-fairy-love-edt","11":"pa_brand-escada","12":"pa_variant-100ml","13":"berocket_brand-escada","15":"first","16":"instock","17":"sale","18":"taxable","19":"shipping-taxable","20":"purchasable","21":"product-type-simple"},"_links":{"self":[{"href":"https:\/\/stylingagenten.com\/sv\/wp-json\/wp\/v2\/product\/24966","targetHints":{"allow":["GET"]}}],"collection":[{"href":"https:\/\/stylingagenten.com\/sv\/wp-json\/wp\/v2\/product"}],"about":[{"href":"https:\/\/stylingagenten.com\/sv\/wp-json\/wp\/v2\/types\/product"}],"replies":[{"embeddable":true,"href":"https:\/\/stylingagenten.com\/sv\/wp-json\/wp\/v2\/comments?post=24966"}],"version-history":[{"count":0,"href":"https:\/\/stylingagenten.com\/sv\/wp-json\/wp\/v2\/product\/24966\/revisions"}],"wp:featuredmedia":[{"embeddable":true,"href":"https:\/\/stylingagenten.com\/sv\/wp-json\/wp\/v2\/media\/24961"}],"wp:attachment":[{"href":"https:\/\/stylingagenten.com\/sv\/wp-json\/wp\/v2\/media?parent=24966"}],"wp:term":[{"taxonomy":"product_brand","embeddable":true,"href":"https:\/\/stylingagenten.com\/sv\/wp-json\/wp\/v2\/product_brand?post=24966"},{"taxonomy":"product_cat","embeddable":true,"href":"https:\/\/stylingagenten.com\/sv\/wp-json\/wp\/v2\/product_cat?post=24966"},{"taxonomy":"product_tag","embeddable":true,"href":"https:\/\/stylingagenten.com\/sv\/wp-json\/wp\/v2\/product_tag?post=24966"},{"taxonomy":"berocket_brand","embeddable":true,"href":"https:\/\/stylingagenten.com\/sv\/wp-json\/wp\/v2\/berocket_brand?post=24966"}],"curies":[{"name":"wp","href":"https:\/\/api.w.org\/{rel}","templated":true}]}}