{"id":24936,"date":"2025-01-27T12:31:48","date_gmt":"2025-01-27T12:31:48","guid":{"rendered":"https:\/\/staging2.stylingagenten.com\/sv\/produkt\/acqua-di-parma-colonia-deostick-75ml\/"},"modified":"2026-03-26T18:25:26","modified_gmt":"2026-03-26T18:25:26","slug":"acqua-di-parma-colonia-deostick-75ml","status":"publish","type":"product","link":"https:\/\/stylingagenten.com\/sv\/produkt\/acqua-di-parma-colonia-deostick-75ml\/","title":{"rendered":"Acqua di Parma Colonia Deostick 75ml"},"content":{"rendered":"<p>Colonia av Acqua di Parma deostick har en tidl\u00f6s, \u00e4lskad och ikonisk doft tillverkad av soliga sicilianska citrusfrukter.<br \/>Denna fr\u00e4scha, eleganta doft omfamnar det b\u00e4sta av Italien. <br \/>Toppnoter: citron, s\u00f6t apelsin, Kalabrien, bergamott<br \/>Hj\u00e4rtnoter: lavendel, bulgarisk ros, verbena, rosmarin<br \/>Basnoter: vetiver, sandeltr\u00e4. patchouli<\/p>\n","protected":false},"excerpt":{"rendered":"<p>Colonia av Acqua di Parma deostick har en tidl\u00f6s, \u00e4lskad och ikonisk doft tillverkad av soliga sicilianska citrusfrukter.Denna fr\u00e4scha, eleganta doft omfamnar det b\u00e4sta av Italien. Toppnoter: citron, s\u00f6t apelsin, Kalabrien, bergamottHj\u00e4rtnoter: lavendel, bulgarisk ros, verbena, rosmarinBasnoter: vetiver, sandeltr\u00e4. patchouli<\/p>\n","protected":false},"featured_media":24935,"comment_status":"open","ping_status":"closed","template":"","meta":{"_trash_the_other_posts":false},"product_brand":[],"product_cat":[720,1006],"product_tag":[],"berocket_brand":[1161],"class_list":{"0":"post-24936","1":"product","2":"type-product","3":"status-publish","4":"has-post-thumbnail","6":"product_cat-deostick-herr","7":"product_cat-kampanjpris","8":"pa_brand-acqua-di-parma","9":"berocket_brand-acqua-di-parma","11":"first","12":"instock","13":"sale","14":"taxable","15":"shipping-taxable","16":"purchasable","17":"product-type-simple"},"_links":{"self":[{"href":"https:\/\/stylingagenten.com\/sv\/wp-json\/wp\/v2\/product\/24936","targetHints":{"allow":["GET"]}}],"collection":[{"href":"https:\/\/stylingagenten.com\/sv\/wp-json\/wp\/v2\/product"}],"about":[{"href":"https:\/\/stylingagenten.com\/sv\/wp-json\/wp\/v2\/types\/product"}],"replies":[{"embeddable":true,"href":"https:\/\/stylingagenten.com\/sv\/wp-json\/wp\/v2\/comments?post=24936"}],"version-history":[{"count":0,"href":"https:\/\/stylingagenten.com\/sv\/wp-json\/wp\/v2\/product\/24936\/revisions"}],"wp:featuredmedia":[{"embeddable":true,"href":"https:\/\/stylingagenten.com\/sv\/wp-json\/wp\/v2\/media\/24935"}],"wp:attachment":[{"href":"https:\/\/stylingagenten.com\/sv\/wp-json\/wp\/v2\/media?parent=24936"}],"wp:term":[{"taxonomy":"product_brand","embeddable":true,"href":"https:\/\/stylingagenten.com\/sv\/wp-json\/wp\/v2\/product_brand?post=24936"},{"taxonomy":"product_cat","embeddable":true,"href":"https:\/\/stylingagenten.com\/sv\/wp-json\/wp\/v2\/product_cat?post=24936"},{"taxonomy":"product_tag","embeddable":true,"href":"https:\/\/stylingagenten.com\/sv\/wp-json\/wp\/v2\/product_tag?post=24936"},{"taxonomy":"berocket_brand","embeddable":true,"href":"https:\/\/stylingagenten.com\/sv\/wp-json\/wp\/v2\/berocket_brand?post=24936"}],"curies":[{"name":"wp","href":"https:\/\/api.w.org\/{rel}","templated":true}]}}