{"id":24920,"date":"2025-01-27T12:31:44","date_gmt":"2025-01-27T12:31:44","guid":{"rendered":"https:\/\/staging2.stylingagenten.com\/sv\/produkt\/wahl-t-wide-detailer-trimmer-red\/"},"modified":"2026-03-17T15:37:49","modified_gmt":"2026-03-17T15:37:49","slug":"wahl-t-wide-detailer-trimmer-red","status":"publish","type":"product","link":"https:\/\/stylingagenten.com\/sv\/produkt\/wahl-t-wide-detailer-trimmer-red\/","title":{"rendered":"Wahl T-Wide Detailer Trimmer Red"},"content":{"rendered":"<p>Wahl Professional Wide Detailer \u00e4r en kraftfull tr\u00e5dtrimmer, perfekt f\u00f6r kontinuerlig anv\u00e4nd-ning. <br \/>Professionell roterande motor f\u00f6r h\u00e5llbarhet och livsl\u00e4ngd. H\u00f6g precision extra bred 38mm WAHL \u00ae T-BLAD. Justerat till &#8221;0&#8221; -\u00f6verlappning (kan klippas extremt kort)<br \/>Underh\u00e5ll:<br \/>Maskinen levereras med en liten oljeflaska och en liten borste som anv\u00e4nds f\u00f6r att sm\u00f6rja och ta bort h\u00e5r fr\u00e5n maskinen efter behov.<br \/>I h\u00e4ndelse av att tidningen efter m\u00e5nga \u00e5rs konsumtion ger efter \u00e4r det super l\u00e4tt att byta ut det.<br \/>Funktioner:<br \/>3 distanskammar av plast nr 1 (1,5 mm), nr 2 (4,5 mm) och nr 3 (6 mm)<br \/>Blad: Fixat, Chrome Blade<br \/>Sk\u00e4rl\u00e4ngd: 0,2 mm<br \/>sk\u00e4rbredd: 38 mm<br \/>Tekniska specifikationer:<br \/>Drivning: Rotationsmotor, 5000 rpm<br \/>Kontinuerlig drift<br \/>Kabell\u00e4ngd: 2,9 m<br \/>N\u00e4tsp\u00e4nning: 100-240 V, 50\/60 H<\/p>\n","protected":false},"excerpt":{"rendered":"<p>Wahl Professional Wide Detailer \u00e4r en kraftfull tr\u00e5dtrimmer, perfekt f\u00f6r kontinuerlig anv\u00e4nd-ning. Professionell roterande motor f\u00f6r h\u00e5llbarhet och livsl\u00e4ngd. H\u00f6g precision extra bred 38mm WAHL \u00ae T-BLAD. Justerat till &#8221;0&#8221; -\u00f6verlappning (kan klippas extremt kort)Underh\u00e5ll:Maskinen levereras med en liten oljeflaska och en liten borste som anv\u00e4nds f\u00f6r att sm\u00f6rja och ta bort h\u00e5r fr\u00e5n maskinen [&hellip;]<\/p>\n","protected":false},"featured_media":24908,"comment_status":"open","ping_status":"closed","template":"","meta":{"_trash_the_other_posts":false},"product_brand":[],"product_cat":[604],"product_tag":[],"berocket_brand":[1145],"class_list":{"0":"post-24920","1":"product","2":"type-product","3":"status-publish","4":"has-post-thumbnail","6":"product_cat-skaggtrimmer","7":"pa_brand-wahl","8":"berocket_brand-wahl","10":"first","11":"instock","12":"sale","13":"taxable","14":"shipping-taxable","15":"purchasable","16":"product-type-simple"},"_links":{"self":[{"href":"https:\/\/stylingagenten.com\/sv\/wp-json\/wp\/v2\/product\/24920","targetHints":{"allow":["GET"]}}],"collection":[{"href":"https:\/\/stylingagenten.com\/sv\/wp-json\/wp\/v2\/product"}],"about":[{"href":"https:\/\/stylingagenten.com\/sv\/wp-json\/wp\/v2\/types\/product"}],"replies":[{"embeddable":true,"href":"https:\/\/stylingagenten.com\/sv\/wp-json\/wp\/v2\/comments?post=24920"}],"version-history":[{"count":0,"href":"https:\/\/stylingagenten.com\/sv\/wp-json\/wp\/v2\/product\/24920\/revisions"}],"wp:featuredmedia":[{"embeddable":true,"href":"https:\/\/stylingagenten.com\/sv\/wp-json\/wp\/v2\/media\/24908"}],"wp:attachment":[{"href":"https:\/\/stylingagenten.com\/sv\/wp-json\/wp\/v2\/media?parent=24920"}],"wp:term":[{"taxonomy":"product_brand","embeddable":true,"href":"https:\/\/stylingagenten.com\/sv\/wp-json\/wp\/v2\/product_brand?post=24920"},{"taxonomy":"product_cat","embeddable":true,"href":"https:\/\/stylingagenten.com\/sv\/wp-json\/wp\/v2\/product_cat?post=24920"},{"taxonomy":"product_tag","embeddable":true,"href":"https:\/\/stylingagenten.com\/sv\/wp-json\/wp\/v2\/product_tag?post=24920"},{"taxonomy":"berocket_brand","embeddable":true,"href":"https:\/\/stylingagenten.com\/sv\/wp-json\/wp\/v2\/berocket_brand?post=24920"}],"curies":[{"name":"wp","href":"https:\/\/api.w.org\/{rel}","templated":true}]}}