{"id":24878,"date":"2025-01-27T12:31:33","date_gmt":"2025-01-27T12:31:33","guid":{"rendered":"https:\/\/staging2.stylingagenten.com\/sv\/produkt\/loreal-professionnel-vitamino-color-mask-250-ml\/"},"modified":"2026-03-30T07:30:34","modified_gmt":"2026-03-30T07:30:34","slug":"loreal-professionnel-vitamino-color-mask-250-ml","status":"publish","type":"product","link":"https:\/\/stylingagenten.com\/sv\/produkt\/loreal-professionnel-vitamino-color-mask-250-ml\/","title":{"rendered":"L&#8217;Or\u00e9al Professionnel Vitamino Color Mask 250 ml"},"content":{"rendered":"<p>Expert Vitamino Color Mask-serien ger n\u00e4ring \u00e5t f\u00e4rgat h\u00e5r p\u00e5 djupet och bidrar till l\u00e5ngvarig f\u00e4rgbevarande. Maskens professionella formel berikad med resveratrol skyddar h\u00e5rfibern fr\u00e5n stress. Efter bara en minut f\u00e5r h\u00e5ret n\u00e4ring, vilket g\u00f6r det starkare och mjukare vid ber\u00f6ring. Vitamino Co-lor h\u00e5rmask ger ditt h\u00e5r en mjuk k\u00e4nsla och ger ditt f\u00e4rgade h\u00e5r en frisk glans. Vi rekommenderar att du anv\u00e4nder Vitamino Mask tillsammans med Vitamino Color Shampoo eller Vitamino Color Soft Cleanser Shampoo.<\/p>\n","protected":false},"excerpt":{"rendered":"<p>Expert Vitamino Color Mask-serien ger n\u00e4ring \u00e5t f\u00e4rgat h\u00e5r p\u00e5 djupet och bidrar till l\u00e5ngvarig f\u00e4rgbevarande. Maskens professionella formel berikad med resveratrol skyddar h\u00e5rfibern fr\u00e5n stress. Efter bara en minut f\u00e5r h\u00e5ret n\u00e4ring, vilket g\u00f6r det starkare och mjukare vid ber\u00f6ring. Vitamino Co-lor h\u00e5rmask ger ditt h\u00e5r en mjuk k\u00e4nsla och ger ditt f\u00e4rgade h\u00e5r [&hellip;]<\/p>\n","protected":false},"featured_media":24876,"comment_status":"open","ping_status":"closed","template":"","meta":{"_trash_the_other_posts":false},"product_brand":[],"product_cat":[620],"product_tag":[],"berocket_brand":[1019],"class_list":{"0":"post-24878","1":"product","2":"type-product","3":"status-publish","4":"has-post-thumbnail","6":"product_cat-harinpackning","7":"pa_brand-loreal-paris-2","8":"berocket_brand-loreal","10":"first","11":"instock","12":"sale","13":"taxable","14":"shipping-taxable","15":"purchasable","16":"product-type-simple"},"_links":{"self":[{"href":"https:\/\/stylingagenten.com\/sv\/wp-json\/wp\/v2\/product\/24878","targetHints":{"allow":["GET"]}}],"collection":[{"href":"https:\/\/stylingagenten.com\/sv\/wp-json\/wp\/v2\/product"}],"about":[{"href":"https:\/\/stylingagenten.com\/sv\/wp-json\/wp\/v2\/types\/product"}],"replies":[{"embeddable":true,"href":"https:\/\/stylingagenten.com\/sv\/wp-json\/wp\/v2\/comments?post=24878"}],"version-history":[{"count":0,"href":"https:\/\/stylingagenten.com\/sv\/wp-json\/wp\/v2\/product\/24878\/revisions"}],"wp:featuredmedia":[{"embeddable":true,"href":"https:\/\/stylingagenten.com\/sv\/wp-json\/wp\/v2\/media\/24876"}],"wp:attachment":[{"href":"https:\/\/stylingagenten.com\/sv\/wp-json\/wp\/v2\/media?parent=24878"}],"wp:term":[{"taxonomy":"product_brand","embeddable":true,"href":"https:\/\/stylingagenten.com\/sv\/wp-json\/wp\/v2\/product_brand?post=24878"},{"taxonomy":"product_cat","embeddable":true,"href":"https:\/\/stylingagenten.com\/sv\/wp-json\/wp\/v2\/product_cat?post=24878"},{"taxonomy":"product_tag","embeddable":true,"href":"https:\/\/stylingagenten.com\/sv\/wp-json\/wp\/v2\/product_tag?post=24878"},{"taxonomy":"berocket_brand","embeddable":true,"href":"https:\/\/stylingagenten.com\/sv\/wp-json\/wp\/v2\/berocket_brand?post=24878"}],"curies":[{"name":"wp","href":"https:\/\/api.w.org\/{rel}","templated":true}]}}