{"id":24737,"date":"2025-01-27T12:30:53","date_gmt":"2025-01-27T12:30:53","guid":{"rendered":"https:\/\/staging2.stylingagenten.com\/sv\/produkt\/vaseline-intensive-care-essential-healing-body-lotion-200ml\/"},"modified":"2026-04-08T12:58:40","modified_gmt":"2026-04-08T12:58:40","slug":"vaseline-intensive-care-essential-healing-body-lotion-200ml","status":"publish","type":"product","link":"https:\/\/stylingagenten.com\/sv\/produkt\/vaseline-intensive-care-essential-healing-body-lotion-200ml\/","title":{"rendered":"Vaseline Intensive Care Essential Healing Body Lotion 200ml"},"content":{"rendered":"<p>Vaseline Intensive Care Essential Healing Hudlotion har kombinerat reparerande mikrodroppar av Vaseline Original med en snabbabsorberande \u00e5terfuktande formula. Resultatet \u00e4r en lotion som \u00e5terfuktar och reparerar mycket torr hud utan kladd och huden b\u00e5de ser och k\u00e4nns mer h\u00e4lsosam.<\/p>\n","protected":false},"excerpt":{"rendered":"<p>Vaseline Intensive Care Essential Healing Hudlotion har kombinerat reparerande mikrodroppar av Vaseline Original med en snabbabsorberande \u00e5terfuktande formula. Resultatet \u00e4r en lotion som \u00e5terfuktar och reparerar mycket torr hud utan kladd och huden b\u00e5de ser och k\u00e4nns mer h\u00e4lsosam.<\/p>\n","protected":false},"featured_media":24734,"comment_status":"open","ping_status":"closed","template":"","meta":{"_trash_the_other_posts":false},"product_brand":[],"product_cat":[572],"product_tag":[4203],"berocket_brand":[1260],"class_list":{"0":"post-24737","1":"product","2":"type-product","3":"status-publish","4":"has-post-thumbnail","6":"product_cat-bodylotion","7":"product_tag-vaseline-intensive-care-essential-healing-body-lotion","8":"pa_brand-vaseline","9":"pa_variant-200ml","10":"berocket_brand-vaseline","12":"first","13":"instock","14":"sale","15":"taxable","16":"shipping-taxable","17":"purchasable","18":"product-type-simple"},"_links":{"self":[{"href":"https:\/\/stylingagenten.com\/sv\/wp-json\/wp\/v2\/product\/24737","targetHints":{"allow":["GET"]}}],"collection":[{"href":"https:\/\/stylingagenten.com\/sv\/wp-json\/wp\/v2\/product"}],"about":[{"href":"https:\/\/stylingagenten.com\/sv\/wp-json\/wp\/v2\/types\/product"}],"replies":[{"embeddable":true,"href":"https:\/\/stylingagenten.com\/sv\/wp-json\/wp\/v2\/comments?post=24737"}],"version-history":[{"count":0,"href":"https:\/\/stylingagenten.com\/sv\/wp-json\/wp\/v2\/product\/24737\/revisions"}],"wp:featuredmedia":[{"embeddable":true,"href":"https:\/\/stylingagenten.com\/sv\/wp-json\/wp\/v2\/media\/24734"}],"wp:attachment":[{"href":"https:\/\/stylingagenten.com\/sv\/wp-json\/wp\/v2\/media?parent=24737"}],"wp:term":[{"taxonomy":"product_brand","embeddable":true,"href":"https:\/\/stylingagenten.com\/sv\/wp-json\/wp\/v2\/product_brand?post=24737"},{"taxonomy":"product_cat","embeddable":true,"href":"https:\/\/stylingagenten.com\/sv\/wp-json\/wp\/v2\/product_cat?post=24737"},{"taxonomy":"product_tag","embeddable":true,"href":"https:\/\/stylingagenten.com\/sv\/wp-json\/wp\/v2\/product_tag?post=24737"},{"taxonomy":"berocket_brand","embeddable":true,"href":"https:\/\/stylingagenten.com\/sv\/wp-json\/wp\/v2\/berocket_brand?post=24737"}],"curies":[{"name":"wp","href":"https:\/\/api.w.org\/{rel}","templated":true}]}}