{"id":24683,"date":"2025-01-27T12:30:37","date_gmt":"2025-01-27T12:30:37","guid":{"rendered":"https:\/\/staging2.stylingagenten.com\/sv\/produkt\/filorga-age-purify-intensive-serum-30ml\/"},"modified":"2026-03-27T21:58:24","modified_gmt":"2026-03-27T21:58:24","slug":"filorga-age-purify-intensive-serum-30ml","status":"publish","type":"product","link":"https:\/\/stylingagenten.com\/sv\/produkt\/filorga-age-purify-intensive-serum-30ml\/","title":{"rendered":"Filorga Age-Purify Intensive Serum 30ml"},"content":{"rendered":"<p>Anti-aging serum mot rynkor och obalanserad hud. Ett anti-aging och anti-pollution serum med en unik formula, framtagen av experter inom estetisk medicin och dermatologi.<\/p>\n<p>Huden blir mer balanserad, klarare med f\u00e4rre rynkor samtidigt som den skyddar mot f\u00f6rore-ningar. Berikad med v\u00e4xtextrakt som \u00e5terst\u00e4ller hudens balans med en l\u00e5ngvarig effekt.<\/p>\n<p>Ett serum med ultra-l\u00e4tt \u00e5terfuktande textur som passar f\u00f6r den kombinerade eller feta huden som \u00e4r i obalans.<\/p>\n<p>&#8211; Utj\u00e4mnande effekt och fyller ut rynkor<br \/>&#8211; Porsammandragande<br \/>&#8211; Minskar finnar och blemmor<br \/>&#8211; Mattar ner huden<br \/>&#8211; \u00c5terbalanserar huden<\/p>\n<p>HYALURO-YOUTH CX en kombination av tre anti-rynk ingredienser som har en plumpande och utj\u00e4mnade effekt f\u00f6r korrigering av rynkor och fina linjer. Utj\u00e4mnande effekt efter 7 dagar.<\/p>\n<p>DERMO-RESCUE CX [5 micropeelande syror + zink + vegetabiliskt extrakt] ger korrigering mot blemmor och hud i obalans. Synlig effekt efter 7 dagar.<\/p>\n<p>V\u00e4xtbaserat extrakt ger ett l\u00e5ngvarigt \u00e5terst\u00e4llande av hudens balans.<\/p>\n<p>Sk\u00f6nhetstips! Appliceras f\u00f6rsiktigt p\u00e5 imperfektioner och blemmor, undvik att \u00f6verapplicera p\u00e5 dessa omr\u00e5den.<\/p>\n","protected":false},"excerpt":{"rendered":"<p>Anti-aging serum mot rynkor och obalanserad hud. Ett anti-aging och anti-pollution serum med en unik formula, framtagen av experter inom estetisk medicin och dermatologi. Huden blir mer balanserad, klarare med f\u00e4rre rynkor samtidigt som den skyddar mot f\u00f6rore-ningar. Berikad med v\u00e4xtextrakt som \u00e5terst\u00e4ller hudens balans med en l\u00e5ngvarig effekt. Ett serum med ultra-l\u00e4tt \u00e5terfuktande textur [&hellip;]<\/p>\n","protected":false},"featured_media":24668,"comment_status":"open","ping_status":"closed","template":"","meta":{"_trash_the_other_posts":false},"product_brand":[],"product_cat":[614],"product_tag":[],"berocket_brand":[1317],"class_list":{"0":"post-24683","1":"product","2":"type-product","3":"status-publish","4":"has-post-thumbnail","6":"product_cat-serum","7":"pa_brand-filorga","8":"berocket_brand-filorga","10":"first","11":"instock","12":"sale","13":"taxable","14":"shipping-taxable","15":"purchasable","16":"product-type-simple"},"_links":{"self":[{"href":"https:\/\/stylingagenten.com\/sv\/wp-json\/wp\/v2\/product\/24683","targetHints":{"allow":["GET"]}}],"collection":[{"href":"https:\/\/stylingagenten.com\/sv\/wp-json\/wp\/v2\/product"}],"about":[{"href":"https:\/\/stylingagenten.com\/sv\/wp-json\/wp\/v2\/types\/product"}],"replies":[{"embeddable":true,"href":"https:\/\/stylingagenten.com\/sv\/wp-json\/wp\/v2\/comments?post=24683"}],"version-history":[{"count":0,"href":"https:\/\/stylingagenten.com\/sv\/wp-json\/wp\/v2\/product\/24683\/revisions"}],"wp:featuredmedia":[{"embeddable":true,"href":"https:\/\/stylingagenten.com\/sv\/wp-json\/wp\/v2\/media\/24668"}],"wp:attachment":[{"href":"https:\/\/stylingagenten.com\/sv\/wp-json\/wp\/v2\/media?parent=24683"}],"wp:term":[{"taxonomy":"product_brand","embeddable":true,"href":"https:\/\/stylingagenten.com\/sv\/wp-json\/wp\/v2\/product_brand?post=24683"},{"taxonomy":"product_cat","embeddable":true,"href":"https:\/\/stylingagenten.com\/sv\/wp-json\/wp\/v2\/product_cat?post=24683"},{"taxonomy":"product_tag","embeddable":true,"href":"https:\/\/stylingagenten.com\/sv\/wp-json\/wp\/v2\/product_tag?post=24683"},{"taxonomy":"berocket_brand","embeddable":true,"href":"https:\/\/stylingagenten.com\/sv\/wp-json\/wp\/v2\/berocket_brand?post=24683"}],"curies":[{"name":"wp","href":"https:\/\/api.w.org\/{rel}","templated":true}]}}