{"id":24575,"date":"2025-01-27T12:30:02","date_gmt":"2025-01-27T12:30:02","guid":{"rendered":"https:\/\/staging2.stylingagenten.com\/sv\/produkt\/omega-krom-stall\/"},"modified":"2025-11-18T14:04:06","modified_gmt":"2025-11-18T14:04:06","slug":"omega-krom-stall","status":"publish","type":"product","link":"https:\/\/stylingagenten.com\/sv\/produkt\/omega-krom-stall\/","title":{"rendered":"Omega Krom St\u00e4ll"},"content":{"rendered":"<p>Omega Krom St\u00e4ll \u00e4r designat i kromat st\u00e5l. Det h\u00e5ller rakborsten p\u00e5 plats och blir ocks\u00e5 en snygg detalj i rummet. H\u00f6jd: 6,9 cm.<\/p>\n","protected":false},"excerpt":{"rendered":"<p>Omega Krom St\u00e4ll \u00e4r designat i kromat st\u00e5l. Det h\u00e5ller rakborsten p\u00e5 plats och blir ocks\u00e5 en snygg detalj i rummet. H\u00f6jd: 6,9 cm.<\/p>\n","protected":false},"featured_media":24574,"comment_status":"open","ping_status":"closed","template":"","meta":{"_trash_the_other_posts":false},"product_brand":[],"product_cat":[735,1000,1005,687],"product_tag":[],"berocket_brand":[1044],"class_list":{"0":"post-24575","1":"product","2":"type-product","3":"status-publish","4":"has-post-thumbnail","6":"product_cat-kampanj","7":"product_cat-kampanj-for-honom","8":"product_cat-outlet","9":"product_cat-skaggverktyg","10":"pa_brand-omega","11":"berocket_brand-omega","13":"first","14":"instock","15":"sale","16":"taxable","17":"shipping-taxable","18":"purchasable","19":"product-type-simple"},"_links":{"self":[{"href":"https:\/\/stylingagenten.com\/sv\/wp-json\/wp\/v2\/product\/24575","targetHints":{"allow":["GET"]}}],"collection":[{"href":"https:\/\/stylingagenten.com\/sv\/wp-json\/wp\/v2\/product"}],"about":[{"href":"https:\/\/stylingagenten.com\/sv\/wp-json\/wp\/v2\/types\/product"}],"replies":[{"embeddable":true,"href":"https:\/\/stylingagenten.com\/sv\/wp-json\/wp\/v2\/comments?post=24575"}],"version-history":[{"count":0,"href":"https:\/\/stylingagenten.com\/sv\/wp-json\/wp\/v2\/product\/24575\/revisions"}],"wp:featuredmedia":[{"embeddable":true,"href":"https:\/\/stylingagenten.com\/sv\/wp-json\/wp\/v2\/media\/24574"}],"wp:attachment":[{"href":"https:\/\/stylingagenten.com\/sv\/wp-json\/wp\/v2\/media?parent=24575"}],"wp:term":[{"taxonomy":"product_brand","embeddable":true,"href":"https:\/\/stylingagenten.com\/sv\/wp-json\/wp\/v2\/product_brand?post=24575"},{"taxonomy":"product_cat","embeddable":true,"href":"https:\/\/stylingagenten.com\/sv\/wp-json\/wp\/v2\/product_cat?post=24575"},{"taxonomy":"product_tag","embeddable":true,"href":"https:\/\/stylingagenten.com\/sv\/wp-json\/wp\/v2\/product_tag?post=24575"},{"taxonomy":"berocket_brand","embeddable":true,"href":"https:\/\/stylingagenten.com\/sv\/wp-json\/wp\/v2\/berocket_brand?post=24575"}],"curies":[{"name":"wp","href":"https:\/\/api.w.org\/{rel}","templated":true}]}}