{"id":24318,"date":"2025-01-27T12:27:30","date_gmt":"2025-01-27T12:27:30","guid":{"rendered":"https:\/\/staging2.stylingagenten.com\/sv\/produkt\/jean-paul-gaultier-scandal-body-lotion-200ml\/"},"modified":"2026-03-15T18:37:22","modified_gmt":"2026-03-15T18:37:22","slug":"jean-paul-gaultier-scandal-body-lotion-200ml","status":"publish","type":"product","link":"https:\/\/stylingagenten.com\/sv\/produkt\/jean-paul-gaultier-scandal-body-lotion-200ml\/","title":{"rendered":"Jean Paul Gaultier Scandal Body Lotion 200ml"},"content":{"rendered":"<p>En \u00e5terfuktande body lotion med doft av Jean Paul Gaultiers Scandal &#8211; s\u00f6t men samtidigt kaxig doft med framtr\u00e4dande honung men \u00e4ven patchouli, blodapelsin samt gardenia som \u00f6verraskar.<\/p>\n","protected":false},"excerpt":{"rendered":"<p>En \u00e5terfuktande body lotion med doft av Jean Paul Gaultiers Scandal &#8211; s\u00f6t men samtidigt kaxig doft med framtr\u00e4dande honung men \u00e4ven patchouli, blodapelsin samt gardenia som \u00f6verraskar.<\/p>\n","protected":false},"featured_media":24317,"comment_status":"open","ping_status":"closed","template":"","meta":{"_trash_the_other_posts":false},"product_brand":[],"product_cat":[572],"product_tag":[],"berocket_brand":[1353],"class_list":{"0":"post-24318","1":"product","2":"type-product","3":"status-publish","4":"has-post-thumbnail","6":"product_cat-bodylotion","7":"pa_brand-jean-paul-gaultier","8":"berocket_brand-jean-paul-gaultier","10":"first","11":"instock","12":"sale","13":"taxable","14":"shipping-taxable","15":"purchasable","16":"product-type-simple"},"_links":{"self":[{"href":"https:\/\/stylingagenten.com\/sv\/wp-json\/wp\/v2\/product\/24318","targetHints":{"allow":["GET"]}}],"collection":[{"href":"https:\/\/stylingagenten.com\/sv\/wp-json\/wp\/v2\/product"}],"about":[{"href":"https:\/\/stylingagenten.com\/sv\/wp-json\/wp\/v2\/types\/product"}],"replies":[{"embeddable":true,"href":"https:\/\/stylingagenten.com\/sv\/wp-json\/wp\/v2\/comments?post=24318"}],"version-history":[{"count":0,"href":"https:\/\/stylingagenten.com\/sv\/wp-json\/wp\/v2\/product\/24318\/revisions"}],"wp:featuredmedia":[{"embeddable":true,"href":"https:\/\/stylingagenten.com\/sv\/wp-json\/wp\/v2\/media\/24317"}],"wp:attachment":[{"href":"https:\/\/stylingagenten.com\/sv\/wp-json\/wp\/v2\/media?parent=24318"}],"wp:term":[{"taxonomy":"product_brand","embeddable":true,"href":"https:\/\/stylingagenten.com\/sv\/wp-json\/wp\/v2\/product_brand?post=24318"},{"taxonomy":"product_cat","embeddable":true,"href":"https:\/\/stylingagenten.com\/sv\/wp-json\/wp\/v2\/product_cat?post=24318"},{"taxonomy":"product_tag","embeddable":true,"href":"https:\/\/stylingagenten.com\/sv\/wp-json\/wp\/v2\/product_tag?post=24318"},{"taxonomy":"berocket_brand","embeddable":true,"href":"https:\/\/stylingagenten.com\/sv\/wp-json\/wp\/v2\/berocket_brand?post=24318"}],"curies":[{"name":"wp","href":"https:\/\/api.w.org\/{rel}","templated":true}]}}