{"id":23995,"date":"2025-01-27T12:25:06","date_gmt":"2025-01-27T12:25:06","guid":{"rendered":"https:\/\/staging2.stylingagenten.com\/sv\/produkt\/yves-saint-laurent-black-opium-edp-150ml\/"},"modified":"2025-11-18T15:23:06","modified_gmt":"2025-11-18T15:23:06","slug":"yves-saint-laurent-black-opium-edp-150ml","status":"publish","type":"product","link":"https:\/\/stylingagenten.com\/sv\/produkt\/yves-saint-laurent-black-opium-edp-150ml\/","title":{"rendered":"Yves Saint Laurent Black Opium Edp 150ml"},"content":{"rendered":"<p>Yves Saint Laurent Black Opium \u00e4r en rock n `roll tolkning av den klassiska doften Opium som framh\u00e4ver den mystiska och m\u00f6rka sidan av det ikoniska varum\u00e4rket Yves Saint Laurent. En beroendeframkallande och blommig doft med kaffenoter som tillf\u00f6r adrenalin, f\u00f6rf\u00f6riska jasminblommor och s\u00f6t, sensuell vanilj. <\/p>\n<p>Doftnoter:\u00a0ros\u00e9peppar, apelsinblomma, p\u00e4ron, kaffe, jasmin, vanilj, cedertr\u00e4 &amp; patchouli. <\/p>\n","protected":false},"excerpt":{"rendered":"<p>Yves Saint Laurent Black Opium \u00e4r en rock n `roll tolkning av den klassiska doften Opium som framh\u00e4ver den mystiska och m\u00f6rka sidan av det ikoniska varum\u00e4rket Yves Saint Laurent. En beroendeframkallande och blommig doft med kaffenoter som tillf\u00f6r adrenalin, f\u00f6rf\u00f6riska jasminblommor och s\u00f6t, sensuell vanilj. Doftnoter:\u00a0ros\u00e9peppar, apelsinblomma, p\u00e4ron, kaffe, jasmin, vanilj, cedertr\u00e4 &amp; patchouli.<\/p>\n","protected":false},"featured_media":23994,"comment_status":"open","ping_status":"closed","template":"","meta":{"_trash_the_other_posts":false},"product_brand":[],"product_cat":[706],"product_tag":[4287],"berocket_brand":[1119],"class_list":{"0":"post-23995","1":"product","2":"type-product","3":"status-publish","4":"has-post-thumbnail","6":"product_cat-eau-de-parfum-dam","7":"product_tag-yves-saint-laurent-black-opium-edp","8":"pa_brand-yves-saint-laurent","9":"pa_variant-150ml","10":"berocket_brand-yves-saint-laurent","12":"first","13":"outofstock","14":"sale","15":"taxable","16":"shipping-taxable","17":"purchasable","18":"product-type-simple"},"_links":{"self":[{"href":"https:\/\/stylingagenten.com\/sv\/wp-json\/wp\/v2\/product\/23995","targetHints":{"allow":["GET"]}}],"collection":[{"href":"https:\/\/stylingagenten.com\/sv\/wp-json\/wp\/v2\/product"}],"about":[{"href":"https:\/\/stylingagenten.com\/sv\/wp-json\/wp\/v2\/types\/product"}],"replies":[{"embeddable":true,"href":"https:\/\/stylingagenten.com\/sv\/wp-json\/wp\/v2\/comments?post=23995"}],"version-history":[{"count":0,"href":"https:\/\/stylingagenten.com\/sv\/wp-json\/wp\/v2\/product\/23995\/revisions"}],"wp:featuredmedia":[{"embeddable":true,"href":"https:\/\/stylingagenten.com\/sv\/wp-json\/wp\/v2\/media\/23994"}],"wp:attachment":[{"href":"https:\/\/stylingagenten.com\/sv\/wp-json\/wp\/v2\/media?parent=23995"}],"wp:term":[{"taxonomy":"product_brand","embeddable":true,"href":"https:\/\/stylingagenten.com\/sv\/wp-json\/wp\/v2\/product_brand?post=23995"},{"taxonomy":"product_cat","embeddable":true,"href":"https:\/\/stylingagenten.com\/sv\/wp-json\/wp\/v2\/product_cat?post=23995"},{"taxonomy":"product_tag","embeddable":true,"href":"https:\/\/stylingagenten.com\/sv\/wp-json\/wp\/v2\/product_tag?post=23995"},{"taxonomy":"berocket_brand","embeddable":true,"href":"https:\/\/stylingagenten.com\/sv\/wp-json\/wp\/v2\/berocket_brand?post=23995"}],"curies":[{"name":"wp","href":"https:\/\/api.w.org\/{rel}","templated":true}]}}