{"id":23906,"date":"2025-01-27T12:24:41","date_gmt":"2025-01-27T12:24:41","guid":{"rendered":"https:\/\/staging2.stylingagenten.com\/sv\/produkt\/kokie-micro-fine-eyebrow-pencil-black\/"},"modified":"2025-12-18T21:51:08","modified_gmt":"2025-12-18T21:51:08","slug":"kokie-micro-fine-eyebrow-pencil-black","status":"publish","type":"product","link":"https:\/\/stylingagenten.com\/sv\/produkt\/kokie-micro-fine-eyebrow-pencil-black\/","title":{"rendered":"Kokie Micro-Fine Eyebrow Pencil Black"},"content":{"rendered":"<p>Kokies Micro-Fine Eyebrow Pencil har en smal spets f\u00f6r att uppn\u00e5 h\u00e5rliknande drag med precision och en spoolie f\u00f6r att blanda till en naturlig finish. Denna l\u00e5ngvariga formula finns i fem smickrande nyanser.<\/p>\n<p>\u2022 Inf\u00e4llbar penna<br \/>\u2022 Mikrofint pigment<br \/>\u2022 Kladdfri<br \/>\u2022 Vattenresisten<\/p>\n","protected":false},"excerpt":{"rendered":"<p>Kokies Micro-Fine Eyebrow Pencil har en smal spets f\u00f6r att uppn\u00e5 h\u00e5rliknande drag med precision och en spoolie f\u00f6r att blanda till en naturlig finish. Denna l\u00e5ngvariga formula finns i fem smickrande nyanser. \u2022 Inf\u00e4llbar penna\u2022 Mikrofint pigment\u2022 Kladdfri\u2022 Vattenresisten<\/p>\n","protected":false},"featured_media":23890,"comment_status":"open","ping_status":"closed","template":"","meta":{"_trash_the_other_posts":false},"product_brand":[],"product_cat":[625],"product_tag":[3245],"berocket_brand":[1198],"class_list":{"0":"post-23906","1":"product","2":"type-product","3":"status-publish","4":"has-post-thumbnail","6":"product_cat-ogonbrynspenna","7":"product_tag-kokie-micro-fine-eyebrow-pencil","8":"pa_brand-kokie-cosmetics","9":"pa_variant-black","10":"berocket_brand-kokie-cosmetics","12":"first","13":"instock","14":"taxable","15":"shipping-taxable","16":"purchasable","17":"product-type-simple"},"_links":{"self":[{"href":"https:\/\/stylingagenten.com\/sv\/wp-json\/wp\/v2\/product\/23906","targetHints":{"allow":["GET"]}}],"collection":[{"href":"https:\/\/stylingagenten.com\/sv\/wp-json\/wp\/v2\/product"}],"about":[{"href":"https:\/\/stylingagenten.com\/sv\/wp-json\/wp\/v2\/types\/product"}],"replies":[{"embeddable":true,"href":"https:\/\/stylingagenten.com\/sv\/wp-json\/wp\/v2\/comments?post=23906"}],"version-history":[{"count":0,"href":"https:\/\/stylingagenten.com\/sv\/wp-json\/wp\/v2\/product\/23906\/revisions"}],"wp:featuredmedia":[{"embeddable":true,"href":"https:\/\/stylingagenten.com\/sv\/wp-json\/wp\/v2\/media\/23890"}],"wp:attachment":[{"href":"https:\/\/stylingagenten.com\/sv\/wp-json\/wp\/v2\/media?parent=23906"}],"wp:term":[{"taxonomy":"product_brand","embeddable":true,"href":"https:\/\/stylingagenten.com\/sv\/wp-json\/wp\/v2\/product_brand?post=23906"},{"taxonomy":"product_cat","embeddable":true,"href":"https:\/\/stylingagenten.com\/sv\/wp-json\/wp\/v2\/product_cat?post=23906"},{"taxonomy":"product_tag","embeddable":true,"href":"https:\/\/stylingagenten.com\/sv\/wp-json\/wp\/v2\/product_tag?post=23906"},{"taxonomy":"berocket_brand","embeddable":true,"href":"https:\/\/stylingagenten.com\/sv\/wp-json\/wp\/v2\/berocket_brand?post=23906"}],"curies":[{"name":"wp","href":"https:\/\/api.w.org\/{rel}","templated":true}]}}