{"id":23905,"date":"2025-01-27T12:24:41","date_gmt":"2025-01-27T12:24:41","guid":{"rendered":"https:\/\/staging2.stylingagenten.com\/sv\/produkt\/calvin-klein-women-edp-50ml\/"},"modified":"2025-11-18T15:23:24","modified_gmt":"2025-11-18T15:23:24","slug":"calvin-klein-women-edp-50ml","status":"publish","type":"product","link":"https:\/\/stylingagenten.com\/sv\/produkt\/calvin-klein-women-edp-50ml\/","title":{"rendered":"Calvin Klein Women Edp 50ml"},"content":{"rendered":"<p>Calvin Klein Women \u00e4r en feminin doft med en fin touch av sensualitet. Doften \u00e4r baserad p\u00e5 sp\u00e4nningen mellan en ljus och aromatisk blommig friskhet och en modern beroendeframkal-lande blandning av tr\u00e4noter. L\u00e4tthet hos apelsinblomman blandas med sensualism fr\u00e5n Euka-lyptusbladen och skapar en doft med unik struktur utan gr\u00e4nser. Calvin Klein Women \u00e4r en okonventionell fr\u00e4sch och tr\u00e4ig doft f\u00f6r KVINNOR. <\/p>\n<p>Toppnoter: eukalyptus, svartpeppar, citrus <br \/>Hj\u00e4rtnoter: apelsinblomma, magnolia, absolut jasmin <br \/>Basnoter: cedertr\u00e4 fr\u00e5n Alaska, olibanum, ambrox <\/p>\n","protected":false},"excerpt":{"rendered":"<p>Calvin Klein Women \u00e4r en feminin doft med en fin touch av sensualitet. Doften \u00e4r baserad p\u00e5 sp\u00e4nningen mellan en ljus och aromatisk blommig friskhet och en modern beroendeframkal-lande blandning av tr\u00e4noter. L\u00e4tthet hos apelsinblomman blandas med sensualism fr\u00e5n Euka-lyptusbladen och skapar en doft med unik struktur utan gr\u00e4nser. Calvin Klein Women \u00e4r en okonventionell [&hellip;]<\/p>\n","protected":false},"featured_media":23894,"comment_status":"open","ping_status":"closed","template":"","meta":{"_trash_the_other_posts":false},"product_brand":[],"product_cat":[737,706],"product_tag":[2684],"berocket_brand":[1014],"class_list":{"0":"post-23905","1":"product","2":"type-product","3":"status-publish","4":"has-post-thumbnail","6":"product_cat-calvin-klein-women","7":"product_cat-eau-de-parfum-dam","8":"product_tag-calvin-klein-women-edp","9":"pa_brand-calvin-klein","10":"pa_variant-50ml","11":"berocket_brand-calvin-klein","13":"first","14":"outofstock","15":"sale","16":"taxable","17":"shipping-taxable","18":"purchasable","19":"product-type-simple"},"_links":{"self":[{"href":"https:\/\/stylingagenten.com\/sv\/wp-json\/wp\/v2\/product\/23905","targetHints":{"allow":["GET"]}}],"collection":[{"href":"https:\/\/stylingagenten.com\/sv\/wp-json\/wp\/v2\/product"}],"about":[{"href":"https:\/\/stylingagenten.com\/sv\/wp-json\/wp\/v2\/types\/product"}],"replies":[{"embeddable":true,"href":"https:\/\/stylingagenten.com\/sv\/wp-json\/wp\/v2\/comments?post=23905"}],"version-history":[{"count":0,"href":"https:\/\/stylingagenten.com\/sv\/wp-json\/wp\/v2\/product\/23905\/revisions"}],"wp:featuredmedia":[{"embeddable":true,"href":"https:\/\/stylingagenten.com\/sv\/wp-json\/wp\/v2\/media\/23894"}],"wp:attachment":[{"href":"https:\/\/stylingagenten.com\/sv\/wp-json\/wp\/v2\/media?parent=23905"}],"wp:term":[{"taxonomy":"product_brand","embeddable":true,"href":"https:\/\/stylingagenten.com\/sv\/wp-json\/wp\/v2\/product_brand?post=23905"},{"taxonomy":"product_cat","embeddable":true,"href":"https:\/\/stylingagenten.com\/sv\/wp-json\/wp\/v2\/product_cat?post=23905"},{"taxonomy":"product_tag","embeddable":true,"href":"https:\/\/stylingagenten.com\/sv\/wp-json\/wp\/v2\/product_tag?post=23905"},{"taxonomy":"berocket_brand","embeddable":true,"href":"https:\/\/stylingagenten.com\/sv\/wp-json\/wp\/v2\/berocket_brand?post=23905"}],"curies":[{"name":"wp","href":"https:\/\/api.w.org\/{rel}","templated":true}]}}