{"id":23766,"date":"2025-01-27T12:24:02","date_gmt":"2025-01-27T12:24:02","guid":{"rendered":"https:\/\/staging2.stylingagenten.com\/sv\/produkt\/maybelline-brow-ultra-slim-pencil-02-soft-brown\/"},"modified":"2026-04-01T13:59:38","modified_gmt":"2026-04-01T13:59:38","slug":"maybelline-brow-ultra-slim-pencil-02-soft-brown","status":"publish","type":"product","link":"https:\/\/stylingagenten.com\/sv\/produkt\/maybelline-brow-ultra-slim-pencil-02-soft-brown\/","title":{"rendered":"Maybelline Brow Ultra Slim Pencil &#8211; 02 Soft Brown"},"content":{"rendered":"<p>F\u00e5 definierade och naturliga bryn med Brow Ultra Slim \u00f6gonbrynspenna. J\u00e4mn applicering med ultimat precision. Tunn 1,5 mm applikatorspets med h\u00e5rliknande kam som ger definierade, naturliga bryn hela dagen.<\/p>\n<p>Steg 1: Teckna sm\u00e5, l\u00e4tta str\u00e4ck l\u00e4ngs \u00f6gonbrynskonturen.<br \/>Steg 2: Anv\u00e4nd borsten och kamma brynen upp\u00e5t och ut\u00e5t f\u00f6r att j\u00e4mna ut f\u00e4rgen och fixera resultatet.<\/p>\n<p><\/p>\n","protected":false},"excerpt":{"rendered":"<p>F\u00e5 definierade och naturliga bryn med Brow Ultra Slim \u00f6gonbrynspenna. J\u00e4mn applicering med ultimat precision. Tunn 1,5 mm applikatorspets med h\u00e5rliknande kam som ger definierade, naturliga bryn hela dagen. Steg 1: Teckna sm\u00e5, l\u00e4tta str\u00e4ck l\u00e4ngs \u00f6gonbrynskonturen.Steg 2: Anv\u00e4nd borsten och kamma brynen upp\u00e5t och ut\u00e5t f\u00f6r att j\u00e4mna ut f\u00e4rgen och fixera resultatet.<\/p>\n","protected":false},"featured_media":23764,"comment_status":"open","ping_status":"closed","template":"","meta":{"_trash_the_other_posts":false},"product_brand":[],"product_cat":[625],"product_tag":[3608],"berocket_brand":[1016],"class_list":{"0":"post-23766","1":"product","2":"type-product","3":"status-publish","4":"has-post-thumbnail","6":"product_cat-ogonbrynspenna","7":"product_tag-maybelline-brow-ultra-slim-pencil","8":"pa_brand-maybelline","9":"pa_variant-02-soft-brown","10":"berocket_brand-maybelline","12":"first","13":"instock","14":"sale","15":"taxable","16":"shipping-taxable","17":"purchasable","18":"product-type-simple"},"_links":{"self":[{"href":"https:\/\/stylingagenten.com\/sv\/wp-json\/wp\/v2\/product\/23766","targetHints":{"allow":["GET"]}}],"collection":[{"href":"https:\/\/stylingagenten.com\/sv\/wp-json\/wp\/v2\/product"}],"about":[{"href":"https:\/\/stylingagenten.com\/sv\/wp-json\/wp\/v2\/types\/product"}],"replies":[{"embeddable":true,"href":"https:\/\/stylingagenten.com\/sv\/wp-json\/wp\/v2\/comments?post=23766"}],"version-history":[{"count":0,"href":"https:\/\/stylingagenten.com\/sv\/wp-json\/wp\/v2\/product\/23766\/revisions"}],"wp:featuredmedia":[{"embeddable":true,"href":"https:\/\/stylingagenten.com\/sv\/wp-json\/wp\/v2\/media\/23764"}],"wp:attachment":[{"href":"https:\/\/stylingagenten.com\/sv\/wp-json\/wp\/v2\/media?parent=23766"}],"wp:term":[{"taxonomy":"product_brand","embeddable":true,"href":"https:\/\/stylingagenten.com\/sv\/wp-json\/wp\/v2\/product_brand?post=23766"},{"taxonomy":"product_cat","embeddable":true,"href":"https:\/\/stylingagenten.com\/sv\/wp-json\/wp\/v2\/product_cat?post=23766"},{"taxonomy":"product_tag","embeddable":true,"href":"https:\/\/stylingagenten.com\/sv\/wp-json\/wp\/v2\/product_tag?post=23766"},{"taxonomy":"berocket_brand","embeddable":true,"href":"https:\/\/stylingagenten.com\/sv\/wp-json\/wp\/v2\/berocket_brand?post=23766"}],"curies":[{"name":"wp","href":"https:\/\/api.w.org\/{rel}","templated":true}]}}