{"id":23689,"date":"2025-01-27T12:23:38","date_gmt":"2025-01-27T12:23:38","guid":{"rendered":"https:\/\/staging2.stylingagenten.com\/sv\/produkt\/shiseido-crystal-gelgloss-lip-gloss-9ml\/"},"modified":"2026-03-30T07:31:11","modified_gmt":"2026-03-30T07:31:11","slug":"shiseido-crystal-gelgloss-lip-gloss-9ml","status":"publish","type":"product","link":"https:\/\/stylingagenten.com\/sv\/produkt\/shiseido-crystal-gelgloss-lip-gloss-9ml\/","title":{"rendered":"Shiseido Crystal GelGloss Lip Gloss 9ml"},"content":{"rendered":"<p>Ett reflekterande genomskinligt l\u00e4ppglans med l\u00e5ng h\u00e5llbarhet som ger fantastisk glans och fyllighet och f\u00f6rh\u00f6jer f\u00e4rgintrycket om den anv\u00e4nds som topcoat \u00f6ver en pigmenterad produkt. Glosset k\u00e4nns mjukt p\u00e5 l\u00e4pparna utan att klibba eller torka ut. Kan b\u00e4ras som den \u00e4r eller \u00f6ver andra l\u00e4pprodukter. Har en integrerad applikator som minskar risken f\u00f6r missf\u00e4rgning n\u00e4r glosset anv\u00e4nds \u00f6ver en pigmenterad produkt. <\/p>\n<p>Applicera p\u00e5 rengjorda l\u00e4ppar eller kindbenen f\u00f6r en daggfrisk lyster eller anv\u00e4nd som topcoat f\u00f6r att f\u00f6rh\u00f6ja effekten av pigmenterad produkt under. <\/p>\n","protected":false},"excerpt":{"rendered":"<p>Ett reflekterande genomskinligt l\u00e4ppglans med l\u00e5ng h\u00e5llbarhet som ger fantastisk glans och fyllighet och f\u00f6rh\u00f6jer f\u00e4rgintrycket om den anv\u00e4nds som topcoat \u00f6ver en pigmenterad produkt. Glosset k\u00e4nns mjukt p\u00e5 l\u00e4pparna utan att klibba eller torka ut. Kan b\u00e4ras som den \u00e4r eller \u00f6ver andra l\u00e4pprodukter. Har en integrerad applikator som minskar risken f\u00f6r missf\u00e4rgning n\u00e4r [&hellip;]<\/p>\n","protected":false},"featured_media":23688,"comment_status":"open","ping_status":"closed","template":"","meta":{"_trash_the_other_posts":false},"product_brand":[],"product_cat":[599],"product_tag":[],"berocket_brand":[1193],"class_list":{"0":"post-23689","1":"product","2":"type-product","3":"status-publish","4":"has-post-thumbnail","6":"product_cat-lappglans","7":"pa_brand-shiseido","8":"berocket_brand-shiseido","10":"first","11":"instock","12":"sale","13":"taxable","14":"shipping-taxable","15":"purchasable","16":"product-type-simple"},"_links":{"self":[{"href":"https:\/\/stylingagenten.com\/sv\/wp-json\/wp\/v2\/product\/23689","targetHints":{"allow":["GET"]}}],"collection":[{"href":"https:\/\/stylingagenten.com\/sv\/wp-json\/wp\/v2\/product"}],"about":[{"href":"https:\/\/stylingagenten.com\/sv\/wp-json\/wp\/v2\/types\/product"}],"replies":[{"embeddable":true,"href":"https:\/\/stylingagenten.com\/sv\/wp-json\/wp\/v2\/comments?post=23689"}],"version-history":[{"count":0,"href":"https:\/\/stylingagenten.com\/sv\/wp-json\/wp\/v2\/product\/23689\/revisions"}],"wp:featuredmedia":[{"embeddable":true,"href":"https:\/\/stylingagenten.com\/sv\/wp-json\/wp\/v2\/media\/23688"}],"wp:attachment":[{"href":"https:\/\/stylingagenten.com\/sv\/wp-json\/wp\/v2\/media?parent=23689"}],"wp:term":[{"taxonomy":"product_brand","embeddable":true,"href":"https:\/\/stylingagenten.com\/sv\/wp-json\/wp\/v2\/product_brand?post=23689"},{"taxonomy":"product_cat","embeddable":true,"href":"https:\/\/stylingagenten.com\/sv\/wp-json\/wp\/v2\/product_cat?post=23689"},{"taxonomy":"product_tag","embeddable":true,"href":"https:\/\/stylingagenten.com\/sv\/wp-json\/wp\/v2\/product_tag?post=23689"},{"taxonomy":"berocket_brand","embeddable":true,"href":"https:\/\/stylingagenten.com\/sv\/wp-json\/wp\/v2\/berocket_brand?post=23689"}],"curies":[{"name":"wp","href":"https:\/\/api.w.org\/{rel}","templated":true}]}}