{"id":23661,"date":"2025-01-27T12:23:31","date_gmt":"2025-01-27T12:23:31","guid":{"rendered":"https:\/\/staging2.stylingagenten.com\/sv\/produkt\/shiseido-synchro-skin-self-refreshing-custom-finish-powder-foundation-240-quartz-9g\/"},"modified":"2026-02-13T11:16:25","modified_gmt":"2026-02-13T11:16:25","slug":"shiseido-synchro-skin-self-refreshing-custom-finish-powder-foundation-240-quartz-9g","status":"publish","type":"product","link":"https:\/\/stylingagenten.com\/sv\/produkt\/shiseido-synchro-skin-self-refreshing-custom-finish-powder-foundation-240-quartz-9g\/","title":{"rendered":"Shiseido Synchro Skin Self Refreshing Custom Finish Powder Foundation &#8211; 240 Quartz 9g"},"content":{"rendered":"<p>Synchro Skin Self-Refreshing Custom Finish Powder Foundation \u00e4r en kr\u00e4mig puder-foundation som du kan applicera fuktig eller torr f\u00f6r en anpassad, naturlig finish som h\u00e5ller upp till 24h. Med hj\u00e4lp av ActiveForce TM-technology synkroniserar denna foundation med din hud och hj\u00e4lper den att motst\u00e5 v\u00e4rme, fukt och r\u00f6relse. Synchro Skin Self-Refreshing Custom Finish Powder \u00e5terfuktar huden hela dagen, \u00e4r viktl\u00f6s och ger en naturlig finish. Passar alla hudtyper. <\/p>\n","protected":false},"excerpt":{"rendered":"<p>Synchro Skin Self-Refreshing Custom Finish Powder Foundation \u00e4r en kr\u00e4mig puder-foundation som du kan applicera fuktig eller torr f\u00f6r en anpassad, naturlig finish som h\u00e5ller upp till 24h. Med hj\u00e4lp av ActiveForce TM-technology synkroniserar denna foundation med din hud och hj\u00e4lper den att motst\u00e5 v\u00e4rme, fukt och r\u00f6relse. Synchro Skin Self-Refreshing Custom Finish Powder \u00e5terfuktar [&hellip;]<\/p>\n","protected":false},"featured_media":23653,"comment_status":"open","ping_status":"closed","template":"","meta":{"_trash_the_other_posts":false},"product_brand":[],"product_cat":[718],"product_tag":[4156],"berocket_brand":[1193],"class_list":{"0":"post-23661","1":"product","2":"type-product","3":"status-publish","4":"has-post-thumbnail","6":"product_cat-puderfoundation","7":"product_tag-shiseido-synchro-skin-self-refreshing-custom-finish-powder-foundation-9g","8":"pa_brand-shiseido","9":"pa_variant-240-quartz","10":"berocket_brand-shiseido","12":"first","13":"instock","14":"sale","15":"taxable","16":"shipping-taxable","17":"purchasable","18":"product-type-simple"},"_links":{"self":[{"href":"https:\/\/stylingagenten.com\/sv\/wp-json\/wp\/v2\/product\/23661","targetHints":{"allow":["GET"]}}],"collection":[{"href":"https:\/\/stylingagenten.com\/sv\/wp-json\/wp\/v2\/product"}],"about":[{"href":"https:\/\/stylingagenten.com\/sv\/wp-json\/wp\/v2\/types\/product"}],"replies":[{"embeddable":true,"href":"https:\/\/stylingagenten.com\/sv\/wp-json\/wp\/v2\/comments?post=23661"}],"version-history":[{"count":0,"href":"https:\/\/stylingagenten.com\/sv\/wp-json\/wp\/v2\/product\/23661\/revisions"}],"wp:featuredmedia":[{"embeddable":true,"href":"https:\/\/stylingagenten.com\/sv\/wp-json\/wp\/v2\/media\/23653"}],"wp:attachment":[{"href":"https:\/\/stylingagenten.com\/sv\/wp-json\/wp\/v2\/media?parent=23661"}],"wp:term":[{"taxonomy":"product_brand","embeddable":true,"href":"https:\/\/stylingagenten.com\/sv\/wp-json\/wp\/v2\/product_brand?post=23661"},{"taxonomy":"product_cat","embeddable":true,"href":"https:\/\/stylingagenten.com\/sv\/wp-json\/wp\/v2\/product_cat?post=23661"},{"taxonomy":"product_tag","embeddable":true,"href":"https:\/\/stylingagenten.com\/sv\/wp-json\/wp\/v2\/product_tag?post=23661"},{"taxonomy":"berocket_brand","embeddable":true,"href":"https:\/\/stylingagenten.com\/sv\/wp-json\/wp\/v2\/berocket_brand?post=23661"}],"curies":[{"name":"wp","href":"https:\/\/api.w.org\/{rel}","templated":true}]}}