{"id":23628,"date":"2025-01-27T12:23:23","date_gmt":"2025-01-27T12:23:23","guid":{"rendered":"https:\/\/staging2.stylingagenten.com\/sv\/produkt\/shiseido-essential-energy-day-cream-spf20-50ml\/"},"modified":"2026-03-30T07:28:39","modified_gmt":"2026-03-30T07:28:39","slug":"shiseido-essential-energy-day-cream-spf20-50ml","status":"publish","type":"product","link":"https:\/\/stylingagenten.com\/sv\/produkt\/shiseido-essential-energy-day-cream-spf20-50ml\/","title":{"rendered":"Shiseido Essential Energy Day Cream SPF20 50ml"},"content":{"rendered":"<p>Shiseido introducerar Essential Energy Hydrating Day Cream Broad Spectrum SPF 20 i nytt utseende och med en f\u00f6rb\u00e4ttrad formula som \u00e5terfuktar i 24 timmar. G\u00f6r din hud mjuk och smidig hud med denna SPF-gelkr\u00e4m med ginsengrotsextrakt och Shiseidos egenutvecklade hyaluronsyra som ger djup och intensiv \u00e5terfuktning s\u00e5 att huden \u00e4r skyddad och redo f\u00f6r makeup. Den passar alla hudtyper, \u00e4ven en k\u00e4nslig, och minimerar synligheten av porer och fina linjer. <\/p>\n","protected":false},"excerpt":{"rendered":"<p>Shiseido introducerar Essential Energy Hydrating Day Cream Broad Spectrum SPF 20 i nytt utseende och med en f\u00f6rb\u00e4ttrad formula som \u00e5terfuktar i 24 timmar. G\u00f6r din hud mjuk och smidig hud med denna SPF-gelkr\u00e4m med ginsengrotsextrakt och Shiseidos egenutvecklade hyaluronsyra som ger djup och intensiv \u00e5terfuktning s\u00e5 att huden \u00e4r skyddad och redo f\u00f6r makeup. [&hellip;]<\/p>\n","protected":false},"featured_media":23627,"comment_status":"open","ping_status":"closed","template":"","meta":{"_trash_the_other_posts":false},"product_brand":[],"product_cat":[559],"product_tag":[],"berocket_brand":[1193],"class_list":{"0":"post-23628","1":"product","2":"type-product","3":"status-publish","4":"has-post-thumbnail","6":"product_cat-ansiktskram","7":"pa_brand-shiseido","8":"berocket_brand-shiseido","10":"first","11":"instock","12":"sale","13":"taxable","14":"shipping-taxable","15":"purchasable","16":"product-type-simple"},"_links":{"self":[{"href":"https:\/\/stylingagenten.com\/sv\/wp-json\/wp\/v2\/product\/23628","targetHints":{"allow":["GET"]}}],"collection":[{"href":"https:\/\/stylingagenten.com\/sv\/wp-json\/wp\/v2\/product"}],"about":[{"href":"https:\/\/stylingagenten.com\/sv\/wp-json\/wp\/v2\/types\/product"}],"replies":[{"embeddable":true,"href":"https:\/\/stylingagenten.com\/sv\/wp-json\/wp\/v2\/comments?post=23628"}],"version-history":[{"count":0,"href":"https:\/\/stylingagenten.com\/sv\/wp-json\/wp\/v2\/product\/23628\/revisions"}],"wp:featuredmedia":[{"embeddable":true,"href":"https:\/\/stylingagenten.com\/sv\/wp-json\/wp\/v2\/media\/23627"}],"wp:attachment":[{"href":"https:\/\/stylingagenten.com\/sv\/wp-json\/wp\/v2\/media?parent=23628"}],"wp:term":[{"taxonomy":"product_brand","embeddable":true,"href":"https:\/\/stylingagenten.com\/sv\/wp-json\/wp\/v2\/product_brand?post=23628"},{"taxonomy":"product_cat","embeddable":true,"href":"https:\/\/stylingagenten.com\/sv\/wp-json\/wp\/v2\/product_cat?post=23628"},{"taxonomy":"product_tag","embeddable":true,"href":"https:\/\/stylingagenten.com\/sv\/wp-json\/wp\/v2\/product_tag?post=23628"},{"taxonomy":"berocket_brand","embeddable":true,"href":"https:\/\/stylingagenten.com\/sv\/wp-json\/wp\/v2\/berocket_brand?post=23628"}],"curies":[{"name":"wp","href":"https:\/\/api.w.org\/{rel}","templated":true}]}}