{"id":23626,"date":"2025-01-27T12:23:22","date_gmt":"2025-01-27T12:23:22","guid":{"rendered":"https:\/\/staging2.stylingagenten.com\/sv\/produkt\/shiseido-clear-suncare-stick-spf50-20g\/"},"modified":"2026-04-14T10:20:27","modified_gmt":"2026-04-14T10:20:27","slug":"shiseido-clear-suncare-stick-spf50-20g","status":"publish","type":"product","link":"https:\/\/stylingagenten.com\/sv\/produkt\/shiseido-clear-suncare-stick-spf50-20g\/","title":{"rendered":"Shiseido Clear Suncare Stick Spf50+ 20g"},"content":{"rendered":"<p>Shiseido Clear Suncare Stick SPF50+ \u00e4r ett transparent solskyddsstick som smidigt appliceras direkt p\u00e5 huden d\u00e4r du \u00f6nskar utan kladd eller synliga rester. Med Shiseidos innovationsteknologi inom solskydd, mer effektiv och ger ett b\u00e4ttre skydd n\u00e4r den kommer i kontakt med v\u00e4rme, vatten eller svett. Perfekt f\u00f6r en aktiv vardag d\u00e4r solskyddet beh\u00f6ver sitta p\u00e5 plats samt har en mjukg\u00f6rande effekt.  <\/p>\n<p>Anv\u00e4ndning <br \/>Stiftet stryks p\u00e5 direkt \u00f6ver huden och kan anv\u00e4ndas p\u00e5 b\u00e5de ansikte och kropp. Applicera p\u00e5 morgonen f\u00f6re din makeup f\u00f6r primereffekt och \u00e5terapplicera sedan under dagen \u00f6ver din makeup f\u00f6r att s\u00e4kerst\u00e4lla maximallt skydd. <\/p>\n<p>20 g <\/p>\n","protected":false},"excerpt":{"rendered":"<p>Shiseido Clear Suncare Stick SPF50+ \u00e4r ett transparent solskyddsstick som smidigt appliceras direkt p\u00e5 huden d\u00e4r du \u00f6nskar utan kladd eller synliga rester. Med Shiseidos innovationsteknologi inom solskydd, mer effektiv och ger ett b\u00e4ttre skydd n\u00e4r den kommer i kontakt med v\u00e4rme, vatten eller svett. Perfekt f\u00f6r en aktiv vardag d\u00e4r solskyddet beh\u00f6ver sitta p\u00e5 [&hellip;]<\/p>\n","protected":false},"featured_media":23625,"comment_status":"open","ping_status":"closed","template":"","meta":{"_trash_the_other_posts":false},"product_brand":[],"product_cat":[573],"product_tag":[],"berocket_brand":[1193],"class_list":{"0":"post-23626","1":"product","2":"type-product","3":"status-publish","4":"has-post-thumbnail","6":"product_cat-solskydd","7":"pa_brand-shiseido","8":"berocket_brand-shiseido","10":"first","11":"instock","12":"sale","13":"taxable","14":"shipping-taxable","15":"purchasable","16":"product-type-simple"},"_links":{"self":[{"href":"https:\/\/stylingagenten.com\/sv\/wp-json\/wp\/v2\/product\/23626","targetHints":{"allow":["GET"]}}],"collection":[{"href":"https:\/\/stylingagenten.com\/sv\/wp-json\/wp\/v2\/product"}],"about":[{"href":"https:\/\/stylingagenten.com\/sv\/wp-json\/wp\/v2\/types\/product"}],"replies":[{"embeddable":true,"href":"https:\/\/stylingagenten.com\/sv\/wp-json\/wp\/v2\/comments?post=23626"}],"version-history":[{"count":0,"href":"https:\/\/stylingagenten.com\/sv\/wp-json\/wp\/v2\/product\/23626\/revisions"}],"wp:featuredmedia":[{"embeddable":true,"href":"https:\/\/stylingagenten.com\/sv\/wp-json\/wp\/v2\/media\/23625"}],"wp:attachment":[{"href":"https:\/\/stylingagenten.com\/sv\/wp-json\/wp\/v2\/media?parent=23626"}],"wp:term":[{"taxonomy":"product_brand","embeddable":true,"href":"https:\/\/stylingagenten.com\/sv\/wp-json\/wp\/v2\/product_brand?post=23626"},{"taxonomy":"product_cat","embeddable":true,"href":"https:\/\/stylingagenten.com\/sv\/wp-json\/wp\/v2\/product_cat?post=23626"},{"taxonomy":"product_tag","embeddable":true,"href":"https:\/\/stylingagenten.com\/sv\/wp-json\/wp\/v2\/product_tag?post=23626"},{"taxonomy":"berocket_brand","embeddable":true,"href":"https:\/\/stylingagenten.com\/sv\/wp-json\/wp\/v2\/berocket_brand?post=23626"}],"curies":[{"name":"wp","href":"https:\/\/api.w.org\/{rel}","templated":true}]}}