{"id":23577,"date":"2025-01-27T12:23:01","date_gmt":"2025-01-27T12:23:01","guid":{"rendered":"https:\/\/staging2.stylingagenten.com\/sv\/produkt\/loreal-air-volume-mega-mascara-black-9ml\/"},"modified":"2025-12-18T21:51:52","modified_gmt":"2025-12-18T21:51:52","slug":"loreal-air-volume-mega-mascara-black-9ml","status":"publish","type":"product","link":"https:\/\/stylingagenten.com\/sv\/produkt\/loreal-air-volume-mega-mascara-black-9ml\/","title":{"rendered":"L&#8217;Or\u00e9al Air Volume Mega Mascara Black 9ml"},"content":{"rendered":"<p>Mer volym, mindre tyngd! Air Volume Mega Mascara ger dig fransar med megavolym samtidigt som den k\u00e4nns superl\u00e4tt p\u00e5 fransarna. Borsten har dubbla borsth\u00e5r; de korta h\u00e5ren f\u00e5ngar och applicerar formulan l\u00e4ngs fransraden medan de l\u00e5nga borsth\u00e5ren f\u00f6rdelar formulan j\u00e4mnt \u00f6ver fransarna f\u00f6r att ge dig volymfyllda fransar. Mascaran har en vacker, rosa f\u00f6rpackning. Hypoallergen formula. Utan parfym.   9ml<\/p>\n","protected":false},"excerpt":{"rendered":"<p>Mer volym, mindre tyngd! Air Volume Mega Mascara ger dig fransar med megavolym samtidigt som den k\u00e4nns superl\u00e4tt p\u00e5 fransarna. Borsten har dubbla borsth\u00e5r; de korta h\u00e5ren f\u00e5ngar och applicerar formulan l\u00e4ngs fransraden medan de l\u00e5nga borsth\u00e5ren f\u00f6rdelar formulan j\u00e4mnt \u00f6ver fransarna f\u00f6r att ge dig volymfyllda fransar. Mascaran har en vacker, rosa f\u00f6rpackning. Hypoallergen [&hellip;]<\/p>\n","protected":false},"featured_media":23576,"comment_status":"open","ping_status":"closed","template":"","meta":{"_trash_the_other_posts":false},"product_brand":[],"product_cat":[618],"product_tag":[],"berocket_brand":[1019],"class_list":{"0":"post-23577","1":"product","2":"type-product","3":"status-publish","4":"has-post-thumbnail","6":"product_cat-mascara","7":"pa_brand-loreal-paris-2","8":"berocket_brand-loreal","10":"first","11":"instock","12":"sale","13":"taxable","14":"shipping-taxable","15":"purchasable","16":"product-type-simple"},"_links":{"self":[{"href":"https:\/\/stylingagenten.com\/sv\/wp-json\/wp\/v2\/product\/23577","targetHints":{"allow":["GET"]}}],"collection":[{"href":"https:\/\/stylingagenten.com\/sv\/wp-json\/wp\/v2\/product"}],"about":[{"href":"https:\/\/stylingagenten.com\/sv\/wp-json\/wp\/v2\/types\/product"}],"replies":[{"embeddable":true,"href":"https:\/\/stylingagenten.com\/sv\/wp-json\/wp\/v2\/comments?post=23577"}],"version-history":[{"count":0,"href":"https:\/\/stylingagenten.com\/sv\/wp-json\/wp\/v2\/product\/23577\/revisions"}],"wp:featuredmedia":[{"embeddable":true,"href":"https:\/\/stylingagenten.com\/sv\/wp-json\/wp\/v2\/media\/23576"}],"wp:attachment":[{"href":"https:\/\/stylingagenten.com\/sv\/wp-json\/wp\/v2\/media?parent=23577"}],"wp:term":[{"taxonomy":"product_brand","embeddable":true,"href":"https:\/\/stylingagenten.com\/sv\/wp-json\/wp\/v2\/product_brand?post=23577"},{"taxonomy":"product_cat","embeddable":true,"href":"https:\/\/stylingagenten.com\/sv\/wp-json\/wp\/v2\/product_cat?post=23577"},{"taxonomy":"product_tag","embeddable":true,"href":"https:\/\/stylingagenten.com\/sv\/wp-json\/wp\/v2\/product_tag?post=23577"},{"taxonomy":"berocket_brand","embeddable":true,"href":"https:\/\/stylingagenten.com\/sv\/wp-json\/wp\/v2\/berocket_brand?post=23577"}],"curies":[{"name":"wp","href":"https:\/\/api.w.org\/{rel}","templated":true}]}}