{"id":23564,"date":"2025-01-27T12:22:55","date_gmt":"2025-01-27T12:22:55","guid":{"rendered":"https:\/\/staging2.stylingagenten.com\/sv\/produkt\/max-factor-false-lash-effect-mascara-02-black-brown\/"},"modified":"2026-04-05T09:08:25","modified_gmt":"2026-04-05T09:08:25","slug":"max-factor-false-lash-effect-mascara-02-black-brown","status":"publish","type":"product","link":"https:\/\/stylingagenten.com\/sv\/produkt\/max-factor-false-lash-effect-mascara-02-black-brown\/","title":{"rendered":"Max Factor False Lash Effect Mascara 02 Black\/Brown"},"content":{"rendered":"<p>Max FactorFalse Lash Effect Mascara f\u00f6rdubblar storleken p\u00e5 dina fransar och ger ett resultat du bara trodde l\u00f6s\u00f6gonfransar kunde ge. Det \u00e4r s\u00e4songens m\u00e5ste bland make-upartisterna. Hemligheten \u00e4r en kombination av Max Factors st\u00f6rsta borste n\u00e5gonsin och formulan med Liquid Lash teknologin. F\u00f6r varje volymgivande svep med borsten \u00f6ver fransarna avger den mascara runt hela fransen utan att klumpa sig och ger dig fransar du bara v\u00e5gat dr\u00f6mma om.<\/p>\n<p>Anv\u00e4ndning: B\u00e4st teknik: B\u00f6j dina fransar i flera mindre hopp fr\u00e5n fransbas till topp s\u00e5 att du f\u00e5r en rundning. Anv\u00e4nd allts\u00e5 inte ett enda tryck, d\u00e5 blir resultatet en onaturlig V-form i st\u00e4llet. Tills\u00e4tt sedan False Lash Effect, s\u00e5 har du b\u00e5de ?\u00f6ppnad? blick, plus fantastisk volym och definition p\u00e5 nolltid.<\/p>\n<p>F\u00e4rg: Svart\/Brun<\/p>\n","protected":false},"excerpt":{"rendered":"<p>Max FactorFalse Lash Effect Mascara f\u00f6rdubblar storleken p\u00e5 dina fransar och ger ett resultat du bara trodde l\u00f6s\u00f6gonfransar kunde ge. Det \u00e4r s\u00e4songens m\u00e5ste bland make-upartisterna. Hemligheten \u00e4r en kombination av Max Factors st\u00f6rsta borste n\u00e5gonsin och formulan med Liquid Lash teknologin. F\u00f6r varje volymgivande svep med borsten \u00f6ver fransarna avger den mascara runt hela [&hellip;]<\/p>\n","protected":false},"featured_media":23559,"comment_status":"open","ping_status":"closed","template":"","meta":{"_trash_the_other_posts":false},"product_brand":[],"product_cat":[618],"product_tag":[],"berocket_brand":[1013],"class_list":{"0":"post-23564","1":"product","2":"type-product","3":"status-publish","4":"has-post-thumbnail","6":"product_cat-mascara","7":"pa_brand-max-factor","8":"berocket_brand-max-factor","10":"first","11":"instock","12":"sale","13":"taxable","14":"shipping-taxable","15":"purchasable","16":"product-type-simple"},"_links":{"self":[{"href":"https:\/\/stylingagenten.com\/sv\/wp-json\/wp\/v2\/product\/23564","targetHints":{"allow":["GET"]}}],"collection":[{"href":"https:\/\/stylingagenten.com\/sv\/wp-json\/wp\/v2\/product"}],"about":[{"href":"https:\/\/stylingagenten.com\/sv\/wp-json\/wp\/v2\/types\/product"}],"replies":[{"embeddable":true,"href":"https:\/\/stylingagenten.com\/sv\/wp-json\/wp\/v2\/comments?post=23564"}],"version-history":[{"count":0,"href":"https:\/\/stylingagenten.com\/sv\/wp-json\/wp\/v2\/product\/23564\/revisions"}],"wp:featuredmedia":[{"embeddable":true,"href":"https:\/\/stylingagenten.com\/sv\/wp-json\/wp\/v2\/media\/23559"}],"wp:attachment":[{"href":"https:\/\/stylingagenten.com\/sv\/wp-json\/wp\/v2\/media?parent=23564"}],"wp:term":[{"taxonomy":"product_brand","embeddable":true,"href":"https:\/\/stylingagenten.com\/sv\/wp-json\/wp\/v2\/product_brand?post=23564"},{"taxonomy":"product_cat","embeddable":true,"href":"https:\/\/stylingagenten.com\/sv\/wp-json\/wp\/v2\/product_cat?post=23564"},{"taxonomy":"product_tag","embeddable":true,"href":"https:\/\/stylingagenten.com\/sv\/wp-json\/wp\/v2\/product_tag?post=23564"},{"taxonomy":"berocket_brand","embeddable":true,"href":"https:\/\/stylingagenten.com\/sv\/wp-json\/wp\/v2\/berocket_brand?post=23564"}],"curies":[{"name":"wp","href":"https:\/\/api.w.org\/{rel}","templated":true}]}}