{"id":23554,"date":"2025-01-27T12:22:52","date_gmt":"2025-01-27T12:22:52","guid":{"rendered":"https:\/\/staging2.stylingagenten.com\/sv\/produkt\/maybelline-lash-sensational-sky-high-01-cosmic-black\/"},"modified":"2026-03-19T09:17:46","modified_gmt":"2026-03-19T09:17:46","slug":"maybelline-lash-sensational-sky-high-01-cosmic-black","status":"publish","type":"product","link":"https:\/\/stylingagenten.com\/sv\/produkt\/maybelline-lash-sensational-sky-high-01-cosmic-black\/","title":{"rendered":"Maybelline Lash Sensational Sky High 01 Cosmic Black"},"content":{"rendered":"<p>Maybelline Lash Sensational Sky High f\u00f6r en gr\u00e4nsl\u00f6s franslook med l\u00e4ngd och volym med intensivt, svart pigment. Flexibel borste f\u00f6r att n\u00e5 varje \u00f6gonfrans och skapa ett synligt resultat fr\u00e5n alla vinklar. Formula berikad med bambuextrakt och fibrer f\u00f6r l\u00e5nga, fylliga fransar. <\/p>\n<p>Anv\u00e4ndning: <br \/>F\u00f6r b\u00e4sta resultat, h\u00e5ll den flexibla borste mot fransarna och applicera fr\u00e5n rot till fransspets upprepade g\u00e5nger tills \u00f6nskad volym och l\u00e4ngd har uppn\u00e5tts. <\/p>\n<p>7,2 ml <\/p>\n","protected":false},"excerpt":{"rendered":"<p>Maybelline Lash Sensational Sky High f\u00f6r en gr\u00e4nsl\u00f6s franslook med l\u00e4ngd och volym med intensivt, svart pigment. Flexibel borste f\u00f6r att n\u00e5 varje \u00f6gonfrans och skapa ett synligt resultat fr\u00e5n alla vinklar. Formula berikad med bambuextrakt och fibrer f\u00f6r l\u00e5nga, fylliga fransar. Anv\u00e4ndning: F\u00f6r b\u00e4sta resultat, h\u00e5ll den flexibla borste mot fransarna och applicera fr\u00e5n [&hellip;]<\/p>\n","protected":false},"featured_media":23553,"comment_status":"open","ping_status":"closed","template":"","meta":{"_trash_the_other_posts":false},"product_brand":[],"product_cat":[618],"product_tag":[],"berocket_brand":[1016],"class_list":{"0":"post-23554","1":"product","2":"type-product","3":"status-publish","4":"has-post-thumbnail","6":"product_cat-mascara","7":"pa_brand-maybelline","8":"berocket_brand-maybelline","10":"first","11":"instock","12":"sale","13":"taxable","14":"shipping-taxable","15":"purchasable","16":"product-type-simple"},"_links":{"self":[{"href":"https:\/\/stylingagenten.com\/sv\/wp-json\/wp\/v2\/product\/23554","targetHints":{"allow":["GET"]}}],"collection":[{"href":"https:\/\/stylingagenten.com\/sv\/wp-json\/wp\/v2\/product"}],"about":[{"href":"https:\/\/stylingagenten.com\/sv\/wp-json\/wp\/v2\/types\/product"}],"replies":[{"embeddable":true,"href":"https:\/\/stylingagenten.com\/sv\/wp-json\/wp\/v2\/comments?post=23554"}],"version-history":[{"count":0,"href":"https:\/\/stylingagenten.com\/sv\/wp-json\/wp\/v2\/product\/23554\/revisions"}],"wp:featuredmedia":[{"embeddable":true,"href":"https:\/\/stylingagenten.com\/sv\/wp-json\/wp\/v2\/media\/23553"}],"wp:attachment":[{"href":"https:\/\/stylingagenten.com\/sv\/wp-json\/wp\/v2\/media?parent=23554"}],"wp:term":[{"taxonomy":"product_brand","embeddable":true,"href":"https:\/\/stylingagenten.com\/sv\/wp-json\/wp\/v2\/product_brand?post=23554"},{"taxonomy":"product_cat","embeddable":true,"href":"https:\/\/stylingagenten.com\/sv\/wp-json\/wp\/v2\/product_cat?post=23554"},{"taxonomy":"product_tag","embeddable":true,"href":"https:\/\/stylingagenten.com\/sv\/wp-json\/wp\/v2\/product_tag?post=23554"},{"taxonomy":"berocket_brand","embeddable":true,"href":"https:\/\/stylingagenten.com\/sv\/wp-json\/wp\/v2\/berocket_brand?post=23554"}],"curies":[{"name":"wp","href":"https:\/\/api.w.org\/{rel}","templated":true}]}}