{"id":23543,"date":"2025-01-27T12:22:49","date_gmt":"2025-01-27T12:22:49","guid":{"rendered":"https:\/\/staging2.stylingagenten.com\/sv\/produkt\/elie-saab-le-parfum-essentiel-edp-30ml\/"},"modified":"2026-03-26T18:23:58","modified_gmt":"2026-03-26T18:23:58","slug":"elie-saab-le-parfum-essentiel-edp-30ml","status":"publish","type":"product","link":"https:\/\/stylingagenten.com\/sv\/produkt\/elie-saab-le-parfum-essentiel-edp-30ml\/","title":{"rendered":"Elie Saab Le Parfum Essentiel Edp 30ml"},"content":{"rendered":"<p>Le Parfum Essentiel &#8211; den essentiella parfymen fr\u00e5n Elie Saab: en bubblande doft av mandarin tillsammans med en omslutande infusion av gardenia och sofistikerade noter av cedertr\u00e4. Elie Saab presenterar en ny version av signaturdoften f\u00f6r kvinnor som vet hur man h\u00e5ller saker och ting enkla och okomplicerade. En vacker och underbar tillflykt, l\u00e5ngt bort fr\u00e5n stadens skarpa ljud och ljus, till att \u00e5teruppt\u00e4cka dina r\u00f6tter. Dina v\u00e4rderingar. Dig sj\u00e4lv.<\/p>\n<p>Toppnoter: Mandarinessens, Apelsinblom<br \/>Hj\u00e4rtnoter: Gardenia<br \/>Basnoter: Cedertr\u00e4essens, Patchouli<\/p>\n","protected":false},"excerpt":{"rendered":"<p>Le Parfum Essentiel &#8211; den essentiella parfymen fr\u00e5n Elie Saab: en bubblande doft av mandarin tillsammans med en omslutande infusion av gardenia och sofistikerade noter av cedertr\u00e4. Elie Saab presenterar en ny version av signaturdoften f\u00f6r kvinnor som vet hur man h\u00e5ller saker och ting enkla och okomplicerade. En vacker och underbar tillflykt, l\u00e5ngt bort [&hellip;]<\/p>\n","protected":false},"featured_media":23540,"comment_status":"open","ping_status":"closed","template":"","meta":{"_trash_the_other_posts":false},"product_brand":[],"product_cat":[706,735,999,1006],"product_tag":[2893],"berocket_brand":[1302],"class_list":{"0":"post-23543","1":"product","2":"type-product","3":"status-publish","4":"has-post-thumbnail","6":"product_cat-eau-de-parfum-dam","7":"product_cat-kampanj","8":"product_cat-kampanj-for-henne","9":"product_cat-kampanjpris","10":"product_tag-elie-saab-le-parfum-essentiel-edp","11":"pa_brand-elie-saab","12":"pa_variant-30ml","13":"berocket_brand-elie-saab","15":"first","16":"instock","17":"sale","18":"taxable","19":"shipping-taxable","20":"purchasable","21":"product-type-simple"},"_links":{"self":[{"href":"https:\/\/stylingagenten.com\/sv\/wp-json\/wp\/v2\/product\/23543","targetHints":{"allow":["GET"]}}],"collection":[{"href":"https:\/\/stylingagenten.com\/sv\/wp-json\/wp\/v2\/product"}],"about":[{"href":"https:\/\/stylingagenten.com\/sv\/wp-json\/wp\/v2\/types\/product"}],"replies":[{"embeddable":true,"href":"https:\/\/stylingagenten.com\/sv\/wp-json\/wp\/v2\/comments?post=23543"}],"version-history":[{"count":0,"href":"https:\/\/stylingagenten.com\/sv\/wp-json\/wp\/v2\/product\/23543\/revisions"}],"wp:featuredmedia":[{"embeddable":true,"href":"https:\/\/stylingagenten.com\/sv\/wp-json\/wp\/v2\/media\/23540"}],"wp:attachment":[{"href":"https:\/\/stylingagenten.com\/sv\/wp-json\/wp\/v2\/media?parent=23543"}],"wp:term":[{"taxonomy":"product_brand","embeddable":true,"href":"https:\/\/stylingagenten.com\/sv\/wp-json\/wp\/v2\/product_brand?post=23543"},{"taxonomy":"product_cat","embeddable":true,"href":"https:\/\/stylingagenten.com\/sv\/wp-json\/wp\/v2\/product_cat?post=23543"},{"taxonomy":"product_tag","embeddable":true,"href":"https:\/\/stylingagenten.com\/sv\/wp-json\/wp\/v2\/product_tag?post=23543"},{"taxonomy":"berocket_brand","embeddable":true,"href":"https:\/\/stylingagenten.com\/sv\/wp-json\/wp\/v2\/berocket_brand?post=23543"}],"curies":[{"name":"wp","href":"https:\/\/api.w.org\/{rel}","templated":true}]}}