{"id":23440,"date":"2025-01-27T12:21:54","date_gmt":"2025-01-27T12:21:54","guid":{"rendered":"https:\/\/staging2.stylingagenten.com\/sv\/produkt\/lumene-nordic-chic-sheer-finish-loose-powder-8g\/"},"modified":"2025-11-18T15:25:17","modified_gmt":"2025-11-18T15:25:17","slug":"lumene-nordic-chic-sheer-finish-loose-powder-8g","status":"publish","type":"product","link":"https:\/\/stylingagenten.com\/sv\/produkt\/lumene-nordic-chic-sheer-finish-loose-powder-8g\/","title":{"rendered":"Lumene Nordic Chic Sheer Finish Loose Powder 8g"},"content":{"rendered":"<p>Bibeh\u00e5ll en matt look med Sheer Finish Loose Powder! Detta ultramjuka, fina l\u00f6spuder \u00e4r den ultimata l\u00f6sningen f\u00f6r en glansfri look som h\u00e5ller l\u00e4nge. Pudret \u00e4r ultramjuk och finmalet f\u00f6r att ge en s\u00e5 naturlig finish som m\u00f6jligt samt bidra med en komfortabel k\u00e4nsla. Sheer Finish Loose Powder hj\u00e4lper till att &#8221;sudda ut&#8221; oj\u00e4mnheter och mjukar upp mindre linjer medan de \u00e4ven verkar talgabsorberande f\u00f6r en matt finish. <\/p>\n<p>Inneh\u00e5ll: 8 g <\/p>\n","protected":false},"excerpt":{"rendered":"<p>Bibeh\u00e5ll en matt look med Sheer Finish Loose Powder! Detta ultramjuka, fina l\u00f6spuder \u00e4r den ultimata l\u00f6sningen f\u00f6r en glansfri look som h\u00e5ller l\u00e4nge. Pudret \u00e4r ultramjuk och finmalet f\u00f6r att ge en s\u00e5 naturlig finish som m\u00f6jligt samt bidra med en komfortabel k\u00e4nsla. Sheer Finish Loose Powder hj\u00e4lper till att &#8221;sudda ut&#8221; oj\u00e4mnheter och [&hellip;]<\/p>\n","protected":false},"featured_media":23439,"comment_status":"open","ping_status":"closed","template":"","meta":{"_trash_the_other_posts":false},"product_brand":[],"product_cat":[606],"product_tag":[],"berocket_brand":[1063],"class_list":{"0":"post-23440","1":"product","2":"type-product","3":"status-publish","4":"has-post-thumbnail","6":"product_cat-puder","7":"pa_brand-lumene","8":"berocket_brand-lumene","10":"first","11":"outofstock","12":"sale","13":"taxable","14":"shipping-taxable","15":"purchasable","16":"product-type-simple"},"_links":{"self":[{"href":"https:\/\/stylingagenten.com\/sv\/wp-json\/wp\/v2\/product\/23440","targetHints":{"allow":["GET"]}}],"collection":[{"href":"https:\/\/stylingagenten.com\/sv\/wp-json\/wp\/v2\/product"}],"about":[{"href":"https:\/\/stylingagenten.com\/sv\/wp-json\/wp\/v2\/types\/product"}],"replies":[{"embeddable":true,"href":"https:\/\/stylingagenten.com\/sv\/wp-json\/wp\/v2\/comments?post=23440"}],"version-history":[{"count":0,"href":"https:\/\/stylingagenten.com\/sv\/wp-json\/wp\/v2\/product\/23440\/revisions"}],"wp:featuredmedia":[{"embeddable":true,"href":"https:\/\/stylingagenten.com\/sv\/wp-json\/wp\/v2\/media\/23439"}],"wp:attachment":[{"href":"https:\/\/stylingagenten.com\/sv\/wp-json\/wp\/v2\/media?parent=23440"}],"wp:term":[{"taxonomy":"product_brand","embeddable":true,"href":"https:\/\/stylingagenten.com\/sv\/wp-json\/wp\/v2\/product_brand?post=23440"},{"taxonomy":"product_cat","embeddable":true,"href":"https:\/\/stylingagenten.com\/sv\/wp-json\/wp\/v2\/product_cat?post=23440"},{"taxonomy":"product_tag","embeddable":true,"href":"https:\/\/stylingagenten.com\/sv\/wp-json\/wp\/v2\/product_tag?post=23440"},{"taxonomy":"berocket_brand","embeddable":true,"href":"https:\/\/stylingagenten.com\/sv\/wp-json\/wp\/v2\/berocket_brand?post=23440"}],"curies":[{"name":"wp","href":"https:\/\/api.w.org\/{rel}","templated":true}]}}