{"id":23428,"date":"2025-01-27T12:21:46","date_gmt":"2025-01-27T12:21:46","guid":{"rendered":"https:\/\/staging2.stylingagenten.com\/sv\/produkt\/paco-rabanne-crazy-me-edp-62ml\/"},"modified":"2026-03-11T20:34:27","modified_gmt":"2026-03-11T20:34:27","slug":"paco-rabanne-crazy-me-edp-62ml","status":"publish","type":"product","link":"https:\/\/stylingagenten.com\/sv\/produkt\/paco-rabanne-crazy-me-edp-62ml\/","title":{"rendered":"Paco Rabanne Crazy Me Edp 62ml"},"content":{"rendered":"<p>Crazy me, unisex eau de parfum, en modern och \u00f6verraskande tolkning av mimosablomman.<br \/> En touch av wasabi, sammetslen mimosa. Mjuk och skarp. En blommig doft, f\u00f6rvandlad av Paco Rabanne.<br \/>Pudrig, honungsartad mimosa skakas om med wasabi: gr\u00f6n metall sk\u00e4r genom runda, rika svarta vinb\u00e4r och sandeltr\u00e4.<\/p>\n","protected":false},"excerpt":{"rendered":"<p>Crazy me, unisex eau de parfum, en modern och \u00f6verraskande tolkning av mimosablomman. En touch av wasabi, sammetslen mimosa. Mjuk och skarp. En blommig doft, f\u00f6rvandlad av Paco Rabanne.Pudrig, honungsartad mimosa skakas om med wasabi: gr\u00f6n metall sk\u00e4r genom runda, rika svarta vinb\u00e4r och sandeltr\u00e4.<\/p>\n","protected":false},"featured_media":23427,"comment_status":"open","ping_status":"closed","template":"","meta":{"_trash_the_other_posts":false},"product_brand":[],"product_cat":[708,1006,713],"product_tag":[],"berocket_brand":[1048],"class_list":{"0":"post-23428","1":"product","2":"type-product","3":"status-publish","4":"has-post-thumbnail","6":"product_cat-eau-de-parfum-herr","7":"product_cat-kampanjpris","8":"product_cat-parfym-unisex","9":"pa_brand-paco-rabanne","10":"berocket_brand-paco-rabanne","12":"first","13":"instock","14":"sale","15":"taxable","16":"shipping-taxable","17":"purchasable","18":"product-type-simple"},"_links":{"self":[{"href":"https:\/\/stylingagenten.com\/sv\/wp-json\/wp\/v2\/product\/23428","targetHints":{"allow":["GET"]}}],"collection":[{"href":"https:\/\/stylingagenten.com\/sv\/wp-json\/wp\/v2\/product"}],"about":[{"href":"https:\/\/stylingagenten.com\/sv\/wp-json\/wp\/v2\/types\/product"}],"replies":[{"embeddable":true,"href":"https:\/\/stylingagenten.com\/sv\/wp-json\/wp\/v2\/comments?post=23428"}],"version-history":[{"count":0,"href":"https:\/\/stylingagenten.com\/sv\/wp-json\/wp\/v2\/product\/23428\/revisions"}],"wp:featuredmedia":[{"embeddable":true,"href":"https:\/\/stylingagenten.com\/sv\/wp-json\/wp\/v2\/media\/23427"}],"wp:attachment":[{"href":"https:\/\/stylingagenten.com\/sv\/wp-json\/wp\/v2\/media?parent=23428"}],"wp:term":[{"taxonomy":"product_brand","embeddable":true,"href":"https:\/\/stylingagenten.com\/sv\/wp-json\/wp\/v2\/product_brand?post=23428"},{"taxonomy":"product_cat","embeddable":true,"href":"https:\/\/stylingagenten.com\/sv\/wp-json\/wp\/v2\/product_cat?post=23428"},{"taxonomy":"product_tag","embeddable":true,"href":"https:\/\/stylingagenten.com\/sv\/wp-json\/wp\/v2\/product_tag?post=23428"},{"taxonomy":"berocket_brand","embeddable":true,"href":"https:\/\/stylingagenten.com\/sv\/wp-json\/wp\/v2\/berocket_brand?post=23428"}],"curies":[{"name":"wp","href":"https:\/\/api.w.org\/{rel}","templated":true}]}}