{"id":23282,"date":"2025-01-27T12:20:45","date_gmt":"2025-01-27T12:20:45","guid":{"rendered":"https:\/\/staging2.stylingagenten.com\/sv\/produkt\/milk_shake-sun-more-sunscreen-face-cream-spf50-75ml\/"},"modified":"2025-12-18T21:54:17","modified_gmt":"2025-12-18T21:54:17","slug":"milk_shake-sun-more-sunscreen-face-cream-spf50-75ml","status":"publish","type":"product","link":"https:\/\/stylingagenten.com\/sv\/produkt\/milk_shake-sun-more-sunscreen-face-cream-spf50-75ml\/","title":{"rendered":"Milk_Shake Sun &amp; More Sunscreen Face Cream Spf50 + 75ml"},"content":{"rendered":"<p>En solkr\u00e4m f\u00f6r ansiktet som passar k\u00e4nslig och delikat hud. L\u00e4tt konsistens som snabbt absorberas utan att l\u00e4mna rester. N\u00e4ringsrik och h\u00f6gt skyddad med SPF 50+.<\/p>\n","protected":false},"excerpt":{"rendered":"<p>En solkr\u00e4m f\u00f6r ansiktet som passar k\u00e4nslig och delikat hud. L\u00e4tt konsistens som snabbt absorberas utan att l\u00e4mna rester. N\u00e4ringsrik och h\u00f6gt skyddad med SPF 50+.<\/p>\n","protected":false},"featured_media":23281,"comment_status":"open","ping_status":"closed","template":"","meta":{"_trash_the_other_posts":false},"product_brand":[],"product_cat":[573],"product_tag":[],"berocket_brand":[1085],"class_list":{"0":"post-23282","1":"product","2":"type-product","3":"status-publish","4":"has-post-thumbnail","6":"product_cat-solskydd","7":"pa_brand-milk_shake","8":"berocket_brand-milk_shake","10":"first","11":"instock","12":"sale","13":"taxable","14":"shipping-taxable","15":"purchasable","16":"product-type-simple"},"_links":{"self":[{"href":"https:\/\/stylingagenten.com\/sv\/wp-json\/wp\/v2\/product\/23282","targetHints":{"allow":["GET"]}}],"collection":[{"href":"https:\/\/stylingagenten.com\/sv\/wp-json\/wp\/v2\/product"}],"about":[{"href":"https:\/\/stylingagenten.com\/sv\/wp-json\/wp\/v2\/types\/product"}],"replies":[{"embeddable":true,"href":"https:\/\/stylingagenten.com\/sv\/wp-json\/wp\/v2\/comments?post=23282"}],"version-history":[{"count":0,"href":"https:\/\/stylingagenten.com\/sv\/wp-json\/wp\/v2\/product\/23282\/revisions"}],"wp:featuredmedia":[{"embeddable":true,"href":"https:\/\/stylingagenten.com\/sv\/wp-json\/wp\/v2\/media\/23281"}],"wp:attachment":[{"href":"https:\/\/stylingagenten.com\/sv\/wp-json\/wp\/v2\/media?parent=23282"}],"wp:term":[{"taxonomy":"product_brand","embeddable":true,"href":"https:\/\/stylingagenten.com\/sv\/wp-json\/wp\/v2\/product_brand?post=23282"},{"taxonomy":"product_cat","embeddable":true,"href":"https:\/\/stylingagenten.com\/sv\/wp-json\/wp\/v2\/product_cat?post=23282"},{"taxonomy":"product_tag","embeddable":true,"href":"https:\/\/stylingagenten.com\/sv\/wp-json\/wp\/v2\/product_tag?post=23282"},{"taxonomy":"berocket_brand","embeddable":true,"href":"https:\/\/stylingagenten.com\/sv\/wp-json\/wp\/v2\/berocket_brand?post=23282"}],"curies":[{"name":"wp","href":"https:\/\/api.w.org\/{rel}","templated":true}]}}