{"id":23158,"date":"2025-01-27T12:20:07","date_gmt":"2025-01-27T12:20:07","guid":{"rendered":"https:\/\/staging2.stylingagenten.com\/sv\/produkt\/nyx-prof-makeup-rocker-chic-palette-in-california-dreamin\/"},"modified":"2026-04-11T17:58:50","modified_gmt":"2026-04-11T17:58:50","slug":"nyx-prof-makeup-rocker-chic-palette-in-california-dreamin","status":"publish","type":"product","link":"https:\/\/stylingagenten.com\/sv\/produkt\/nyx-prof-makeup-rocker-chic-palette-in-california-dreamin\/","title":{"rendered":"NYX PROF. MAKEUP Rocker Chic Palette &#8211; In California Dreamin"},"content":{"rendered":"<p>NYX PROFESSIONAL MAKEUP Rocker Chic Palette &#8211; In California Dreamin kan du g\u00e5 fram till mikrofonen och h\u00e4nf\u00f6ra publiken med dina dj\u00e4rva toner. NYX PROFESSIONAL MAKEUP Rocker Chic Palette &#8211; In California Dreamin inneh\u00e5ller fem livliga \u00f6gonskuggor som du anv\u00e4nda f\u00f6r att f\u00f6rvandla varje mjuk look till en dramatisk s\u00e5dan. Med denna palett \u00e4r du redo f\u00f6r vilket gig som helst.<\/p>\n","protected":false},"excerpt":{"rendered":"<p>NYX PROFESSIONAL MAKEUP Rocker Chic Palette &#8211; In California Dreamin kan du g\u00e5 fram till mikrofonen och h\u00e4nf\u00f6ra publiken med dina dj\u00e4rva toner. NYX PROFESSIONAL MAKEUP Rocker Chic Palette &#8211; In California Dreamin inneh\u00e5ller fem livliga \u00f6gonskuggor som du anv\u00e4nda f\u00f6r att f\u00f6rvandla varje mjuk look till en dramatisk s\u00e5dan. Med denna palett \u00e4r du [&hellip;]<\/p>\n","protected":false},"featured_media":23157,"comment_status":"open","ping_status":"closed","template":"","meta":{"_trash_the_other_posts":false},"product_brand":[],"product_cat":[581,1005],"product_tag":[3821],"berocket_brand":[1025],"class_list":{"0":"post-23158","1":"product","2":"type-product","3":"status-publish","4":"has-post-thumbnail","6":"product_cat-ogonskugga","7":"product_cat-outlet","8":"product_tag-nyx-prof-makeup-rocker-chic-palette","9":"pa_brand-nyx","10":"pa_variant-in-california-dreamin","11":"berocket_brand-nyx","13":"first","14":"instock","15":"sale","16":"taxable","17":"shipping-taxable","18":"purchasable","19":"product-type-simple"},"_links":{"self":[{"href":"https:\/\/stylingagenten.com\/sv\/wp-json\/wp\/v2\/product\/23158","targetHints":{"allow":["GET"]}}],"collection":[{"href":"https:\/\/stylingagenten.com\/sv\/wp-json\/wp\/v2\/product"}],"about":[{"href":"https:\/\/stylingagenten.com\/sv\/wp-json\/wp\/v2\/types\/product"}],"replies":[{"embeddable":true,"href":"https:\/\/stylingagenten.com\/sv\/wp-json\/wp\/v2\/comments?post=23158"}],"version-history":[{"count":0,"href":"https:\/\/stylingagenten.com\/sv\/wp-json\/wp\/v2\/product\/23158\/revisions"}],"wp:featuredmedia":[{"embeddable":true,"href":"https:\/\/stylingagenten.com\/sv\/wp-json\/wp\/v2\/media\/23157"}],"wp:attachment":[{"href":"https:\/\/stylingagenten.com\/sv\/wp-json\/wp\/v2\/media?parent=23158"}],"wp:term":[{"taxonomy":"product_brand","embeddable":true,"href":"https:\/\/stylingagenten.com\/sv\/wp-json\/wp\/v2\/product_brand?post=23158"},{"taxonomy":"product_cat","embeddable":true,"href":"https:\/\/stylingagenten.com\/sv\/wp-json\/wp\/v2\/product_cat?post=23158"},{"taxonomy":"product_tag","embeddable":true,"href":"https:\/\/stylingagenten.com\/sv\/wp-json\/wp\/v2\/product_tag?post=23158"},{"taxonomy":"berocket_brand","embeddable":true,"href":"https:\/\/stylingagenten.com\/sv\/wp-json\/wp\/v2\/berocket_brand?post=23158"}],"curies":[{"name":"wp","href":"https:\/\/api.w.org\/{rel}","templated":true}]}}