{"id":23017,"date":"2025-01-27T12:19:24","date_gmt":"2025-01-27T12:19:24","guid":{"rendered":"https:\/\/staging2.stylingagenten.com\/sv\/produkt\/rco-magic-wand-brow-gel-4ml\/"},"modified":"2026-03-16T11:59:22","modified_gmt":"2026-03-16T11:59:22","slug":"rco-magic-wand-brow-gel-4ml","status":"publish","type":"product","link":"https:\/\/stylingagenten.com\/sv\/produkt\/rco-magic-wand-brow-gel-4ml\/","title":{"rendered":"R+Co Magic Wand Brow Gel 4ml"},"content":{"rendered":"<p>F\u00f6rtrolla dagen med MAGIC WAND, en klibbfri bryngel\u00e9 som t\u00e4mjer och konditionerar dina bryn samtidigt som dom h\u00e5lls p\u00e5 plats. Perfekt f\u00f6r en fyllig och polerad look som h\u00e5ller l\u00e4nge.<\/p>\n<p>Bra f\u00f6r: Mjukg\u00f6r och definierar brynens h\u00e5rstr\u00e5n utan att dem klibbar eller flagar.<\/p>\n<p>G\u00f6r s\u00e5 h\u00e4r: Applicera gel\u00e9n med korta borstdrag upp\u00e5t. Kan anv\u00e4ndas ensam eller som en finishprodukt.<\/p>\n","protected":false},"excerpt":{"rendered":"<p>F\u00f6rtrolla dagen med MAGIC WAND, en klibbfri bryngel\u00e9 som t\u00e4mjer och konditionerar dina bryn samtidigt som dom h\u00e5lls p\u00e5 plats. Perfekt f\u00f6r en fyllig och polerad look som h\u00e5ller l\u00e4nge. Bra f\u00f6r: Mjukg\u00f6r och definierar brynens h\u00e5rstr\u00e5n utan att dem klibbar eller flagar. G\u00f6r s\u00e5 h\u00e4r: Applicera gel\u00e9n med korta borstdrag upp\u00e5t. Kan anv\u00e4ndas ensam [&hellip;]<\/p>\n","protected":false},"featured_media":23016,"comment_status":"open","ping_status":"closed","template":"","meta":{"_trash_the_other_posts":false},"product_brand":[],"product_cat":[627],"product_tag":[],"berocket_brand":[1373],"class_list":{"0":"post-23017","1":"product","2":"type-product","3":"status-publish","4":"has-post-thumbnail","6":"product_cat-ogonbrynsgel","7":"pa_brand-rco","8":"berocket_brand-rco","10":"first","11":"outofstock","12":"sale","13":"taxable","14":"shipping-taxable","15":"purchasable","16":"product-type-simple"},"_links":{"self":[{"href":"https:\/\/stylingagenten.com\/sv\/wp-json\/wp\/v2\/product\/23017","targetHints":{"allow":["GET"]}}],"collection":[{"href":"https:\/\/stylingagenten.com\/sv\/wp-json\/wp\/v2\/product"}],"about":[{"href":"https:\/\/stylingagenten.com\/sv\/wp-json\/wp\/v2\/types\/product"}],"replies":[{"embeddable":true,"href":"https:\/\/stylingagenten.com\/sv\/wp-json\/wp\/v2\/comments?post=23017"}],"version-history":[{"count":0,"href":"https:\/\/stylingagenten.com\/sv\/wp-json\/wp\/v2\/product\/23017\/revisions"}],"wp:featuredmedia":[{"embeddable":true,"href":"https:\/\/stylingagenten.com\/sv\/wp-json\/wp\/v2\/media\/23016"}],"wp:attachment":[{"href":"https:\/\/stylingagenten.com\/sv\/wp-json\/wp\/v2\/media?parent=23017"}],"wp:term":[{"taxonomy":"product_brand","embeddable":true,"href":"https:\/\/stylingagenten.com\/sv\/wp-json\/wp\/v2\/product_brand?post=23017"},{"taxonomy":"product_cat","embeddable":true,"href":"https:\/\/stylingagenten.com\/sv\/wp-json\/wp\/v2\/product_cat?post=23017"},{"taxonomy":"product_tag","embeddable":true,"href":"https:\/\/stylingagenten.com\/sv\/wp-json\/wp\/v2\/product_tag?post=23017"},{"taxonomy":"berocket_brand","embeddable":true,"href":"https:\/\/stylingagenten.com\/sv\/wp-json\/wp\/v2\/berocket_brand?post=23017"}],"curies":[{"name":"wp","href":"https:\/\/api.w.org\/{rel}","templated":true}]}}