{"id":23009,"date":"2025-01-27T12:19:22","date_gmt":"2025-01-27T12:19:22","guid":{"rendered":"https:\/\/staging2.stylingagenten.com\/sv\/produkt\/rco-death-valley-dry-shampoo-75ml\/"},"modified":"2025-11-18T15:26:51","modified_gmt":"2025-11-18T15:26:51","slug":"rco-death-valley-dry-shampoo-75ml","status":"publish","type":"product","link":"https:\/\/stylingagenten.com\/sv\/produkt\/rco-death-valley-dry-shampoo-75ml\/","title":{"rendered":"R+Co Death Valley Dry Shampoo 75ml"},"content":{"rendered":"<p>Death Valley Dry Shampoo<br \/>Inte direkt som ett vanligt torrschampo. Death Vally \u00e4r det snabbaste s\u00e4ttet att skapa volym och fyllighet. <\/p>\n<p>Bra f\u00f6r: Stort, st\u00f6kigt Bardot- eller Bon Jovi-h\u00e5r.<\/p>\n<p>Anv\u00e4ndning:<br \/>Spraya i h\u00e5ret n\u00e4r du har lust och det blir genast roligare.<\/p>\n","protected":false},"excerpt":{"rendered":"<p>Death Valley Dry ShampooInte direkt som ett vanligt torrschampo. Death Vally \u00e4r det snabbaste s\u00e4ttet att skapa volym och fyllighet. Bra f\u00f6r: Stort, st\u00f6kigt Bardot- eller Bon Jovi-h\u00e5r. Anv\u00e4ndning:Spraya i h\u00e5ret n\u00e4r du har lust och det blir genast roligare.<\/p>\n","protected":false},"featured_media":23008,"comment_status":"open","ping_status":"closed","template":"","meta":{"_trash_the_other_posts":false},"product_brand":[],"product_cat":[575],"product_tag":[],"berocket_brand":[1373],"class_list":{"0":"post-23009","1":"product","2":"type-product","3":"status-publish","4":"has-post-thumbnail","6":"product_cat-torrschampo","7":"pa_brand-rco","8":"berocket_brand-rco","10":"first","11":"outofstock","12":"sale","13":"taxable","14":"shipping-taxable","15":"purchasable","16":"product-type-simple"},"_links":{"self":[{"href":"https:\/\/stylingagenten.com\/sv\/wp-json\/wp\/v2\/product\/23009","targetHints":{"allow":["GET"]}}],"collection":[{"href":"https:\/\/stylingagenten.com\/sv\/wp-json\/wp\/v2\/product"}],"about":[{"href":"https:\/\/stylingagenten.com\/sv\/wp-json\/wp\/v2\/types\/product"}],"replies":[{"embeddable":true,"href":"https:\/\/stylingagenten.com\/sv\/wp-json\/wp\/v2\/comments?post=23009"}],"version-history":[{"count":0,"href":"https:\/\/stylingagenten.com\/sv\/wp-json\/wp\/v2\/product\/23009\/revisions"}],"wp:featuredmedia":[{"embeddable":true,"href":"https:\/\/stylingagenten.com\/sv\/wp-json\/wp\/v2\/media\/23008"}],"wp:attachment":[{"href":"https:\/\/stylingagenten.com\/sv\/wp-json\/wp\/v2\/media?parent=23009"}],"wp:term":[{"taxonomy":"product_brand","embeddable":true,"href":"https:\/\/stylingagenten.com\/sv\/wp-json\/wp\/v2\/product_brand?post=23009"},{"taxonomy":"product_cat","embeddable":true,"href":"https:\/\/stylingagenten.com\/sv\/wp-json\/wp\/v2\/product_cat?post=23009"},{"taxonomy":"product_tag","embeddable":true,"href":"https:\/\/stylingagenten.com\/sv\/wp-json\/wp\/v2\/product_tag?post=23009"},{"taxonomy":"berocket_brand","embeddable":true,"href":"https:\/\/stylingagenten.com\/sv\/wp-json\/wp\/v2\/berocket_brand?post=23009"}],"curies":[{"name":"wp","href":"https:\/\/api.w.org\/{rel}","templated":true}]}}