{"id":22962,"date":"2025-01-27T12:19:03","date_gmt":"2025-01-27T12:19:03","guid":{"rendered":"https:\/\/staging2.stylingagenten.com\/sv\/produkt\/max-factor-facefinity-powder-bronzer-01-light-bronze\/"},"modified":"2026-04-10T05:08:26","modified_gmt":"2026-04-10T05:08:26","slug":"max-factor-facefinity-powder-bronzer-01-light-bronze","status":"publish","type":"product","link":"https:\/\/stylingagenten.com\/sv\/produkt\/max-factor-facefinity-powder-bronzer-01-light-bronze\/","title":{"rendered":"Max Factor Facefinity Powder Bronzer 01 Light Bronze"},"content":{"rendered":"<p>Facefinity Bronzer fr\u00e5n Max Factor \u00e4r ett solpuder som ger en naturlig solkysst och matt f\u00e4rg. Kan anv\u00e4ndas till b\u00e5de ansikte och dekolletage. Facefinity Bronzer har en kompakt formula som passar alla hudtoner. Applicera solpudret l\u00e4ngs ansiktets konturer f\u00f6r en varm skulptering.<\/p>\n<p>-Matt kompakt solpuder<br \/>-Mjuk sammetslen textur<br \/>-Passar alla hudtyper<\/p>\n<p>Appliceras l\u00e4ngs ansiktets konturer f\u00f6r en varm skulptering. Anv\u00e4nd en puder- eller rougeborste f\u00f6r ett mjukt och naturligt resultat. Bronzer l\u00e4gger sig snyggast \u00f6ver en foundation eller ett utj\u00e4mnande puder som grund.<br \/>Tips fr\u00e5n Max Factors makeupartist: matta och mjuka bronzers i varma nyanser f\u00f6r en solkysst look. Applicera i form av en 3:a med start fr\u00e5n tinning ner till k\u00e4ke f\u00f6r en mjuk inramning av ansiktet.<\/p>\n","protected":false},"excerpt":{"rendered":"<p>Facefinity Bronzer fr\u00e5n Max Factor \u00e4r ett solpuder som ger en naturlig solkysst och matt f\u00e4rg. Kan anv\u00e4ndas till b\u00e5de ansikte och dekolletage. Facefinity Bronzer har en kompakt formula som passar alla hudtoner. Applicera solpudret l\u00e4ngs ansiktets konturer f\u00f6r en varm skulptering. -Matt kompakt solpuder-Mjuk sammetslen textur-Passar alla hudtyper Appliceras l\u00e4ngs ansiktets konturer f\u00f6r en [&hellip;]<\/p>\n","protected":false},"featured_media":22960,"comment_status":"open","ping_status":"closed","template":"","meta":{"_trash_the_other_posts":false},"product_brand":[],"product_cat":[659],"product_tag":[3589],"berocket_brand":[1013],"class_list":{"0":"post-22962","1":"product","2":"type-product","3":"status-publish","4":"has-post-thumbnail","6":"product_cat-bronzer","7":"product_tag-max-factor-facefinity-powder-bronzer","8":"pa_brand-max-factor","9":"pa_variant-01-light-bronze","10":"berocket_brand-max-factor","12":"first","13":"instock","14":"sale","15":"taxable","16":"shipping-taxable","17":"purchasable","18":"product-type-simple"},"_links":{"self":[{"href":"https:\/\/stylingagenten.com\/sv\/wp-json\/wp\/v2\/product\/22962","targetHints":{"allow":["GET"]}}],"collection":[{"href":"https:\/\/stylingagenten.com\/sv\/wp-json\/wp\/v2\/product"}],"about":[{"href":"https:\/\/stylingagenten.com\/sv\/wp-json\/wp\/v2\/types\/product"}],"replies":[{"embeddable":true,"href":"https:\/\/stylingagenten.com\/sv\/wp-json\/wp\/v2\/comments?post=22962"}],"version-history":[{"count":0,"href":"https:\/\/stylingagenten.com\/sv\/wp-json\/wp\/v2\/product\/22962\/revisions"}],"wp:featuredmedia":[{"embeddable":true,"href":"https:\/\/stylingagenten.com\/sv\/wp-json\/wp\/v2\/media\/22960"}],"wp:attachment":[{"href":"https:\/\/stylingagenten.com\/sv\/wp-json\/wp\/v2\/media?parent=22962"}],"wp:term":[{"taxonomy":"product_brand","embeddable":true,"href":"https:\/\/stylingagenten.com\/sv\/wp-json\/wp\/v2\/product_brand?post=22962"},{"taxonomy":"product_cat","embeddable":true,"href":"https:\/\/stylingagenten.com\/sv\/wp-json\/wp\/v2\/product_cat?post=22962"},{"taxonomy":"product_tag","embeddable":true,"href":"https:\/\/stylingagenten.com\/sv\/wp-json\/wp\/v2\/product_tag?post=22962"},{"taxonomy":"berocket_brand","embeddable":true,"href":"https:\/\/stylingagenten.com\/sv\/wp-json\/wp\/v2\/berocket_brand?post=22962"}],"curies":[{"name":"wp","href":"https:\/\/api.w.org\/{rel}","templated":true}]}}