{"id":22945,"date":"2025-01-27T12:18:57","date_gmt":"2025-01-27T12:18:57","guid":{"rendered":"https:\/\/staging2.stylingagenten.com\/sv\/produkt\/acqua-di-parma-blu-mediterraneo-mirto-di-panarea-edt-75ml\/"},"modified":"2026-04-14T18:08:40","modified_gmt":"2026-04-14T18:08:40","slug":"acqua-di-parma-blu-mediterraneo-mirto-di-panarea-edt-75ml","status":"publish","type":"product","link":"https:\/\/stylingagenten.com\/sv\/produkt\/acqua-di-parma-blu-mediterraneo-mirto-di-panarea-edt-75ml\/","title":{"rendered":"Acqua di Parma Blu Mediterraneo Mirto di Panarea Edt 75ml"},"content":{"rendered":"<p>Acqua di parma Blue Mediterraneo &#8211; Mirto di Panarea av Acqua di Parma \u00e4r en tr\u00e4ig aromatisk doft f\u00f6r kvinnor och m\u00e4n. <\/p>\n<p>Toppnoter: Myrten, Citron, Bergamott och Basilika <br \/>Hj\u00e4rtnoter: Havsnoter, jasmin och ros <br \/>Basnoter: Juniper, Cedar, Mastic eller Lentisque och Amber. <\/p>\n","protected":false},"excerpt":{"rendered":"<p>Acqua di parma Blue Mediterraneo &#8211; Mirto di Panarea av Acqua di Parma \u00e4r en tr\u00e4ig aromatisk doft f\u00f6r kvinnor och m\u00e4n. Toppnoter: Myrten, Citron, Bergamott och Basilika Hj\u00e4rtnoter: Havsnoter, jasmin och ros Basnoter: Juniper, Cedar, Mastic eller Lentisque och Amber.<\/p>\n","protected":false},"featured_media":22943,"comment_status":"open","ping_status":"closed","template":"","meta":{"_trash_the_other_posts":false},"product_brand":[],"product_cat":[730,735,1000],"product_tag":[2328],"berocket_brand":[1161],"class_list":{"0":"post-22945","1":"product","2":"type-product","3":"status-publish","4":"has-post-thumbnail","6":"product_cat-eau-de-toilette-unisex","7":"product_cat-kampanj","8":"product_cat-kampanj-for-honom","9":"product_tag-acqua-di-parma-blu-mediterraneo-mirto-di-panarea-edt","10":"pa_brand-acqua-di-parma","11":"pa_variant-75ml","12":"berocket_brand-acqua-di-parma","14":"first","15":"instock","16":"sale","17":"taxable","18":"shipping-taxable","19":"purchasable","20":"product-type-simple"},"_links":{"self":[{"href":"https:\/\/stylingagenten.com\/sv\/wp-json\/wp\/v2\/product\/22945","targetHints":{"allow":["GET"]}}],"collection":[{"href":"https:\/\/stylingagenten.com\/sv\/wp-json\/wp\/v2\/product"}],"about":[{"href":"https:\/\/stylingagenten.com\/sv\/wp-json\/wp\/v2\/types\/product"}],"replies":[{"embeddable":true,"href":"https:\/\/stylingagenten.com\/sv\/wp-json\/wp\/v2\/comments?post=22945"}],"version-history":[{"count":0,"href":"https:\/\/stylingagenten.com\/sv\/wp-json\/wp\/v2\/product\/22945\/revisions"}],"wp:featuredmedia":[{"embeddable":true,"href":"https:\/\/stylingagenten.com\/sv\/wp-json\/wp\/v2\/media\/22943"}],"wp:attachment":[{"href":"https:\/\/stylingagenten.com\/sv\/wp-json\/wp\/v2\/media?parent=22945"}],"wp:term":[{"taxonomy":"product_brand","embeddable":true,"href":"https:\/\/stylingagenten.com\/sv\/wp-json\/wp\/v2\/product_brand?post=22945"},{"taxonomy":"product_cat","embeddable":true,"href":"https:\/\/stylingagenten.com\/sv\/wp-json\/wp\/v2\/product_cat?post=22945"},{"taxonomy":"product_tag","embeddable":true,"href":"https:\/\/stylingagenten.com\/sv\/wp-json\/wp\/v2\/product_tag?post=22945"},{"taxonomy":"berocket_brand","embeddable":true,"href":"https:\/\/stylingagenten.com\/sv\/wp-json\/wp\/v2\/berocket_brand?post=22945"}],"curies":[{"name":"wp","href":"https:\/\/api.w.org\/{rel}","templated":true}]}}