{"id":22940,"date":"2025-01-27T12:18:56","date_gmt":"2025-01-27T12:18:56","guid":{"rendered":"https:\/\/staging2.stylingagenten.com\/sv\/produkt\/loreal-professionnel-absolut-repair-conditioner-200ml\/"},"modified":"2026-02-25T08:17:24","modified_gmt":"2026-02-25T08:17:24","slug":"loreal-professionnel-absolut-repair-conditioner-200ml","status":"publish","type":"product","link":"https:\/\/stylingagenten.com\/sv\/produkt\/loreal-professionnel-absolut-repair-conditioner-200ml\/","title":{"rendered":"L&#8217;Or\u00e9al Professionnel Absolut Repair Conditioner 200ml"},"content":{"rendered":"<p>Professionellt balsam som reparerar h\u00e5ret omedelbart*, f\u00f6r torrt och skadat h\u00e5r. Berikad med derivat av veteprotein och fr\u00f6extrakt av gyllene quinoa. Den kombinerar intensiv reparation med en l\u00e4ttviktig k\u00e4nsla i h\u00e5ret. H\u00e5ret blir omedelbart transformerat: h\u00e5ret f\u00e5r mer motst\u00e5ndskraft, blir mjukare och glansfullt. *Instrumentellt test shampoo + balsam. Serie Expert verkar f\u00f6r mindre p\u00e5verkan p\u00e5 milj\u00f6n. Omdesignad f\u00f6rpackning med 100% \u00e5tervunnen plast &amp; l\u00e4ttare f\u00f6rpackning.  Anv\u00e4ndning: Applicera i nytv\u00e4ttat och handdukstorkat h\u00e5r. Kamma h\u00e5ret. Sk\u00f6lj noggrant. Sk\u00f6lj omedelbart med rikligt med vatten vid kontakt med \u00f6gonen.<\/p>\n","protected":false},"excerpt":{"rendered":"<p>Professionellt balsam som reparerar h\u00e5ret omedelbart*, f\u00f6r torrt och skadat h\u00e5r. Berikad med derivat av veteprotein och fr\u00f6extrakt av gyllene quinoa. Den kombinerar intensiv reparation med en l\u00e4ttviktig k\u00e4nsla i h\u00e5ret. H\u00e5ret blir omedelbart transformerat: h\u00e5ret f\u00e5r mer motst\u00e5ndskraft, blir mjukare och glansfullt. *Instrumentellt test shampoo + balsam. Serie Expert verkar f\u00f6r mindre p\u00e5verkan p\u00e5 [&hellip;]<\/p>\n","protected":false},"featured_media":22938,"comment_status":"open","ping_status":"closed","template":"","meta":{"_trash_the_other_posts":false},"product_brand":[],"product_cat":[587],"product_tag":[],"berocket_brand":[1019],"class_list":{"0":"post-22940","1":"product","2":"type-product","3":"status-publish","4":"has-post-thumbnail","6":"product_cat-balsam","7":"pa_brand-loreal-paris-2","8":"berocket_brand-loreal","10":"first","11":"instock","12":"sale","13":"taxable","14":"shipping-taxable","15":"purchasable","16":"product-type-simple"},"_links":{"self":[{"href":"https:\/\/stylingagenten.com\/sv\/wp-json\/wp\/v2\/product\/22940","targetHints":{"allow":["GET"]}}],"collection":[{"href":"https:\/\/stylingagenten.com\/sv\/wp-json\/wp\/v2\/product"}],"about":[{"href":"https:\/\/stylingagenten.com\/sv\/wp-json\/wp\/v2\/types\/product"}],"replies":[{"embeddable":true,"href":"https:\/\/stylingagenten.com\/sv\/wp-json\/wp\/v2\/comments?post=22940"}],"version-history":[{"count":0,"href":"https:\/\/stylingagenten.com\/sv\/wp-json\/wp\/v2\/product\/22940\/revisions"}],"wp:featuredmedia":[{"embeddable":true,"href":"https:\/\/stylingagenten.com\/sv\/wp-json\/wp\/v2\/media\/22938"}],"wp:attachment":[{"href":"https:\/\/stylingagenten.com\/sv\/wp-json\/wp\/v2\/media?parent=22940"}],"wp:term":[{"taxonomy":"product_brand","embeddable":true,"href":"https:\/\/stylingagenten.com\/sv\/wp-json\/wp\/v2\/product_brand?post=22940"},{"taxonomy":"product_cat","embeddable":true,"href":"https:\/\/stylingagenten.com\/sv\/wp-json\/wp\/v2\/product_cat?post=22940"},{"taxonomy":"product_tag","embeddable":true,"href":"https:\/\/stylingagenten.com\/sv\/wp-json\/wp\/v2\/product_tag?post=22940"},{"taxonomy":"berocket_brand","embeddable":true,"href":"https:\/\/stylingagenten.com\/sv\/wp-json\/wp\/v2\/berocket_brand?post=22940"}],"curies":[{"name":"wp","href":"https:\/\/api.w.org\/{rel}","templated":true}]}}