{"id":22923,"date":"2025-01-27T12:18:48","date_gmt":"2025-01-27T12:18:48","guid":{"rendered":"https:\/\/staging2.stylingagenten.com\/sv\/produkt\/acqua-di-parma-colonia-futura-edc-50ml\/"},"modified":"2026-03-11T22:06:53","modified_gmt":"2026-03-11T22:06:53","slug":"acqua-di-parma-colonia-futura-edc-50ml","status":"publish","type":"product","link":"https:\/\/stylingagenten.com\/sv\/produkt\/acqua-di-parma-colonia-futura-edc-50ml\/","title":{"rendered":"Acqua di Parma Colonia Futura Edc 50ml"},"content":{"rendered":"<p>Colonia Futura av Acqua di Parma \u00e4r en Citrus Aromatisk doft f\u00f6r kvinnor och m\u00e4n.  <br \/>Toppnoter: Citron, Bergamott, Grapefrukt och Rosa Peppar  <br \/>Hj\u00e4rtnoter: Lavendel och salvia  <br \/>Basnot: Vetiver<\/p>\n","protected":false},"excerpt":{"rendered":"<p>Colonia Futura av Acqua di Parma \u00e4r en Citrus Aromatisk doft f\u00f6r kvinnor och m\u00e4n. Toppnoter: Citron, Bergamott, Grapefrukt och Rosa Peppar Hj\u00e4rtnoter: Lavendel och salvia Basnot: Vetiver<\/p>\n","protected":false},"featured_media":22920,"comment_status":"open","ping_status":"closed","template":"","meta":{"_trash_the_other_posts":false},"product_brand":[],"product_cat":[735,1000,1006,713],"product_tag":[2332],"berocket_brand":[1161],"class_list":{"0":"post-22923","1":"product","2":"type-product","3":"status-publish","4":"has-post-thumbnail","6":"product_cat-kampanj","7":"product_cat-kampanj-for-honom","8":"product_cat-kampanjpris","9":"product_cat-parfym-unisex","10":"product_tag-acqua-di-parma-colonia-futura-edc","11":"pa_brand-acqua-di-parma","12":"pa_variant-50ml","13":"berocket_brand-acqua-di-parma","15":"first","16":"instock","17":"sale","18":"taxable","19":"shipping-taxable","20":"purchasable","21":"product-type-simple"},"_links":{"self":[{"href":"https:\/\/stylingagenten.com\/sv\/wp-json\/wp\/v2\/product\/22923","targetHints":{"allow":["GET"]}}],"collection":[{"href":"https:\/\/stylingagenten.com\/sv\/wp-json\/wp\/v2\/product"}],"about":[{"href":"https:\/\/stylingagenten.com\/sv\/wp-json\/wp\/v2\/types\/product"}],"replies":[{"embeddable":true,"href":"https:\/\/stylingagenten.com\/sv\/wp-json\/wp\/v2\/comments?post=22923"}],"version-history":[{"count":0,"href":"https:\/\/stylingagenten.com\/sv\/wp-json\/wp\/v2\/product\/22923\/revisions"}],"wp:featuredmedia":[{"embeddable":true,"href":"https:\/\/stylingagenten.com\/sv\/wp-json\/wp\/v2\/media\/22920"}],"wp:attachment":[{"href":"https:\/\/stylingagenten.com\/sv\/wp-json\/wp\/v2\/media?parent=22923"}],"wp:term":[{"taxonomy":"product_brand","embeddable":true,"href":"https:\/\/stylingagenten.com\/sv\/wp-json\/wp\/v2\/product_brand?post=22923"},{"taxonomy":"product_cat","embeddable":true,"href":"https:\/\/stylingagenten.com\/sv\/wp-json\/wp\/v2\/product_cat?post=22923"},{"taxonomy":"product_tag","embeddable":true,"href":"https:\/\/stylingagenten.com\/sv\/wp-json\/wp\/v2\/product_tag?post=22923"},{"taxonomy":"berocket_brand","embeddable":true,"href":"https:\/\/stylingagenten.com\/sv\/wp-json\/wp\/v2\/berocket_brand?post=22923"}],"curies":[{"name":"wp","href":"https:\/\/api.w.org\/{rel}","templated":true}]}}