{"id":22889,"date":"2025-01-27T12:18:34","date_gmt":"2025-01-27T12:18:34","guid":{"rendered":"https:\/\/staging2.stylingagenten.com\/sv\/produkt\/cerruti-1881-pour-homme-deo-spray-150ml\/"},"modified":"2026-04-01T07:39:02","modified_gmt":"2026-04-01T07:39:02","slug":"cerruti-1881-pour-homme-deo-spray-150ml","status":"publish","type":"product","link":"https:\/\/stylingagenten.com\/sv\/produkt\/cerruti-1881-pour-homme-deo-spray-150ml\/","title":{"rendered":"Cerruti 1881 Pour Homme Deo Spray 150ml"},"content":{"rendered":"<p>Cerrutti 1881 For Men \u00e4r en aromatisk och tr\u00e4doftande parfym med maskulint kryddig karakt\u00e4r som ger dig en klassisk, fr\u00e4sch och ren utstr\u00e5lning. En h\u00e4rligt manligt deo spray som h\u00e5ller hela dagen. <\/p>\n<p>Doftnoter: bergamott, enb\u00e4r, galbanum, kryddnejlika, lavendel, svarta vinb\u00e4r, ylang-ylang, maybells, vetiver, sandeltr\u00e4, ceder, ekmossa &amp; patschuli. <\/p>\n","protected":false},"excerpt":{"rendered":"<p>Cerrutti 1881 For Men \u00e4r en aromatisk och tr\u00e4doftande parfym med maskulint kryddig karakt\u00e4r som ger dig en klassisk, fr\u00e4sch och ren utstr\u00e5lning. En h\u00e4rligt manligt deo spray som h\u00e5ller hela dagen. Doftnoter: bergamott, enb\u00e4r, galbanum, kryddnejlika, lavendel, svarta vinb\u00e4r, ylang-ylang, maybells, vetiver, sandeltr\u00e4, ceder, ekmossa &amp; patschuli.<\/p>\n","protected":false},"featured_media":22887,"comment_status":"open","ping_status":"closed","template":"","meta":{"_trash_the_other_posts":false},"product_brand":[],"product_cat":[722,735,1000,1006],"product_tag":[],"berocket_brand":[1075],"class_list":{"0":"post-22889","1":"product","2":"type-product","3":"status-publish","4":"has-post-thumbnail","6":"product_cat-deospray-herr","7":"product_cat-kampanj","8":"product_cat-kampanj-for-honom","9":"product_cat-kampanjpris","10":"pa_brand-cerruti","11":"berocket_brand-cerruti","13":"first","14":"instock","15":"sale","16":"taxable","17":"shipping-taxable","18":"purchasable","19":"product-type-simple"},"_links":{"self":[{"href":"https:\/\/stylingagenten.com\/sv\/wp-json\/wp\/v2\/product\/22889","targetHints":{"allow":["GET"]}}],"collection":[{"href":"https:\/\/stylingagenten.com\/sv\/wp-json\/wp\/v2\/product"}],"about":[{"href":"https:\/\/stylingagenten.com\/sv\/wp-json\/wp\/v2\/types\/product"}],"replies":[{"embeddable":true,"href":"https:\/\/stylingagenten.com\/sv\/wp-json\/wp\/v2\/comments?post=22889"}],"version-history":[{"count":0,"href":"https:\/\/stylingagenten.com\/sv\/wp-json\/wp\/v2\/product\/22889\/revisions"}],"wp:featuredmedia":[{"embeddable":true,"href":"https:\/\/stylingagenten.com\/sv\/wp-json\/wp\/v2\/media\/22887"}],"wp:attachment":[{"href":"https:\/\/stylingagenten.com\/sv\/wp-json\/wp\/v2\/media?parent=22889"}],"wp:term":[{"taxonomy":"product_brand","embeddable":true,"href":"https:\/\/stylingagenten.com\/sv\/wp-json\/wp\/v2\/product_brand?post=22889"},{"taxonomy":"product_cat","embeddable":true,"href":"https:\/\/stylingagenten.com\/sv\/wp-json\/wp\/v2\/product_cat?post=22889"},{"taxonomy":"product_tag","embeddable":true,"href":"https:\/\/stylingagenten.com\/sv\/wp-json\/wp\/v2\/product_tag?post=22889"},{"taxonomy":"berocket_brand","embeddable":true,"href":"https:\/\/stylingagenten.com\/sv\/wp-json\/wp\/v2\/berocket_brand?post=22889"}],"curies":[{"name":"wp","href":"https:\/\/api.w.org\/{rel}","templated":true}]}}