{"id":22742,"date":"2025-01-27T12:17:35","date_gmt":"2025-01-27T12:17:35","guid":{"rendered":"https:\/\/staging2.stylingagenten.com\/sv\/produkt\/adidas-6in1-cool-dry-48h-antiperspirant-200ml\/"},"modified":"2025-11-18T15:27:51","modified_gmt":"2025-11-18T15:27:51","slug":"adidas-6in1-cool-dry-48h-antiperspirant-200ml","status":"publish","type":"product","link":"https:\/\/stylingagenten.com\/sv\/produkt\/adidas-6in1-cool-dry-48h-antiperspirant-200ml\/","title":{"rendered":"Adidas 6in1 Cool &amp; Dry 48h Antiperspirant 200ml"},"content":{"rendered":"<p>Anti-Perspirant Cool &amp; Dry 6-in-1 Deodorant Spray \u00e4r en uppfriskande spraydeodorant f\u00f6r m\u00e4n som skyddar mot svett och lukt i 48 timmar. Deodoranten motverkar vita och gula fl\u00e4ckar, kontrollerar lukt och inneh\u00e5ller antibakteriella \u00e4mnen som ger en fr\u00e4sch k\u00e4nsla hela dagen. Dermatologiskt testad och fri fr\u00e5n alkohol. <\/p>\n<p>H\u00e5ll beh\u00e5llaren 15 cm fr\u00e5n kroppen och tryck d\u00e4refter. <\/p>\n","protected":false},"excerpt":{"rendered":"<p>Anti-Perspirant Cool &amp; Dry 6-in-1 Deodorant Spray \u00e4r en uppfriskande spraydeodorant f\u00f6r m\u00e4n som skyddar mot svett och lukt i 48 timmar. Deodoranten motverkar vita och gula fl\u00e4ckar, kontrollerar lukt och inneh\u00e5ller antibakteriella \u00e4mnen som ger en fr\u00e4sch k\u00e4nsla hela dagen. Dermatologiskt testad och fri fr\u00e5n alkohol. H\u00e5ll beh\u00e5llaren 15 cm fr\u00e5n kroppen och tryck [&hellip;]<\/p>\n","protected":false},"featured_media":22741,"comment_status":"open","ping_status":"closed","template":"","meta":{"_trash_the_other_posts":false},"product_brand":[],"product_cat":[722],"product_tag":[],"berocket_brand":[1197],"class_list":{"0":"post-22742","1":"product","2":"type-product","3":"status-publish","4":"has-post-thumbnail","6":"product_cat-deospray-herr","7":"pa_brand-adidas","8":"berocket_brand-adidas","10":"first","11":"outofstock","12":"sale","13":"taxable","14":"shipping-taxable","15":"purchasable","16":"product-type-simple"},"_links":{"self":[{"href":"https:\/\/stylingagenten.com\/sv\/wp-json\/wp\/v2\/product\/22742","targetHints":{"allow":["GET"]}}],"collection":[{"href":"https:\/\/stylingagenten.com\/sv\/wp-json\/wp\/v2\/product"}],"about":[{"href":"https:\/\/stylingagenten.com\/sv\/wp-json\/wp\/v2\/types\/product"}],"replies":[{"embeddable":true,"href":"https:\/\/stylingagenten.com\/sv\/wp-json\/wp\/v2\/comments?post=22742"}],"version-history":[{"count":0,"href":"https:\/\/stylingagenten.com\/sv\/wp-json\/wp\/v2\/product\/22742\/revisions"}],"wp:featuredmedia":[{"embeddable":true,"href":"https:\/\/stylingagenten.com\/sv\/wp-json\/wp\/v2\/media\/22741"}],"wp:attachment":[{"href":"https:\/\/stylingagenten.com\/sv\/wp-json\/wp\/v2\/media?parent=22742"}],"wp:term":[{"taxonomy":"product_brand","embeddable":true,"href":"https:\/\/stylingagenten.com\/sv\/wp-json\/wp\/v2\/product_brand?post=22742"},{"taxonomy":"product_cat","embeddable":true,"href":"https:\/\/stylingagenten.com\/sv\/wp-json\/wp\/v2\/product_cat?post=22742"},{"taxonomy":"product_tag","embeddable":true,"href":"https:\/\/stylingagenten.com\/sv\/wp-json\/wp\/v2\/product_tag?post=22742"},{"taxonomy":"berocket_brand","embeddable":true,"href":"https:\/\/stylingagenten.com\/sv\/wp-json\/wp\/v2\/berocket_brand?post=22742"}],"curies":[{"name":"wp","href":"https:\/\/api.w.org\/{rel}","templated":true}]}}