{"id":22740,"date":"2025-01-27T12:17:34","date_gmt":"2025-01-27T12:17:34","guid":{"rendered":"https:\/\/staging2.stylingagenten.com\/sv\/produkt\/milani-supercharged-cheek-lip-multistick-140-berry-bolt\/"},"modified":"2025-12-18T21:54:06","modified_gmt":"2025-12-18T21:54:06","slug":"milani-supercharged-cheek-lip-multistick-140-berry-bolt","status":"publish","type":"product","link":"https:\/\/stylingagenten.com\/sv\/produkt\/milani-supercharged-cheek-lip-multistick-140-berry-bolt\/","title":{"rendered":"Milani Supercharged Cheek + Lip Multistick &#8211; 140 Berry Bolt"},"content":{"rendered":"<p>Supercharged Cheek + Lip Multistick \u00e4r en rikligt pigmenterad, ultrakr\u00e4mig, v\u00e5rdande formula som l\u00e4tt ger dig en h\u00e4lsosam dos f\u00e4rg! <br \/>Detta stick glider l\u00e4tt \u00f6ver kinderna samt l\u00e4pparna och ger dig den perfekta lystergivande fi-nishen. Vegansk &amp; Cruelty Free <\/p>\n","protected":false},"excerpt":{"rendered":"<p>Supercharged Cheek + Lip Multistick \u00e4r en rikligt pigmenterad, ultrakr\u00e4mig, v\u00e5rdande formula som l\u00e4tt ger dig en h\u00e4lsosam dos f\u00e4rg! Detta stick glider l\u00e4tt \u00f6ver kinderna samt l\u00e4pparna och ger dig den perfekta lystergivande fi-nishen. Vegansk &amp; Cruelty Free<\/p>\n","protected":false},"featured_media":22738,"comment_status":"open","ping_status":"closed","template":"","meta":{"_trash_the_other_posts":false},"product_brand":[],"product_cat":[1005,613],"product_tag":[3685],"berocket_brand":[1027],"class_list":{"0":"post-22740","1":"product","2":"type-product","3":"status-publish","4":"has-post-thumbnail","6":"product_cat-outlet","7":"product_cat-rouge","8":"product_tag-milani-supercharged-cheek-lip-multistick","9":"pa_brand-milani","10":"pa_variant-140-berry-bolt","11":"berocket_brand-milani","13":"first","14":"instock","15":"sale","16":"taxable","17":"shipping-taxable","18":"purchasable","19":"product-type-simple"},"_links":{"self":[{"href":"https:\/\/stylingagenten.com\/sv\/wp-json\/wp\/v2\/product\/22740","targetHints":{"allow":["GET"]}}],"collection":[{"href":"https:\/\/stylingagenten.com\/sv\/wp-json\/wp\/v2\/product"}],"about":[{"href":"https:\/\/stylingagenten.com\/sv\/wp-json\/wp\/v2\/types\/product"}],"replies":[{"embeddable":true,"href":"https:\/\/stylingagenten.com\/sv\/wp-json\/wp\/v2\/comments?post=22740"}],"version-history":[{"count":0,"href":"https:\/\/stylingagenten.com\/sv\/wp-json\/wp\/v2\/product\/22740\/revisions"}],"wp:featuredmedia":[{"embeddable":true,"href":"https:\/\/stylingagenten.com\/sv\/wp-json\/wp\/v2\/media\/22738"}],"wp:attachment":[{"href":"https:\/\/stylingagenten.com\/sv\/wp-json\/wp\/v2\/media?parent=22740"}],"wp:term":[{"taxonomy":"product_brand","embeddable":true,"href":"https:\/\/stylingagenten.com\/sv\/wp-json\/wp\/v2\/product_brand?post=22740"},{"taxonomy":"product_cat","embeddable":true,"href":"https:\/\/stylingagenten.com\/sv\/wp-json\/wp\/v2\/product_cat?post=22740"},{"taxonomy":"product_tag","embeddable":true,"href":"https:\/\/stylingagenten.com\/sv\/wp-json\/wp\/v2\/product_tag?post=22740"},{"taxonomy":"berocket_brand","embeddable":true,"href":"https:\/\/stylingagenten.com\/sv\/wp-json\/wp\/v2\/berocket_brand?post=22740"}],"curies":[{"name":"wp","href":"https:\/\/api.w.org\/{rel}","templated":true}]}}