{"id":22696,"date":"2025-01-27T12:17:28","date_gmt":"2025-01-27T12:17:28","guid":{"rendered":"https:\/\/staging2.stylingagenten.com\/sv\/produkt\/makeup-revolution-x-game-of-thrones-winter-is-coming-set\/"},"modified":"2026-04-10T10:43:42","modified_gmt":"2026-04-10T10:43:42","slug":"makeup-revolution-x-game-of-thrones-winter-is-coming-set","status":"publish","type":"product","link":"https:\/\/stylingagenten.com\/sv\/produkt\/makeup-revolution-x-game-of-thrones-winter-is-coming-set\/","title":{"rendered":"Makeup Revolution X Game of Thrones Winter Is Coming Set"},"content":{"rendered":"<p>CHRISTMAS IS COMING&#8230; Transformera dig till en eldig drottning, en or\u00e4dd nattv\u00e4ktare eller varelse fr\u00e5n andra sidan muren med de begr\u00e4nsade upplagorna av Game of Thrones x Revolution-gift sets! G\u00e5 med i kampen om j\u00e4rntronen. Revolution X Game of Thrones Winter Is Coming presentset har allt du beh\u00f6ver f\u00f6r en ultimat iskall look.<\/p>\n<p>Inneh\u00e5ller:<br \/>&#8211; Winter is Coming Eyeshadow Palette<br \/>&#8211; Game of Thrones Fixing Spray<br \/>&#8211; Game of Thrones Shimmer Bomb<br \/>&#8211; Game of Thrones Flutter False Eyelashes<\/p>\n<p>Cruelty-free och vegansk.<\/p>\n","protected":false},"excerpt":{"rendered":"<p>CHRISTMAS IS COMING&#8230; Transformera dig till en eldig drottning, en or\u00e4dd nattv\u00e4ktare eller varelse fr\u00e5n andra sidan muren med de begr\u00e4nsade upplagorna av Game of Thrones x Revolution-gift sets! G\u00e5 med i kampen om j\u00e4rntronen. Revolution X Game of Thrones Winter Is Coming presentset har allt du beh\u00f6ver f\u00f6r en ultimat iskall look. Inneh\u00e5ller:&#8211; Winter [&hellip;]<\/p>\n","protected":false},"featured_media":22688,"comment_status":"open","ping_status":"closed","template":"","meta":{"_trash_the_other_posts":false},"product_brand":[],"product_cat":[664,581],"product_tag":[],"berocket_brand":[1050],"class_list":{"0":"post-22696","1":"product","2":"type-product","3":"status-publish","4":"has-post-thumbnail","6":"product_cat-giftset-smink","7":"product_cat-ogonskugga","8":"pa_brand-makeup-revolution","9":"berocket_brand-makeup-revolution","11":"first","12":"instock","13":"sale","14":"taxable","15":"shipping-taxable","16":"purchasable","17":"product-type-simple"},"_links":{"self":[{"href":"https:\/\/stylingagenten.com\/sv\/wp-json\/wp\/v2\/product\/22696","targetHints":{"allow":["GET"]}}],"collection":[{"href":"https:\/\/stylingagenten.com\/sv\/wp-json\/wp\/v2\/product"}],"about":[{"href":"https:\/\/stylingagenten.com\/sv\/wp-json\/wp\/v2\/types\/product"}],"replies":[{"embeddable":true,"href":"https:\/\/stylingagenten.com\/sv\/wp-json\/wp\/v2\/comments?post=22696"}],"version-history":[{"count":0,"href":"https:\/\/stylingagenten.com\/sv\/wp-json\/wp\/v2\/product\/22696\/revisions"}],"wp:featuredmedia":[{"embeddable":true,"href":"https:\/\/stylingagenten.com\/sv\/wp-json\/wp\/v2\/media\/22688"}],"wp:attachment":[{"href":"https:\/\/stylingagenten.com\/sv\/wp-json\/wp\/v2\/media?parent=22696"}],"wp:term":[{"taxonomy":"product_brand","embeddable":true,"href":"https:\/\/stylingagenten.com\/sv\/wp-json\/wp\/v2\/product_brand?post=22696"},{"taxonomy":"product_cat","embeddable":true,"href":"https:\/\/stylingagenten.com\/sv\/wp-json\/wp\/v2\/product_cat?post=22696"},{"taxonomy":"product_tag","embeddable":true,"href":"https:\/\/stylingagenten.com\/sv\/wp-json\/wp\/v2\/product_tag?post=22696"},{"taxonomy":"berocket_brand","embeddable":true,"href":"https:\/\/stylingagenten.com\/sv\/wp-json\/wp\/v2\/berocket_brand?post=22696"}],"curies":[{"name":"wp","href":"https:\/\/api.w.org\/{rel}","templated":true}]}}