{"id":22678,"date":"2025-01-27T12:17:26","date_gmt":"2025-01-27T12:17:26","guid":{"rendered":"https:\/\/staging2.stylingagenten.com\/sv\/produkt\/elizabeth-arden-visible-difference-replenishing-hydragel-75ml\/"},"modified":"2026-03-16T17:47:33","modified_gmt":"2026-03-16T17:47:33","slug":"elizabeth-arden-visible-difference-replenishing-hydragel-75ml","status":"publish","type":"product","link":"https:\/\/stylingagenten.com\/sv\/produkt\/elizabeth-arden-visible-difference-replenishing-hydragel-75ml\/","title":{"rendered":"Elizabeth Arden Visible Difference Replenishing Hydragel 75ml"},"content":{"rendered":"<p>En oljefri gel-creme som \u00e5terfuktar huden i djupet. Huden k\u00e4nns mjuk och med en f\u00f6rnyad gl\u00f6d. Hyaluronsyra inkapslar fukten i huden medan v\u00e4xtextrakt reducerar porerna och stramar upp hudens struktur. <\/p>\n<p>L\u00e4mplig f\u00f6r alla hudtyper. <\/p>\n<p>75ml <\/p>\n","protected":false},"excerpt":{"rendered":"<p>En oljefri gel-creme som \u00e5terfuktar huden i djupet. Huden k\u00e4nns mjuk och med en f\u00f6rnyad gl\u00f6d. Hyaluronsyra inkapslar fukten i huden medan v\u00e4xtextrakt reducerar porerna och stramar upp hudens struktur. L\u00e4mplig f\u00f6r alla hudtyper. 75ml<\/p>\n","protected":false},"featured_media":22669,"comment_status":"open","ping_status":"closed","template":"","meta":{"_trash_the_other_posts":false},"product_brand":[],"product_cat":[559],"product_tag":[],"berocket_brand":[1303],"class_list":{"0":"post-22678","1":"product","2":"type-product","3":"status-publish","4":"has-post-thumbnail","6":"product_cat-ansiktskram","7":"pa_brand-elizabeth-arden","8":"berocket_brand-elizabeth-arden","10":"first","11":"instock","12":"sale","13":"taxable","14":"shipping-taxable","15":"purchasable","16":"product-type-simple"},"_links":{"self":[{"href":"https:\/\/stylingagenten.com\/sv\/wp-json\/wp\/v2\/product\/22678","targetHints":{"allow":["GET"]}}],"collection":[{"href":"https:\/\/stylingagenten.com\/sv\/wp-json\/wp\/v2\/product"}],"about":[{"href":"https:\/\/stylingagenten.com\/sv\/wp-json\/wp\/v2\/types\/product"}],"replies":[{"embeddable":true,"href":"https:\/\/stylingagenten.com\/sv\/wp-json\/wp\/v2\/comments?post=22678"}],"version-history":[{"count":0,"href":"https:\/\/stylingagenten.com\/sv\/wp-json\/wp\/v2\/product\/22678\/revisions"}],"wp:featuredmedia":[{"embeddable":true,"href":"https:\/\/stylingagenten.com\/sv\/wp-json\/wp\/v2\/media\/22669"}],"wp:attachment":[{"href":"https:\/\/stylingagenten.com\/sv\/wp-json\/wp\/v2\/media?parent=22678"}],"wp:term":[{"taxonomy":"product_brand","embeddable":true,"href":"https:\/\/stylingagenten.com\/sv\/wp-json\/wp\/v2\/product_brand?post=22678"},{"taxonomy":"product_cat","embeddable":true,"href":"https:\/\/stylingagenten.com\/sv\/wp-json\/wp\/v2\/product_cat?post=22678"},{"taxonomy":"product_tag","embeddable":true,"href":"https:\/\/stylingagenten.com\/sv\/wp-json\/wp\/v2\/product_tag?post=22678"},{"taxonomy":"berocket_brand","embeddable":true,"href":"https:\/\/stylingagenten.com\/sv\/wp-json\/wp\/v2\/berocket_brand?post=22678"}],"curies":[{"name":"wp","href":"https:\/\/api.w.org\/{rel}","templated":true}]}}