{"id":22666,"date":"2025-01-27T12:17:24","date_gmt":"2025-01-27T12:17:24","guid":{"rendered":"https:\/\/staging2.stylingagenten.com\/sv\/produkt\/juicy-couture-i-am-juicy-couture-edp-50ml\/"},"modified":"2025-11-18T15:27:59","modified_gmt":"2025-11-18T15:27:59","slug":"juicy-couture-i-am-juicy-couture-edp-50ml","status":"publish","type":"product","link":"https:\/\/stylingagenten.com\/sv\/produkt\/juicy-couture-i-am-juicy-couture-edp-50ml\/","title":{"rendered":"Juicy Couture I am Juicy Couture Edp 50ml"},"content":{"rendered":"<p>Juicy Couture I Am Juicy Couture \u00e4r en dj\u00e4rv och f\u00f6rf\u00f6risk parfym som \u00f6ppnar med en kombination av saftiga, mogna frukter. Doften g\u00e5r l\u00e5ngsamt \u00f6ver i en blandning av sensuell gardenia och en lockande doft av kashmirtr\u00e4. <\/p>\n<p>Doftnoter: hallon, pompelmus, passionsfrukt, gardenia, heliotrop, kanelros, lukt\u00e4rt, mysk, varma tr\u00e4slag &amp; ambra. <\/p>\n","protected":false},"excerpt":{"rendered":"<p>Juicy Couture I Am Juicy Couture \u00e4r en dj\u00e4rv och f\u00f6rf\u00f6risk parfym som \u00f6ppnar med en kombination av saftiga, mogna frukter. Doften g\u00e5r l\u00e5ngsamt \u00f6ver i en blandning av sensuell gardenia och en lockande doft av kashmirtr\u00e4. Doftnoter: hallon, pompelmus, passionsfrukt, gardenia, heliotrop, kanelros, lukt\u00e4rt, mysk, varma tr\u00e4slag &amp; ambra.<\/p>\n","protected":false},"featured_media":22659,"comment_status":"open","ping_status":"closed","template":"","meta":{"_trash_the_other_posts":false},"product_brand":[],"product_cat":[706,916],"product_tag":[3142],"berocket_brand":[1067],"class_list":{"0":"post-22666","1":"product","2":"type-product","3":"status-publish","4":"has-post-thumbnail","6":"product_cat-eau-de-parfum-dam","7":"product_cat-juicy-couture-i-am-juicy","8":"product_tag-juicy-couture-i-am-juicy-couture-edp","9":"pa_brand-juicy-couture","10":"pa_variant-50ml","11":"berocket_brand-juicy-couture","13":"first","14":"outofstock","15":"sale","16":"taxable","17":"shipping-taxable","18":"purchasable","19":"product-type-simple"},"_links":{"self":[{"href":"https:\/\/stylingagenten.com\/sv\/wp-json\/wp\/v2\/product\/22666","targetHints":{"allow":["GET"]}}],"collection":[{"href":"https:\/\/stylingagenten.com\/sv\/wp-json\/wp\/v2\/product"}],"about":[{"href":"https:\/\/stylingagenten.com\/sv\/wp-json\/wp\/v2\/types\/product"}],"replies":[{"embeddable":true,"href":"https:\/\/stylingagenten.com\/sv\/wp-json\/wp\/v2\/comments?post=22666"}],"version-history":[{"count":0,"href":"https:\/\/stylingagenten.com\/sv\/wp-json\/wp\/v2\/product\/22666\/revisions"}],"wp:featuredmedia":[{"embeddable":true,"href":"https:\/\/stylingagenten.com\/sv\/wp-json\/wp\/v2\/media\/22659"}],"wp:attachment":[{"href":"https:\/\/stylingagenten.com\/sv\/wp-json\/wp\/v2\/media?parent=22666"}],"wp:term":[{"taxonomy":"product_brand","embeddable":true,"href":"https:\/\/stylingagenten.com\/sv\/wp-json\/wp\/v2\/product_brand?post=22666"},{"taxonomy":"product_cat","embeddable":true,"href":"https:\/\/stylingagenten.com\/sv\/wp-json\/wp\/v2\/product_cat?post=22666"},{"taxonomy":"product_tag","embeddable":true,"href":"https:\/\/stylingagenten.com\/sv\/wp-json\/wp\/v2\/product_tag?post=22666"},{"taxonomy":"berocket_brand","embeddable":true,"href":"https:\/\/stylingagenten.com\/sv\/wp-json\/wp\/v2\/berocket_brand?post=22666"}],"curies":[{"name":"wp","href":"https:\/\/api.w.org\/{rel}","templated":true}]}}