{"id":22656,"date":"2025-01-27T12:17:22","date_gmt":"2025-01-27T12:17:22","guid":{"rendered":"https:\/\/staging2.stylingagenten.com\/sv\/produkt\/elizabeth-arden-white-tea-mandarin-blossom-edt-100ml\/"},"modified":"2026-03-30T13:34:28","modified_gmt":"2026-03-30T13:34:28","slug":"elizabeth-arden-white-tea-mandarin-blossom-edt-100ml","status":"publish","type":"product","link":"https:\/\/stylingagenten.com\/sv\/produkt\/elizabeth-arden-white-tea-mandarin-blossom-edt-100ml\/","title":{"rendered":"Elizabeth Arden White Tea Mandarin Blossom Edt 100ml"},"content":{"rendered":"<p>White Tea Mandarin Blossom av Elizabeth Arden \u00e4r en blommig tr\u00e4ig myskdoft f\u00f6r kvinnor. <\/p>\n<p>Toppnoter: Mandarin, Bergamott, Citron och Exotiska frukter <br \/>Hj\u00e4rtnoter: Vitt te, apelsinblomma, jasmin och neroli <br \/>Basnoter: Mysk, Ceder, Ambroxan och Osmanthus <\/p>\n","protected":false},"excerpt":{"rendered":"<p>White Tea Mandarin Blossom av Elizabeth Arden \u00e4r en blommig tr\u00e4ig myskdoft f\u00f6r kvinnor. Toppnoter: Mandarin, Bergamott, Citron och Exotiska frukter Hj\u00e4rtnoter: Vitt te, apelsinblomma, jasmin och neroli Basnoter: Mysk, Ceder, Ambroxan och Osmanthus<\/p>\n","protected":false},"featured_media":22649,"comment_status":"open","ping_status":"closed","template":"","meta":{"_trash_the_other_posts":false},"product_brand":[],"product_cat":[707,841,735,999],"product_tag":[2909],"berocket_brand":[1303],"class_list":{"0":"post-22656","1":"product","2":"type-product","3":"status-publish","4":"has-post-thumbnail","6":"product_cat-eau-de-toilette-dam","7":"product_cat-elizabeth-arden-white-tea","8":"product_cat-kampanj","9":"product_cat-kampanj-for-henne","10":"product_tag-elizabeth-arden-white-tea-mandarin-blossom-edt","11":"pa_brand-elizabeth-arden","12":"pa_variant-100ml","13":"berocket_brand-elizabeth-arden","15":"first","16":"instock","17":"sale","18":"taxable","19":"shipping-taxable","20":"purchasable","21":"product-type-simple"},"_links":{"self":[{"href":"https:\/\/stylingagenten.com\/sv\/wp-json\/wp\/v2\/product\/22656","targetHints":{"allow":["GET"]}}],"collection":[{"href":"https:\/\/stylingagenten.com\/sv\/wp-json\/wp\/v2\/product"}],"about":[{"href":"https:\/\/stylingagenten.com\/sv\/wp-json\/wp\/v2\/types\/product"}],"replies":[{"embeddable":true,"href":"https:\/\/stylingagenten.com\/sv\/wp-json\/wp\/v2\/comments?post=22656"}],"version-history":[{"count":0,"href":"https:\/\/stylingagenten.com\/sv\/wp-json\/wp\/v2\/product\/22656\/revisions"}],"wp:featuredmedia":[{"embeddable":true,"href":"https:\/\/stylingagenten.com\/sv\/wp-json\/wp\/v2\/media\/22649"}],"wp:attachment":[{"href":"https:\/\/stylingagenten.com\/sv\/wp-json\/wp\/v2\/media?parent=22656"}],"wp:term":[{"taxonomy":"product_brand","embeddable":true,"href":"https:\/\/stylingagenten.com\/sv\/wp-json\/wp\/v2\/product_brand?post=22656"},{"taxonomy":"product_cat","embeddable":true,"href":"https:\/\/stylingagenten.com\/sv\/wp-json\/wp\/v2\/product_cat?post=22656"},{"taxonomy":"product_tag","embeddable":true,"href":"https:\/\/stylingagenten.com\/sv\/wp-json\/wp\/v2\/product_tag?post=22656"},{"taxonomy":"berocket_brand","embeddable":true,"href":"https:\/\/stylingagenten.com\/sv\/wp-json\/wp\/v2\/berocket_brand?post=22656"}],"curies":[{"name":"wp","href":"https:\/\/api.w.org\/{rel}","templated":true}]}}