{"id":22620,"date":"2025-01-27T12:17:17","date_gmt":"2025-01-27T12:17:17","guid":{"rendered":"https:\/\/staging2.stylingagenten.com\/sv\/produkt\/aquolina-pink-sugar-berry-blast-edt-100ml\/"},"modified":"2026-03-17T21:47:28","modified_gmt":"2026-03-17T21:47:28","slug":"aquolina-pink-sugar-berry-blast-edt-100ml","status":"publish","type":"product","link":"https:\/\/stylingagenten.com\/sv\/produkt\/aquolina-pink-sugar-berry-blast-edt-100ml\/","title":{"rendered":"Aquolina Pink Sugar Berry Blast Edt 100ml"},"content":{"rendered":"<p>Pink Sugar Berry Blast av Aquolina \u00e4r en blommig fruktig gourmanddoft f\u00f6r kvinnor.<br \/>Toppnoter: Bl\u00e5b\u00e4r, bj\u00f6rnb\u00e4r, apelsin och bergamott<br \/>Hj\u00e4rtnoter: Sockervadd, k\u00f6rsb\u00e4r, vildsmultron och kork<br \/>Basnoter: Karamell, vanilj, tonkab\u00f6na, cedertr\u00e4 och mossa<\/p>\n","protected":false},"excerpt":{"rendered":"<p>Pink Sugar Berry Blast av Aquolina \u00e4r en blommig fruktig gourmanddoft f\u00f6r kvinnor.Toppnoter: Bl\u00e5b\u00e4r, bj\u00f6rnb\u00e4r, apelsin och bergamottHj\u00e4rtnoter: Sockervadd, k\u00f6rsb\u00e4r, vildsmultron och korkBasnoter: Karamell, vanilj, tonkab\u00f6na, cedertr\u00e4 och mossa<\/p>\n","protected":false},"featured_media":22619,"comment_status":"open","ping_status":"closed","template":"","meta":{"_trash_the_other_posts":false},"product_brand":[],"product_cat":[707,735,999],"product_tag":[],"berocket_brand":[1061],"class_list":{"0":"post-22620","1":"product","2":"type-product","3":"status-publish","4":"has-post-thumbnail","6":"product_cat-eau-de-toilette-dam","7":"product_cat-kampanj","8":"product_cat-kampanj-for-henne","9":"pa_brand-aquolina","10":"berocket_brand-aquolina","12":"first","13":"instock","14":"sale","15":"taxable","16":"shipping-taxable","17":"purchasable","18":"product-type-simple"},"_links":{"self":[{"href":"https:\/\/stylingagenten.com\/sv\/wp-json\/wp\/v2\/product\/22620","targetHints":{"allow":["GET"]}}],"collection":[{"href":"https:\/\/stylingagenten.com\/sv\/wp-json\/wp\/v2\/product"}],"about":[{"href":"https:\/\/stylingagenten.com\/sv\/wp-json\/wp\/v2\/types\/product"}],"replies":[{"embeddable":true,"href":"https:\/\/stylingagenten.com\/sv\/wp-json\/wp\/v2\/comments?post=22620"}],"version-history":[{"count":0,"href":"https:\/\/stylingagenten.com\/sv\/wp-json\/wp\/v2\/product\/22620\/revisions"}],"wp:featuredmedia":[{"embeddable":true,"href":"https:\/\/stylingagenten.com\/sv\/wp-json\/wp\/v2\/media\/22619"}],"wp:attachment":[{"href":"https:\/\/stylingagenten.com\/sv\/wp-json\/wp\/v2\/media?parent=22620"}],"wp:term":[{"taxonomy":"product_brand","embeddable":true,"href":"https:\/\/stylingagenten.com\/sv\/wp-json\/wp\/v2\/product_brand?post=22620"},{"taxonomy":"product_cat","embeddable":true,"href":"https:\/\/stylingagenten.com\/sv\/wp-json\/wp\/v2\/product_cat?post=22620"},{"taxonomy":"product_tag","embeddable":true,"href":"https:\/\/stylingagenten.com\/sv\/wp-json\/wp\/v2\/product_tag?post=22620"},{"taxonomy":"berocket_brand","embeddable":true,"href":"https:\/\/stylingagenten.com\/sv\/wp-json\/wp\/v2\/berocket_brand?post=22620"}],"curies":[{"name":"wp","href":"https:\/\/api.w.org\/{rel}","templated":true}]}}