{"id":22174,"date":"2025-01-27T12:15:50","date_gmt":"2025-01-27T12:15:50","guid":{"rendered":"https:\/\/staging2.stylingagenten.com\/sv\/produkt\/maybelline-bold-holiday-gift-box\/"},"modified":"2025-12-18T21:28:56","modified_gmt":"2025-12-18T21:28:56","slug":"maybelline-bold-holiday-gift-box","status":"publish","type":"product","link":"https:\/\/stylingagenten.com\/sv\/produkt\/maybelline-bold-holiday-gift-box\/","title":{"rendered":"Maybelline Bold Holiday Gift Box"},"content":{"rendered":"<p>F\u00e5 en fin festlook! Boxen inneh\u00e5ller Colossal Curl Bounce mascara (black) f\u00f6r massor med volym och vackert b\u00f6jda fransar. Inneh\u00e5ller \u00e4ven Tattoo Brow Lift Stick (clear) s\u00e5 att du kan skapa en lyft brynlook i tv\u00e5 enkla steg.<\/p>\n","protected":false},"excerpt":{"rendered":"<p>F\u00e5 en fin festlook! Boxen inneh\u00e5ller Colossal Curl Bounce mascara (black) f\u00f6r massor med volym och vackert b\u00f6jda fransar. Inneh\u00e5ller \u00e4ven Tattoo Brow Lift Stick (clear) s\u00e5 att du kan skapa en lyft brynlook i tv\u00e5 enkla steg.<\/p>\n","protected":false},"featured_media":22171,"comment_status":"open","ping_status":"closed","template":"","meta":{"_trash_the_other_posts":false},"product_brand":[],"product_cat":[664,637],"product_tag":[],"berocket_brand":[1016],"class_list":{"0":"post-22174","1":"product","2":"type-product","3":"status-publish","4":"has-post-thumbnail","6":"product_cat-giftset-smink","7":"product_cat-smink","8":"pa_brand-maybelline","9":"berocket_brand-maybelline","11":"first","12":"instock","13":"sale","14":"taxable","15":"shipping-taxable","16":"purchasable","17":"product-type-simple"},"_links":{"self":[{"href":"https:\/\/stylingagenten.com\/sv\/wp-json\/wp\/v2\/product\/22174","targetHints":{"allow":["GET"]}}],"collection":[{"href":"https:\/\/stylingagenten.com\/sv\/wp-json\/wp\/v2\/product"}],"about":[{"href":"https:\/\/stylingagenten.com\/sv\/wp-json\/wp\/v2\/types\/product"}],"replies":[{"embeddable":true,"href":"https:\/\/stylingagenten.com\/sv\/wp-json\/wp\/v2\/comments?post=22174"}],"version-history":[{"count":0,"href":"https:\/\/stylingagenten.com\/sv\/wp-json\/wp\/v2\/product\/22174\/revisions"}],"wp:featuredmedia":[{"embeddable":true,"href":"https:\/\/stylingagenten.com\/sv\/wp-json\/wp\/v2\/media\/22171"}],"wp:attachment":[{"href":"https:\/\/stylingagenten.com\/sv\/wp-json\/wp\/v2\/media?parent=22174"}],"wp:term":[{"taxonomy":"product_brand","embeddable":true,"href":"https:\/\/stylingagenten.com\/sv\/wp-json\/wp\/v2\/product_brand?post=22174"},{"taxonomy":"product_cat","embeddable":true,"href":"https:\/\/stylingagenten.com\/sv\/wp-json\/wp\/v2\/product_cat?post=22174"},{"taxonomy":"product_tag","embeddable":true,"href":"https:\/\/stylingagenten.com\/sv\/wp-json\/wp\/v2\/product_tag?post=22174"},{"taxonomy":"berocket_brand","embeddable":true,"href":"https:\/\/stylingagenten.com\/sv\/wp-json\/wp\/v2\/berocket_brand?post=22174"}],"curies":[{"name":"wp","href":"https:\/\/api.w.org\/{rel}","templated":true}]}}