{"id":22166,"date":"2025-01-27T12:15:48","date_gmt":"2025-01-27T12:15:48","guid":{"rendered":"https:\/\/staging2.stylingagenten.com\/sv\/produkt\/acqua-di-parma-colonia-essenza-edc-20ml\/"},"modified":"2025-11-18T15:30:17","modified_gmt":"2025-11-18T15:30:17","slug":"acqua-di-parma-colonia-essenza-edc-20ml","status":"publish","type":"product","link":"https:\/\/stylingagenten.com\/sv\/produkt\/acqua-di-parma-colonia-essenza-edc-20ml\/","title":{"rendered":"Acqua di Parma Colonia Essenza Edc 20ml"},"content":{"rendered":"<p>Colonia Essenza \u00e4r en modern klassiker &#8211; en doft som f\u00f6rkroppsligar den traditionella Colonia, men som representerar n\u00e5got nytt och unikt. De mest v\u00e4rdefulla, naturliga ingredienserna har f\u00f6renats i en citrus-doftande, tr\u00e4ig blandning. Fr\u00e4sch\u00f6ren av italienska citrusfrukter har blivit \u00e4nnu mer tydlig i kombination med grapefrukt, mandarin och pomerans. Den vibrerande, tr\u00e4iga basen av patchouli l\u00e4ttas upp av mjuka inslag av vit mysk och varm amber.<\/p>\n","protected":false},"excerpt":{"rendered":"<p>Colonia Essenza \u00e4r en modern klassiker &#8211; en doft som f\u00f6rkroppsligar den traditionella Colonia, men som representerar n\u00e5got nytt och unikt. De mest v\u00e4rdefulla, naturliga ingredienserna har f\u00f6renats i en citrus-doftande, tr\u00e4ig blandning. Fr\u00e4sch\u00f6ren av italienska citrusfrukter har blivit \u00e4nnu mer tydlig i kombination med grapefrukt, mandarin och pomerans. Den vibrerande, tr\u00e4iga basen av patchouli [&hellip;]<\/p>\n","protected":false},"featured_media":22159,"comment_status":"open","ping_status":"closed","template":"","meta":{"_trash_the_other_posts":false},"product_brand":[],"product_cat":[710],"product_tag":[2331],"berocket_brand":[1161],"class_list":{"0":"post-22166","1":"product","2":"type-product","3":"status-publish","4":"has-post-thumbnail","6":"product_cat-eau-de-cologne-herr","7":"product_tag-acqua-di-parma-colonia-essenza-edc","8":"pa_brand-acqua-di-parma","9":"pa_variant-20ml","10":"berocket_brand-acqua-di-parma","12":"first","13":"outofstock","14":"sale","15":"taxable","16":"shipping-taxable","17":"purchasable","18":"product-type-simple"},"_links":{"self":[{"href":"https:\/\/stylingagenten.com\/sv\/wp-json\/wp\/v2\/product\/22166","targetHints":{"allow":["GET"]}}],"collection":[{"href":"https:\/\/stylingagenten.com\/sv\/wp-json\/wp\/v2\/product"}],"about":[{"href":"https:\/\/stylingagenten.com\/sv\/wp-json\/wp\/v2\/types\/product"}],"replies":[{"embeddable":true,"href":"https:\/\/stylingagenten.com\/sv\/wp-json\/wp\/v2\/comments?post=22166"}],"version-history":[{"count":0,"href":"https:\/\/stylingagenten.com\/sv\/wp-json\/wp\/v2\/product\/22166\/revisions"}],"wp:featuredmedia":[{"embeddable":true,"href":"https:\/\/stylingagenten.com\/sv\/wp-json\/wp\/v2\/media\/22159"}],"wp:attachment":[{"href":"https:\/\/stylingagenten.com\/sv\/wp-json\/wp\/v2\/media?parent=22166"}],"wp:term":[{"taxonomy":"product_brand","embeddable":true,"href":"https:\/\/stylingagenten.com\/sv\/wp-json\/wp\/v2\/product_brand?post=22166"},{"taxonomy":"product_cat","embeddable":true,"href":"https:\/\/stylingagenten.com\/sv\/wp-json\/wp\/v2\/product_cat?post=22166"},{"taxonomy":"product_tag","embeddable":true,"href":"https:\/\/stylingagenten.com\/sv\/wp-json\/wp\/v2\/product_tag?post=22166"},{"taxonomy":"berocket_brand","embeddable":true,"href":"https:\/\/stylingagenten.com\/sv\/wp-json\/wp\/v2\/berocket_brand?post=22166"}],"curies":[{"name":"wp","href":"https:\/\/api.w.org\/{rel}","templated":true}]}}