{"id":22161,"date":"2025-01-27T12:15:47","date_gmt":"2025-01-27T12:15:47","guid":{"rendered":"https:\/\/staging2.stylingagenten.com\/sv\/produkt\/acqua-di-parma-blu-mediterraneo-mirto-di-panarea-roll-on-edt-10ml\/"},"modified":"2026-04-11T11:08:44","modified_gmt":"2026-04-11T11:08:44","slug":"acqua-di-parma-blu-mediterraneo-mirto-di-panarea-roll-on-edt-10ml","status":"publish","type":"product","link":"https:\/\/stylingagenten.com\/sv\/produkt\/acqua-di-parma-blu-mediterraneo-mirto-di-panarea-roll-on-edt-10ml\/","title":{"rendered":"Acqua di Parma Blu Mediterraneo Mirto di Panarea Roll On Edt 10ml"},"content":{"rendered":"<p>Blu Mediterraneo Mirto Di Panarea fr\u00e5n Acqua di Parma sveper en frisk Medelhavsbris \u00f6ver din hud med fr\u00e4scha och uppfriskande noter av citron, myrten och basilika citrusfrukter. En energifylld och svalkande doft som f\u00f6r tankarna till svala sommarn\u00e4tter och nostalgisk romantik.  Doftfamilj: Aromatisk\/Tr\u00e4 Toppnoter: Myrten, Basilika och Citron Hj\u00e4rtnoter: Akvatiska noter, Rosor och Jasmin Basnoter: B\u00e4rnsten, Cedertr\u00e4 och Enb\u00e4r<\/p>\n","protected":false},"excerpt":{"rendered":"<p>Blu Mediterraneo Mirto Di Panarea fr\u00e5n Acqua di Parma sveper en frisk Medelhavsbris \u00f6ver din hud med fr\u00e4scha och uppfriskande noter av citron, myrten och basilika citrusfrukter. En energifylld och svalkande doft som f\u00f6r tankarna till svala sommarn\u00e4tter och nostalgisk romantik. Doftfamilj: Aromatisk\/Tr\u00e4 Toppnoter: Myrten, Basilika och Citron Hj\u00e4rtnoter: Akvatiska noter, Rosor och Jasmin Basnoter: [&hellip;]<\/p>\n","protected":false},"featured_media":22154,"comment_status":"open","ping_status":"closed","template":"","meta":{"_trash_the_other_posts":false},"product_brand":[],"product_cat":[730,735,1000,1006],"product_tag":[],"berocket_brand":[1161],"class_list":{"0":"post-22161","1":"product","2":"type-product","3":"status-publish","4":"has-post-thumbnail","6":"product_cat-eau-de-toilette-unisex","7":"product_cat-kampanj","8":"product_cat-kampanj-for-honom","9":"product_cat-kampanjpris","10":"pa_brand-acqua-di-parma","11":"berocket_brand-acqua-di-parma","13":"first","14":"instock","15":"sale","16":"taxable","17":"shipping-taxable","18":"purchasable","19":"product-type-simple"},"_links":{"self":[{"href":"https:\/\/stylingagenten.com\/sv\/wp-json\/wp\/v2\/product\/22161","targetHints":{"allow":["GET"]}}],"collection":[{"href":"https:\/\/stylingagenten.com\/sv\/wp-json\/wp\/v2\/product"}],"about":[{"href":"https:\/\/stylingagenten.com\/sv\/wp-json\/wp\/v2\/types\/product"}],"replies":[{"embeddable":true,"href":"https:\/\/stylingagenten.com\/sv\/wp-json\/wp\/v2\/comments?post=22161"}],"version-history":[{"count":0,"href":"https:\/\/stylingagenten.com\/sv\/wp-json\/wp\/v2\/product\/22161\/revisions"}],"wp:featuredmedia":[{"embeddable":true,"href":"https:\/\/stylingagenten.com\/sv\/wp-json\/wp\/v2\/media\/22154"}],"wp:attachment":[{"href":"https:\/\/stylingagenten.com\/sv\/wp-json\/wp\/v2\/media?parent=22161"}],"wp:term":[{"taxonomy":"product_brand","embeddable":true,"href":"https:\/\/stylingagenten.com\/sv\/wp-json\/wp\/v2\/product_brand?post=22161"},{"taxonomy":"product_cat","embeddable":true,"href":"https:\/\/stylingagenten.com\/sv\/wp-json\/wp\/v2\/product_cat?post=22161"},{"taxonomy":"product_tag","embeddable":true,"href":"https:\/\/stylingagenten.com\/sv\/wp-json\/wp\/v2\/product_tag?post=22161"},{"taxonomy":"berocket_brand","embeddable":true,"href":"https:\/\/stylingagenten.com\/sv\/wp-json\/wp\/v2\/berocket_brand?post=22161"}],"curies":[{"name":"wp","href":"https:\/\/api.w.org\/{rel}","templated":true}]}}